{"id":2073,"date":"2021-02-20T12:44:11","date_gmt":"2021-02-20T12:44:11","guid":{"rendered":"http:\/\/banionis.lt\/?page_id=2073"},"modified":"2021-02-20T12:49:14","modified_gmt":"2021-02-20T12:49:14","slug":"venus-hostage","status":"publish","type":"page","link":"https:\/\/banionis.lt\/index.php\/language\/en\/venus-hostage\/","title":{"rendered":"Venus Hostage"},"content":{"rendered":"\t\t<div data-elementor-type=\"wp-page\" data-elementor-id=\"2073\" class=\"elementor elementor-2073\" data-elementor-settings=\"[]\">\n\t\t\t\t\t\t\t<div class=\"elementor-section-wrap\">\n\t\t\t\t\t\t\t<section class=\"elementor-section elementor-top-section elementor-element elementor-element-268097b elementor-section-full_width elementor-section-height-default elementor-section-height-default\" data-id=\"268097b\" data-element_type=\"section\">\n\t\t\t\t\t\t<div class=\"elementor-container elementor-column-gap-wide\">\n\t\t\t\t\t<div class=\"elementor-column elementor-col-100 elementor-top-column elementor-element elementor-element-762684e\" data-id=\"762684e\" data-element_type=\"column\">\n\t\t\t<div class=\"elementor-widget-wrap elementor-element-populated\">\n\t\t\t\t\t\t\t\t<div class=\"elementor-element elementor-element-27a0b8e elementor-widget elementor-widget-spacer\" data-id=\"27a0b8e\" data-element_type=\"widget\" data-widget_type=\"spacer.default\">\n\t\t\t\t<div class=\"elementor-widget-container\">\n\t\t\t\t\t<div class=\"elementor-spacer\">\n\t\t\t<div class=\"elementor-spacer-inner\"><\/div>\n\t\t<\/div>\n\t\t\t\t<\/div>\n\t\t\t\t<\/div>\n\t\t\t\t<div class=\"elementor-element elementor-element-405ec02 elementor-widget elementor-widget-heading\" data-id=\"405ec02\" data-element_type=\"widget\" data-widget_type=\"heading.default\">\n\t\t\t\t<div class=\"elementor-widget-container\">\n\t\t\t<h1 class=\"elementor-heading-title elementor-size-default\"><i>Venus Hostage<\/i><\/h1>\t\t<\/div>\n\t\t\t\t<\/div>\n\t\t\t\t<div class=\"elementor-element elementor-element-280f8c9 elementor-widget elementor-widget-spacer\" data-id=\"280f8c9\" data-element_type=\"widget\" data-widget_type=\"spacer.default\">\n\t\t\t\t<div class=\"elementor-widget-container\">\n\t\t\t\t\t<div class=\"elementor-spacer\">\n\t\t\t<div class=\"elementor-spacer-inner\"><\/div>\n\t\t<\/div>\n\t\t\t\t<\/div>\n\t\t\t\t<\/div>\n\t\t\t\t<div class=\"elementor-element elementor-element-9d737de elementor-arrows-position-outside elementor-widget elementor-widget-image-carousel\" data-id=\"9d737de\" data-element_type=\"widget\" data-settings=\"{&quot;slides_to_show&quot;:&quot;2&quot;,&quot;slides_to_scroll&quot;:&quot;1&quot;,&quot;navigation&quot;:&quot;arrows&quot;,&quot;autoplay&quot;:&quot;yes&quot;,&quot;pause_on_hover&quot;:&quot;yes&quot;,&quot;pause_on_interaction&quot;:&quot;yes&quot;,&quot;autoplay_speed&quot;:5000,&quot;infinite&quot;:&quot;yes&quot;,&quot;speed&quot;:500}\" data-widget_type=\"image-carousel.default\">\n\t\t\t\t<div class=\"elementor-widget-container\">\n\t\t\t\t\t<div class=\"elementor-image-carousel-wrapper swiper-container\" dir=\"ltr\">\n\t\t\t<div class=\"elementor-image-carousel swiper-wrapper\">\n\t\t\t\t<div class=\"swiper-slide\"><a data-elementor-open-lightbox=\"yes\" data-elementor-lightbox-slideshow=\"9d737de\" data-elementor-lightbox-title=\"Veneros_ikaitai_1_lg\" href=\"https:\/\/banionis.lt\/wp-content\/uploads\/2021\/02\/Veneros_ikaitai_1_lg-1.jpg\"><figure class=\"swiper-slide-inner\"><img class=\"swiper-slide-image\" src=\"https:\/\/banionis.lt\/wp-content\/uploads\/2021\/02\/Veneros_ikaitai_1_lg-1-768x512.jpg\" alt=\"Veneros_ikaitai_1_lg\" \/><\/figure><\/a><\/div><div class=\"swiper-slide\"><a data-elementor-open-lightbox=\"yes\" data-elementor-lightbox-slideshow=\"9d737de\" data-elementor-lightbox-title=\"Veneros_ikaitai_2_lg\" href=\"https:\/\/banionis.lt\/wp-content\/uploads\/2021\/02\/Veneros_ikaitai_2_lg.jpg\"><figure class=\"swiper-slide-inner\"><img class=\"swiper-slide-image\" src=\"https:\/\/banionis.lt\/wp-content\/uploads\/2021\/02\/Veneros_ikaitai_2_lg-768x512.jpg\" alt=\"Veneros_ikaitai_2_lg\" \/><\/figure><\/a><\/div><div class=\"swiper-slide\"><a data-elementor-open-lightbox=\"yes\" data-elementor-lightbox-slideshow=\"9d737de\" data-elementor-lightbox-title=\"Veneros_ikaitai_3_lg\" href=\"https:\/\/banionis.lt\/wp-content\/uploads\/2021\/02\/Veneros_ikaitai_3_lg.jpg\"><figure class=\"swiper-slide-inner\"><img class=\"swiper-slide-image\" src=\"https:\/\/banionis.lt\/wp-content\/uploads\/2021\/02\/Veneros_ikaitai_3_lg-768x512.jpg\" alt=\"Veneros_ikaitai_3_lg\" \/><\/figure><\/a><\/div><div class=\"swiper-slide\"><a data-elementor-open-lightbox=\"yes\" data-elementor-lightbox-slideshow=\"9d737de\" data-elementor-lightbox-title=\"Veneros_ikaitai_4_lg\" href=\"https:\/\/banionis.lt\/wp-content\/uploads\/2021\/02\/Veneros_ikaitai_4_lg.jpg\"><figure class=\"swiper-slide-inner\"><img class=\"swiper-slide-image\" src=\"https:\/\/banionis.lt\/wp-content\/uploads\/2021\/02\/Veneros_ikaitai_4_lg-768x512.jpg\" alt=\"Veneros_ikaitai_4_lg\" \/><\/figure><\/a><\/div><div class=\"swiper-slide\"><a data-elementor-open-lightbox=\"yes\" data-elementor-lightbox-slideshow=\"9d737de\" data-elementor-lightbox-title=\"Veneros_ikaitai_5_lg\" href=\"https:\/\/banionis.lt\/wp-content\/uploads\/2021\/02\/Veneros_ikaitai_5_lg.jpg\"><figure class=\"swiper-slide-inner\"><img class=\"swiper-slide-image\" src=\"https:\/\/banionis.lt\/wp-content\/uploads\/2021\/02\/Veneros_ikaitai_5_lg-768x512.jpg\" alt=\"Veneros_ikaitai_5_lg\" \/><\/figure><\/a><\/div><div class=\"swiper-slide\"><a data-elementor-open-lightbox=\"yes\" data-elementor-lightbox-slideshow=\"9d737de\" data-elementor-lightbox-title=\"Veneros_ikaitai_6_lg\" href=\"https:\/\/banionis.lt\/wp-content\/uploads\/2021\/02\/Veneros_ikaitai_6_lg.jpg\"><figure class=\"swiper-slide-inner\"><img class=\"swiper-slide-image\" src=\"https:\/\/banionis.lt\/wp-content\/uploads\/2021\/02\/Veneros_ikaitai_6_lg-768x512.jpg\" alt=\"Veneros_ikaitai_6_lg\" \/><\/figure><\/a><\/div><div class=\"swiper-slide\"><a data-elementor-open-lightbox=\"yes\" data-elementor-lightbox-slideshow=\"9d737de\" data-elementor-lightbox-title=\"Veneros_ikaitai_7_lg\" href=\"https:\/\/banionis.lt\/wp-content\/uploads\/2021\/02\/Veneros_ikaitai_7_lg.jpg\"><figure class=\"swiper-slide-inner\"><img class=\"swiper-slide-image\" src=\"https:\/\/banionis.lt\/wp-content\/uploads\/2021\/02\/Veneros_ikaitai_7_lg-768x512.jpg\" alt=\"Veneros_ikaitai_7_lg\" \/><\/figure><\/a><\/div><div class=\"swiper-slide\"><a data-elementor-open-lightbox=\"yes\" data-elementor-lightbox-slideshow=\"9d737de\" data-elementor-lightbox-title=\"Veneros_ikaitai_8_lg\" href=\"https:\/\/banionis.lt\/wp-content\/uploads\/2021\/02\/Veneros_ikaitai_8_lg.jpg\"><figure class=\"swiper-slide-inner\"><img class=\"swiper-slide-image\" src=\"https:\/\/banionis.lt\/wp-content\/uploads\/2021\/02\/Veneros_ikaitai_8_lg-768x512.jpg\" alt=\"Veneros_ikaitai_8_lg\" \/><\/figure><\/a><\/div><div class=\"swiper-slide\"><a data-elementor-open-lightbox=\"yes\" data-elementor-lightbox-slideshow=\"9d737de\" data-elementor-lightbox-title=\"Veneros_ikaitai_9_lg\" href=\"https:\/\/banionis.lt\/wp-content\/uploads\/2021\/02\/Veneros_ikaitai_9_lg.jpg\"><figure class=\"swiper-slide-inner\"><img class=\"swiper-slide-image\" src=\"https:\/\/banionis.lt\/wp-content\/uploads\/2021\/02\/Veneros_ikaitai_9_lg-768x512.jpg\" alt=\"Veneros_ikaitai_9_lg\" \/><\/figure><\/a><\/div><div class=\"swiper-slide\"><a data-elementor-open-lightbox=\"yes\" data-elementor-lightbox-slideshow=\"9d737de\" data-elementor-lightbox-title=\"Veneros_ikaitai_10_lg\" href=\"https:\/\/banionis.lt\/wp-content\/uploads\/2021\/02\/Veneros_ikaitai_10_lg.jpg\"><figure class=\"swiper-slide-inner\"><img class=\"swiper-slide-image\" src=\"https:\/\/banionis.lt\/wp-content\/uploads\/2021\/02\/Veneros_ikaitai_10_lg-768x512.jpg\" alt=\"Veneros_ikaitai_10_lg\" \/><\/figure><\/a><\/div>\t\t\t<\/div>\n\t\t\t\t\t\t\t\t\t\t\t\t\t\t\t\t<div class=\"elementor-swiper-button elementor-swiper-button-prev\">\n\t\t\t\t\t\t<i class=\"eicon-chevron-left\" aria-hidden=\"true\"><\/i>\n\t\t\t\t\t\t<span class=\"elementor-screen-only\">Previous<\/span>\n\t\t\t\t\t<\/div>\n\t\t\t\t\t<div class=\"elementor-swiper-button elementor-swiper-button-next\">\n\t\t\t\t\t\t<i class=\"eicon-chevron-right\" aria-hidden=\"true\"><\/i>\n\t\t\t\t\t\t<span class=\"elementor-screen-only\">Next<\/span>\n\t\t\t\t\t<\/div>\n\t\t\t\t\t\t\t\t\t<\/div>\n\t\t\t\t<\/div>\n\t\t\t\t<\/div>\n\t\t\t\t\t<\/div>\n\t\t<\/div>\n\t\t\t\t\t\t\t<\/div>\n\t\t<\/section>\n\t\t\t\t<section class=\"elementor-section elementor-top-section elementor-element elementor-element-39f59ef elementor-section-boxed elementor-section-height-default elementor-section-height-default\" data-id=\"39f59ef\" data-element_type=\"section\">\n\t\t\t\t\t\t<div class=\"elementor-container elementor-column-gap-default\">\n\t\t\t\t\t<div class=\"elementor-column elementor-col-100 elementor-top-column elementor-element elementor-element-797022e\" data-id=\"797022e\" data-element_type=\"column\">\n\t\t\t<div class=\"elementor-widget-wrap elementor-element-populated\">\n\t\t\t\t\t\t\t\t<div class=\"elementor-element elementor-element-02dd328 elementor-widget elementor-widget-heading\" data-id=\"02dd328\" data-element_type=\"widget\" data-widget_type=\"heading.default\">\n\t\t\t\t<div class=\"elementor-widget-container\">\n\t\t\t<h3 class=\"elementor-heading-title elementor-size-medium\">The performance of \"Venus Hostage\u201d by\u00a0Charles Mori's\u00a0play \"Third Sky\" premiered on November 5, 2019 at the Vilnius Chamber Theater<br>\n<br>\n<u>Starring:<\/u><br>\nAlbinas Keleris, \u017dana Gudaitien\u0117, Inga Ma\u0161karina, Paulius Valaskevi\u010dius, Marta Lip\u010dien\u0117<br>\n<br><\/h3>\t\t<\/div>\n\t\t\t\t<\/div>\n\t\t\t\t<div class=\"elementor-element elementor-element-234a96b elementor-widget elementor-widget-spacer\" data-id=\"234a96b\" data-element_type=\"widget\" data-widget_type=\"spacer.default\">\n\t\t\t\t<div class=\"elementor-widget-container\">\n\t\t\t\t\t<div class=\"elementor-spacer\">\n\t\t\t<div class=\"elementor-spacer-inner\"><\/div>\n\t\t<\/div>\n\t\t\t\t<\/div>\n\t\t\t\t<\/div>\n\t\t\t\t\t<\/div>\n\t\t<\/div>\n\t\t\t\t\t\t\t<\/div>\n\t\t<\/section>\n\t\t\t\t\t\t<\/div>\n\t\t\t\t\t<\/div>\n\t\t","protected":false},"excerpt":{"rendered":"<p>Venus Hostage Previous Next The performance of &#8220;Venus Hostage\u201d by\u00a0Charles Mori&#8217;s\u00a0play &#8220;Third Sky&#8221; premiered on November 5, 2019 at the Vilnius Chamber Theater Starring: Albinas Keleris, \u017dana Gudaitien\u0117, Inga Ma\u0161karina, Paulius Valaskevi\u010dius, Marta Lip\u010dien\u0117<\/p>\n","protected":false},"author":1,"featured_media":0,"parent":0,"menu_order":0,"comment_status":"closed","ping_status":"closed","template":"elementor_header_footer","meta":[],"yoast_head":"<!-- This site is optimized with the Yoast SEO plugin v15.9 - https:\/\/yoast.com\/wordpress\/plugins\/seo\/ -->\n<title>Venus Hostage | Raimundas Banionis<\/title>\n<meta name=\"robots\" content=\"index, follow, max-snippet:-1, max-image-preview:large, max-video-preview:-1\" \/>\n<link rel=\"canonical\" href=\"https:\/\/banionis.lt\/index.php\/language\/en\/venus-hostage\/\" \/>\n<meta property=\"og:locale\" content=\"en_US\" \/>\n<meta property=\"og:type\" content=\"article\" \/>\n<meta property=\"og:title\" content=\"Venus Hostage | Raimundas Banionis\" \/>\n<meta property=\"og:description\" content=\"Venus Hostage Previous Next The performance of &#8220;Venus Hostage\u201d by\u00a0Charles Mori&#8217;s\u00a0play &#8220;Third Sky&#8221; premiered on November 5, 2019 at the Vilnius Chamber Theater Starring: Albinas Keleris, \u017dana Gudaitien\u0117, Inga Ma\u0161karina, Paulius Valaskevi\u010dius, Marta Lip\u010dien\u0117\" \/>\n<meta property=\"og:url\" content=\"https:\/\/banionis.lt\/index.php\/language\/en\/venus-hostage\/\" \/>\n<meta property=\"og:site_name\" content=\"Raimundas Banionis\" \/>\n<meta property=\"article:modified_time\" content=\"2021-02-20T12:49:14+00:00\" \/>\n<meta property=\"og:image\" content=\"http:\/\/banionis.lt\/wp-content\/uploads\/2021\/02\/Veneros_ikaitai_1_lg-1-768x512.jpg\" \/>\n<meta name=\"twitter:card\" content=\"summary_large_image\" \/>\n<script type=\"application\/ld+json\" class=\"yoast-schema-graph\">{\"@context\":\"https:\/\/schema.org\",\"@graph\":[{\"@type\":\"WebSite\",\"@id\":\"http:\/\/banionis.lt\/index.php\/language\/en\/#website\",\"url\":\"http:\/\/banionis.lt\/index.php\/language\/en\/\",\"name\":\"Raimundas Banionis\",\"description\":\"\",\"potentialAction\":[{\"@type\":\"SearchAction\",\"target\":\"http:\/\/banionis.lt\/index.php\/language\/en\/?s={search_term_string}\",\"query-input\":\"required name=search_term_string\"}],\"inLanguage\":\"en-US\"},{\"@type\":\"ImageObject\",\"@id\":\"https:\/\/banionis.lt\/index.php\/language\/en\/venus-hostage\/#primaryimage\",\"inLanguage\":\"en-US\",\"url\":\"http:\/\/banionis.lt\/wp-content\/uploads\/2021\/02\/Veneros_ikaitai_1_lg-1-768x512.jpg\"},{\"@type\":\"WebPage\",\"@id\":\"https:\/\/banionis.lt\/index.php\/language\/en\/venus-hostage\/#webpage\",\"url\":\"https:\/\/banionis.lt\/index.php\/language\/en\/venus-hostage\/\",\"name\":\"Venus Hostage | Raimundas Banionis\",\"isPartOf\":{\"@id\":\"http:\/\/banionis.lt\/index.php\/language\/en\/#website\"},\"primaryImageOfPage\":{\"@id\":\"https:\/\/banionis.lt\/index.php\/language\/en\/venus-hostage\/#primaryimage\"},\"datePublished\":\"2021-02-20T12:44:11+00:00\",\"dateModified\":\"2021-02-20T12:49:14+00:00\",\"breadcrumb\":{\"@id\":\"https:\/\/banionis.lt\/index.php\/language\/en\/venus-hostage\/#breadcrumb\"},\"inLanguage\":\"en-US\",\"potentialAction\":[{\"@type\":\"ReadAction\",\"target\":[\"https:\/\/banionis.lt\/index.php\/language\/en\/venus-hostage\/\"]}]},{\"@type\":\"BreadcrumbList\",\"@id\":\"https:\/\/banionis.lt\/index.php\/language\/en\/venus-hostage\/#breadcrumb\",\"itemListElement\":[{\"@type\":\"ListItem\",\"position\":1,\"item\":{\"@type\":\"WebPage\",\"@id\":\"https:\/\/banionis.lt\/\",\"url\":\"https:\/\/banionis.lt\/\",\"name\":\"Home\"}},{\"@type\":\"ListItem\",\"position\":2,\"item\":{\"@type\":\"WebPage\",\"@id\":\"https:\/\/banionis.lt\/index.php\/language\/en\/venus-hostage\/\",\"url\":\"https:\/\/banionis.lt\/index.php\/language\/en\/venus-hostage\/\",\"name\":\"Venus Hostage\"}}]}]}<\/script>\n<!-- \/ Yoast SEO plugin. -->","_links":{"self":[{"href":"https:\/\/banionis.lt\/index.php\/wp-json\/wp\/v2\/pages\/2073"}],"collection":[{"href":"https:\/\/banionis.lt\/index.php\/wp-json\/wp\/v2\/pages"}],"about":[{"href":"https:\/\/banionis.lt\/index.php\/wp-json\/wp\/v2\/types\/page"}],"author":[{"embeddable":true,"href":"https:\/\/banionis.lt\/index.php\/wp-json\/wp\/v2\/users\/1"}],"replies":[{"embeddable":true,"href":"https:\/\/banionis.lt\/index.php\/wp-json\/wp\/v2\/comments?post=2073"}],"version-history":[{"count":4,"href":"https:\/\/banionis.lt\/index.php\/wp-json\/wp\/v2\/pages\/2073\/revisions"}],"predecessor-version":[{"id":2077,"href":"https:\/\/banionis.lt\/index.php\/wp-json\/wp\/v2\/pages\/2073\/revisions\/2077"}],"wp:attachment":[{"href":"https:\/\/banionis.lt\/index.php\/wp-json\/wp\/v2\/media?parent=2073"}],"curies":[{"name":"wp","href":"https:\/\/api.w.org\/{rel}","templated":true}]}}