{"id":2065,"date":"2021-02-20T12:44:11","date_gmt":"2021-02-20T12:44:11","guid":{"rendered":"http:\/\/banionis.lt\/?page_id=2065"},"modified":"2021-02-20T12:44:43","modified_gmt":"2021-02-20T12:44:43","slug":"veneros-ikaitai","status":"publish","type":"page","link":"https:\/\/banionis.lt\/index.php\/veneros-ikaitai\/","title":{"rendered":"\u201eVeneros \u012fkaitai\u201d"},"content":{"rendered":"\t\t<div data-elementor-type=\"wp-page\" data-elementor-id=\"2065\" class=\"elementor elementor-2065\" data-elementor-settings=\"[]\">\n\t\t\t\t\t\t\t<div class=\"elementor-section-wrap\">\n\t\t\t\t\t\t\t<section class=\"elementor-section elementor-top-section elementor-element elementor-element-268097b elementor-section-full_width elementor-section-height-default elementor-section-height-default\" data-id=\"268097b\" data-element_type=\"section\">\n\t\t\t\t\t\t<div class=\"elementor-container elementor-column-gap-wide\">\n\t\t\t\t\t<div class=\"elementor-column elementor-col-100 elementor-top-column elementor-element elementor-element-762684e\" data-id=\"762684e\" data-element_type=\"column\">\n\t\t\t<div class=\"elementor-widget-wrap elementor-element-populated\">\n\t\t\t\t\t\t\t\t<div class=\"elementor-element elementor-element-27a0b8e elementor-widget elementor-widget-spacer\" data-id=\"27a0b8e\" data-element_type=\"widget\" data-widget_type=\"spacer.default\">\n\t\t\t\t<div class=\"elementor-widget-container\">\n\t\t\t\t\t<div class=\"elementor-spacer\">\n\t\t\t<div class=\"elementor-spacer-inner\"><\/div>\n\t\t<\/div>\n\t\t\t\t<\/div>\n\t\t\t\t<\/div>\n\t\t\t\t<div class=\"elementor-element elementor-element-405ec02 elementor-widget elementor-widget-heading\" data-id=\"405ec02\" data-element_type=\"widget\" data-widget_type=\"heading.default\">\n\t\t\t\t<div class=\"elementor-widget-container\">\n\t\t\t<h1 class=\"elementor-heading-title elementor-size-default\">\u201eVeneros \u012fkaitai\u201d <\/h1>\t\t<\/div>\n\t\t\t\t<\/div>\n\t\t\t\t<div class=\"elementor-element elementor-element-280f8c9 elementor-widget elementor-widget-spacer\" data-id=\"280f8c9\" data-element_type=\"widget\" data-widget_type=\"spacer.default\">\n\t\t\t\t<div class=\"elementor-widget-container\">\n\t\t\t\t\t<div class=\"elementor-spacer\">\n\t\t\t<div class=\"elementor-spacer-inner\"><\/div>\n\t\t<\/div>\n\t\t\t\t<\/div>\n\t\t\t\t<\/div>\n\t\t\t\t<div class=\"elementor-element elementor-element-9d737de elementor-arrows-position-outside elementor-widget elementor-widget-image-carousel\" data-id=\"9d737de\" data-element_type=\"widget\" data-settings=\"{&quot;slides_to_show&quot;:&quot;2&quot;,&quot;slides_to_scroll&quot;:&quot;1&quot;,&quot;navigation&quot;:&quot;arrows&quot;,&quot;autoplay&quot;:&quot;yes&quot;,&quot;pause_on_hover&quot;:&quot;yes&quot;,&quot;pause_on_interaction&quot;:&quot;yes&quot;,&quot;autoplay_speed&quot;:5000,&quot;infinite&quot;:&quot;yes&quot;,&quot;speed&quot;:500}\" data-widget_type=\"image-carousel.default\">\n\t\t\t\t<div class=\"elementor-widget-container\">\n\t\t\t\t\t<div class=\"elementor-image-carousel-wrapper swiper-container\" dir=\"ltr\">\n\t\t\t<div class=\"elementor-image-carousel swiper-wrapper\">\n\t\t\t\t<div class=\"swiper-slide\"><a data-elementor-open-lightbox=\"yes\" data-elementor-lightbox-slideshow=\"9d737de\" data-elementor-lightbox-title=\"Veneros_ikaitai_1_lg\" href=\"https:\/\/banionis.lt\/wp-content\/uploads\/2021\/02\/Veneros_ikaitai_1_lg-1.jpg\"><figure class=\"swiper-slide-inner\"><img class=\"swiper-slide-image\" src=\"https:\/\/banionis.lt\/wp-content\/uploads\/2021\/02\/Veneros_ikaitai_1_lg-1-768x512.jpg\" alt=\"Veneros_ikaitai_1_lg\" \/><\/figure><\/a><\/div><div class=\"swiper-slide\"><a data-elementor-open-lightbox=\"yes\" data-elementor-lightbox-slideshow=\"9d737de\" data-elementor-lightbox-title=\"Veneros_ikaitai_2_lg\" href=\"https:\/\/banionis.lt\/wp-content\/uploads\/2021\/02\/Veneros_ikaitai_2_lg.jpg\"><figure class=\"swiper-slide-inner\"><img class=\"swiper-slide-image\" src=\"https:\/\/banionis.lt\/wp-content\/uploads\/2021\/02\/Veneros_ikaitai_2_lg-768x512.jpg\" alt=\"Veneros_ikaitai_2_lg\" \/><\/figure><\/a><\/div><div class=\"swiper-slide\"><a data-elementor-open-lightbox=\"yes\" data-elementor-lightbox-slideshow=\"9d737de\" data-elementor-lightbox-title=\"Veneros_ikaitai_3_lg\" href=\"https:\/\/banionis.lt\/wp-content\/uploads\/2021\/02\/Veneros_ikaitai_3_lg.jpg\"><figure class=\"swiper-slide-inner\"><img class=\"swiper-slide-image\" src=\"https:\/\/banionis.lt\/wp-content\/uploads\/2021\/02\/Veneros_ikaitai_3_lg-768x512.jpg\" alt=\"Veneros_ikaitai_3_lg\" \/><\/figure><\/a><\/div><div class=\"swiper-slide\"><a data-elementor-open-lightbox=\"yes\" data-elementor-lightbox-slideshow=\"9d737de\" data-elementor-lightbox-title=\"Veneros_ikaitai_4_lg\" href=\"https:\/\/banionis.lt\/wp-content\/uploads\/2021\/02\/Veneros_ikaitai_4_lg.jpg\"><figure class=\"swiper-slide-inner\"><img class=\"swiper-slide-image\" src=\"https:\/\/banionis.lt\/wp-content\/uploads\/2021\/02\/Veneros_ikaitai_4_lg-768x512.jpg\" alt=\"Veneros_ikaitai_4_lg\" \/><\/figure><\/a><\/div><div class=\"swiper-slide\"><a data-elementor-open-lightbox=\"yes\" data-elementor-lightbox-slideshow=\"9d737de\" data-elementor-lightbox-title=\"Veneros_ikaitai_5_lg\" href=\"https:\/\/banionis.lt\/wp-content\/uploads\/2021\/02\/Veneros_ikaitai_5_lg.jpg\"><figure class=\"swiper-slide-inner\"><img class=\"swiper-slide-image\" src=\"https:\/\/banionis.lt\/wp-content\/uploads\/2021\/02\/Veneros_ikaitai_5_lg-768x512.jpg\" alt=\"Veneros_ikaitai_5_lg\" \/><\/figure><\/a><\/div><div class=\"swiper-slide\"><a data-elementor-open-lightbox=\"yes\" data-elementor-lightbox-slideshow=\"9d737de\" data-elementor-lightbox-title=\"Veneros_ikaitai_6_lg\" href=\"https:\/\/banionis.lt\/wp-content\/uploads\/2021\/02\/Veneros_ikaitai_6_lg.jpg\"><figure class=\"swiper-slide-inner\"><img class=\"swiper-slide-image\" src=\"https:\/\/banionis.lt\/wp-content\/uploads\/2021\/02\/Veneros_ikaitai_6_lg-768x512.jpg\" alt=\"Veneros_ikaitai_6_lg\" \/><\/figure><\/a><\/div><div class=\"swiper-slide\"><a data-elementor-open-lightbox=\"yes\" data-elementor-lightbox-slideshow=\"9d737de\" data-elementor-lightbox-title=\"Veneros_ikaitai_7_lg\" href=\"https:\/\/banionis.lt\/wp-content\/uploads\/2021\/02\/Veneros_ikaitai_7_lg.jpg\"><figure class=\"swiper-slide-inner\"><img class=\"swiper-slide-image\" src=\"https:\/\/banionis.lt\/wp-content\/uploads\/2021\/02\/Veneros_ikaitai_7_lg-768x512.jpg\" alt=\"Veneros_ikaitai_7_lg\" \/><\/figure><\/a><\/div><div class=\"swiper-slide\"><a data-elementor-open-lightbox=\"yes\" data-elementor-lightbox-slideshow=\"9d737de\" data-elementor-lightbox-title=\"Veneros_ikaitai_8_lg\" href=\"https:\/\/banionis.lt\/wp-content\/uploads\/2021\/02\/Veneros_ikaitai_8_lg.jpg\"><figure class=\"swiper-slide-inner\"><img class=\"swiper-slide-image\" src=\"https:\/\/banionis.lt\/wp-content\/uploads\/2021\/02\/Veneros_ikaitai_8_lg-768x512.jpg\" alt=\"Veneros_ikaitai_8_lg\" \/><\/figure><\/a><\/div><div class=\"swiper-slide\"><a data-elementor-open-lightbox=\"yes\" data-elementor-lightbox-slideshow=\"9d737de\" data-elementor-lightbox-title=\"Veneros_ikaitai_9_lg\" href=\"https:\/\/banionis.lt\/wp-content\/uploads\/2021\/02\/Veneros_ikaitai_9_lg.jpg\"><figure class=\"swiper-slide-inner\"><img class=\"swiper-slide-image\" src=\"https:\/\/banionis.lt\/wp-content\/uploads\/2021\/02\/Veneros_ikaitai_9_lg-768x512.jpg\" alt=\"Veneros_ikaitai_9_lg\" \/><\/figure><\/a><\/div><div class=\"swiper-slide\"><a data-elementor-open-lightbox=\"yes\" data-elementor-lightbox-slideshow=\"9d737de\" data-elementor-lightbox-title=\"Veneros_ikaitai_10_lg\" href=\"https:\/\/banionis.lt\/wp-content\/uploads\/2021\/02\/Veneros_ikaitai_10_lg.jpg\"><figure class=\"swiper-slide-inner\"><img class=\"swiper-slide-image\" src=\"https:\/\/banionis.lt\/wp-content\/uploads\/2021\/02\/Veneros_ikaitai_10_lg-768x512.jpg\" alt=\"Veneros_ikaitai_10_lg\" \/><\/figure><\/a><\/div>\t\t\t<\/div>\n\t\t\t\t\t\t\t\t\t\t\t\t\t\t\t\t<div class=\"elementor-swiper-button elementor-swiper-button-prev\">\n\t\t\t\t\t\t<i class=\"eicon-chevron-left\" aria-hidden=\"true\"><\/i>\n\t\t\t\t\t\t<span class=\"elementor-screen-only\">Previous<\/span>\n\t\t\t\t\t<\/div>\n\t\t\t\t\t<div class=\"elementor-swiper-button elementor-swiper-button-next\">\n\t\t\t\t\t\t<i class=\"eicon-chevron-right\" aria-hidden=\"true\"><\/i>\n\t\t\t\t\t\t<span class=\"elementor-screen-only\">Next<\/span>\n\t\t\t\t\t<\/div>\n\t\t\t\t\t\t\t\t\t<\/div>\n\t\t\t\t<\/div>\n\t\t\t\t<\/div>\n\t\t\t\t\t<\/div>\n\t\t<\/div>\n\t\t\t\t\t\t\t<\/div>\n\t\t<\/section>\n\t\t\t\t<section class=\"elementor-section elementor-top-section elementor-element elementor-element-07660de elementor-section-boxed elementor-section-height-default elementor-section-height-default\" data-id=\"07660de\" data-element_type=\"section\">\n\t\t\t\t\t\t<div class=\"elementor-container elementor-column-gap-default\">\n\t\t\t\t\t<div class=\"elementor-column elementor-col-100 elementor-top-column elementor-element elementor-element-e28d4b1\" data-id=\"e28d4b1\" data-element_type=\"column\">\n\t\t\t<div class=\"elementor-widget-wrap elementor-element-populated\">\n\t\t\t\t\t\t\t\t<div class=\"elementor-element elementor-element-e151aa0 elementor-widget elementor-widget-heading\" data-id=\"e151aa0\" data-element_type=\"widget\" data-widget_type=\"heading.default\">\n\t\t\t\t<div class=\"elementor-widget-container\">\n\t\t\t<h3 class=\"elementor-heading-title elementor-size-medium\">2019 met\u0173 lapkri\u010dio 5 d. Vilniaus Kameriniame teatre \u012fvyko spektaklio \u201eVeneros \u012fkaitai\u201d (pagal amerikie\u010di\u0173 dramaturgo \u010carlzo Mori pjes\u0119 \u201eTre\u010diame danguje\u201c) premjera<br>\n<br>\n<u>Vaidina:<\/u><br>\nAlbinas Keleris, \u017dana Gudaitien\u0117, Inga Ma\u0161karina, Paulius Valaskevi\u010dius, Marta Lip\u010dien\u0117<br>\n<br><\/h3>\t\t<\/div>\n\t\t\t\t<\/div>\n\t\t\t\t<div class=\"elementor-element elementor-element-37caf66 elementor-widget elementor-widget-spacer\" data-id=\"37caf66\" data-element_type=\"widget\" data-widget_type=\"spacer.default\">\n\t\t\t\t<div class=\"elementor-widget-container\">\n\t\t\t\t\t<div class=\"elementor-spacer\">\n\t\t\t<div class=\"elementor-spacer-inner\"><\/div>\n\t\t<\/div>\n\t\t\t\t<\/div>\n\t\t\t\t<\/div>\n\t\t\t\t\t<\/div>\n\t\t<\/div>\n\t\t\t\t\t\t\t<\/div>\n\t\t<\/section>\n\t\t\t\t\t\t<\/div>\n\t\t\t\t\t<\/div>\n\t\t","protected":false},"excerpt":{"rendered":"<p>\u201eVeneros \u012fkaitai\u201d Previous Next 2019 met\u0173 lapkri\u010dio 5 d. Vilniaus Kameriniame teatre \u012fvyko spektaklio \u201eVeneros \u012fkaitai\u201d (pagal amerikie\u010di\u0173 dramaturgo \u010carlzo Mori pjes\u0119 \u201eTre\u010diame danguje\u201c) premjera Vaidina: Albinas Keleris, \u017dana Gudaitien\u0117, Inga Ma\u0161karina, Paulius Valaskevi\u010dius, Marta Lip\u010dien\u0117<\/p>\n","protected":false},"author":1,"featured_media":0,"parent":0,"menu_order":0,"comment_status":"closed","ping_status":"closed","template":"elementor_header_footer","meta":[],"yoast_head":"<!-- This site is optimized with the Yoast SEO plugin v15.9 - https:\/\/yoast.com\/wordpress\/plugins\/seo\/ -->\n<title>\u201eVeneros \u012fkaitai\u201d | Raimundas Banionis<\/title>\n<meta name=\"robots\" content=\"index, follow, max-snippet:-1, max-image-preview:large, max-video-preview:-1\" \/>\n<link rel=\"canonical\" href=\"https:\/\/banionis.lt\/index.php\/veneros-ikaitai\/\" \/>\n<meta property=\"og:locale\" content=\"en_US\" \/>\n<meta property=\"og:type\" content=\"article\" \/>\n<meta property=\"og:title\" content=\"\u201eVeneros \u012fkaitai\u201d | Raimundas Banionis\" \/>\n<meta property=\"og:description\" content=\"\u201eVeneros \u012fkaitai\u201d Previous Next 2019 met\u0173 lapkri\u010dio 5 d. Vilniaus Kameriniame teatre \u012fvyko spektaklio \u201eVeneros \u012fkaitai\u201d (pagal amerikie\u010di\u0173 dramaturgo \u010carlzo Mori pjes\u0119 \u201eTre\u010diame danguje\u201c) premjera Vaidina: Albinas Keleris, \u017dana Gudaitien\u0117, Inga Ma\u0161karina, Paulius Valaskevi\u010dius, Marta Lip\u010dien\u0117\" \/>\n<meta property=\"og:url\" content=\"https:\/\/banionis.lt\/index.php\/veneros-ikaitai\/\" \/>\n<meta property=\"og:site_name\" content=\"Raimundas Banionis\" \/>\n<meta property=\"article:modified_time\" content=\"2021-02-20T12:44:43+00:00\" \/>\n<meta property=\"og:image\" content=\"http:\/\/banionis.lt\/wp-content\/uploads\/2021\/02\/Veneros_ikaitai_1_lg-1-768x512.jpg\" \/>\n<meta name=\"twitter:card\" content=\"summary_large_image\" \/>\n<script type=\"application\/ld+json\" class=\"yoast-schema-graph\">{\"@context\":\"https:\/\/schema.org\",\"@graph\":[{\"@type\":\"WebSite\",\"@id\":\"https:\/\/banionis.lt\/#website\",\"url\":\"https:\/\/banionis.lt\/\",\"name\":\"Raimundas Banionis\",\"description\":\"\",\"potentialAction\":[{\"@type\":\"SearchAction\",\"target\":\"https:\/\/banionis.lt\/?s={search_term_string}\",\"query-input\":\"required name=search_term_string\"}],\"inLanguage\":\"en-US\"},{\"@type\":\"ImageObject\",\"@id\":\"https:\/\/banionis.lt\/index.php\/veneros-ikaitai\/#primaryimage\",\"inLanguage\":\"en-US\",\"url\":\"http:\/\/banionis.lt\/wp-content\/uploads\/2021\/02\/Veneros_ikaitai_1_lg-1-768x512.jpg\"},{\"@type\":\"WebPage\",\"@id\":\"https:\/\/banionis.lt\/index.php\/veneros-ikaitai\/#webpage\",\"url\":\"https:\/\/banionis.lt\/index.php\/veneros-ikaitai\/\",\"name\":\"\\u201eVeneros \\u012fkaitai\\u201d | Raimundas Banionis\",\"isPartOf\":{\"@id\":\"https:\/\/banionis.lt\/#website\"},\"primaryImageOfPage\":{\"@id\":\"https:\/\/banionis.lt\/index.php\/veneros-ikaitai\/#primaryimage\"},\"datePublished\":\"2021-02-20T12:44:11+00:00\",\"dateModified\":\"2021-02-20T12:44:43+00:00\",\"breadcrumb\":{\"@id\":\"https:\/\/banionis.lt\/index.php\/veneros-ikaitai\/#breadcrumb\"},\"inLanguage\":\"en-US\",\"potentialAction\":[{\"@type\":\"ReadAction\",\"target\":[\"https:\/\/banionis.lt\/index.php\/veneros-ikaitai\/\"]}]},{\"@type\":\"BreadcrumbList\",\"@id\":\"https:\/\/banionis.lt\/index.php\/veneros-ikaitai\/#breadcrumb\",\"itemListElement\":[{\"@type\":\"ListItem\",\"position\":1,\"item\":{\"@type\":\"WebPage\",\"@id\":\"https:\/\/banionis.lt\/\",\"url\":\"https:\/\/banionis.lt\/\",\"name\":\"Home\"}},{\"@type\":\"ListItem\",\"position\":2,\"item\":{\"@type\":\"WebPage\",\"@id\":\"https:\/\/banionis.lt\/index.php\/veneros-ikaitai\/\",\"url\":\"https:\/\/banionis.lt\/index.php\/veneros-ikaitai\/\",\"name\":\"\\u201eVeneros \\u012fkaitai\\u201d\"}}]}]}<\/script>\n<!-- \/ Yoast SEO plugin. -->","_links":{"self":[{"href":"https:\/\/banionis.lt\/index.php\/wp-json\/wp\/v2\/pages\/2065"}],"collection":[{"href":"https:\/\/banionis.lt\/index.php\/wp-json\/wp\/v2\/pages"}],"about":[{"href":"https:\/\/banionis.lt\/index.php\/wp-json\/wp\/v2\/types\/page"}],"author":[{"embeddable":true,"href":"https:\/\/banionis.lt\/index.php\/wp-json\/wp\/v2\/users\/1"}],"replies":[{"embeddable":true,"href":"https:\/\/banionis.lt\/index.php\/wp-json\/wp\/v2\/comments?post=2065"}],"version-history":[{"count":4,"href":"https:\/\/banionis.lt\/index.php\/wp-json\/wp\/v2\/pages\/2065\/revisions"}],"predecessor-version":[{"id":2069,"href":"https:\/\/banionis.lt\/index.php\/wp-json\/wp\/v2\/pages\/2065\/revisions\/2069"}],"wp:attachment":[{"href":"https:\/\/banionis.lt\/index.php\/wp-json\/wp\/v2\/media?parent=2065"}],"curies":[{"name":"wp","href":"https:\/\/api.w.org\/{rel}","templated":true}]}}