{"id":1951,"date":"2021-02-18T15:15:17","date_gmt":"2021-02-18T15:15:17","guid":{"rendered":"http:\/\/banionis.lt\/?page_id=1951"},"modified":"2021-02-19T12:35:12","modified_gmt":"2021-02-19T12:35:12","slug":"dybbuk","status":"publish","type":"page","link":"https:\/\/banionis.lt\/index.php\/language\/en\/dybbuk\/","title":{"rendered":"Dybbuk"},"content":{"rendered":"\t\t<div data-elementor-type=\"wp-page\" data-elementor-id=\"1951\" class=\"elementor elementor-1951\" data-elementor-settings=\"[]\">\n\t\t\t\t\t\t\t<div class=\"elementor-section-wrap\">\n\t\t\t\t\t\t\t<section class=\"elementor-section elementor-top-section elementor-element elementor-element-61990c0 elementor-section-full_width elementor-section-height-default elementor-section-height-default\" data-id=\"61990c0\" data-element_type=\"section\">\n\t\t\t\t\t\t<div class=\"elementor-container elementor-column-gap-wide\">\n\t\t\t\t\t<div class=\"elementor-column elementor-col-100 elementor-top-column elementor-element elementor-element-39bb154\" data-id=\"39bb154\" data-element_type=\"column\">\n\t\t\t<div class=\"elementor-widget-wrap elementor-element-populated\">\n\t\t\t\t\t\t\t\t<div class=\"elementor-element elementor-element-1c41288 elementor-widget elementor-widget-spacer\" data-id=\"1c41288\" data-element_type=\"widget\" data-widget_type=\"spacer.default\">\n\t\t\t\t<div class=\"elementor-widget-container\">\n\t\t\t\t\t<div class=\"elementor-spacer\">\n\t\t\t<div class=\"elementor-spacer-inner\"><\/div>\n\t\t<\/div>\n\t\t\t\t<\/div>\n\t\t\t\t<\/div>\n\t\t\t\t<div class=\"elementor-element elementor-element-dd8eb1f elementor-widget elementor-widget-heading\" data-id=\"dd8eb1f\" data-element_type=\"widget\" data-widget_type=\"heading.default\">\n\t\t\t\t<div class=\"elementor-widget-container\">\n\t\t\t<h1 class=\"elementor-heading-title elementor-size-default\"><i>Dybbuk<\/i><\/h1>\t\t<\/div>\n\t\t\t\t<\/div>\n\t\t\t\t<div class=\"elementor-element elementor-element-913306a elementor-widget elementor-widget-spacer\" data-id=\"913306a\" data-element_type=\"widget\" data-widget_type=\"spacer.default\">\n\t\t\t\t<div class=\"elementor-widget-container\">\n\t\t\t\t\t<div class=\"elementor-spacer\">\n\t\t\t<div class=\"elementor-spacer-inner\"><\/div>\n\t\t<\/div>\n\t\t\t\t<\/div>\n\t\t\t\t<\/div>\n\t\t\t\t<div class=\"elementor-element elementor-element-2381dad elementor-arrows-position-outside elementor-widget elementor-widget-image-carousel\" data-id=\"2381dad\" data-element_type=\"widget\" data-settings=\"{&quot;slides_to_show&quot;:&quot;2&quot;,&quot;slides_to_scroll&quot;:&quot;1&quot;,&quot;navigation&quot;:&quot;arrows&quot;,&quot;autoplay&quot;:&quot;yes&quot;,&quot;pause_on_hover&quot;:&quot;yes&quot;,&quot;pause_on_interaction&quot;:&quot;yes&quot;,&quot;autoplay_speed&quot;:5000,&quot;infinite&quot;:&quot;yes&quot;,&quot;speed&quot;:500}\" data-widget_type=\"image-carousel.default\">\n\t\t\t\t<div class=\"elementor-widget-container\">\n\t\t\t\t\t<div class=\"elementor-image-carousel-wrapper swiper-container\" dir=\"ltr\">\n\t\t\t<div class=\"elementor-image-carousel swiper-wrapper\">\n\t\t\t\t<div class=\"swiper-slide\"><a data-elementor-open-lightbox=\"yes\" data-elementor-lightbox-slideshow=\"2381dad\" data-elementor-lightbox-title=\"Dibukas_2_lg\" href=\"https:\/\/banionis.lt\/wp-content\/uploads\/2021\/02\/Dibukas_2_lg-1.jpg\"><figure class=\"swiper-slide-inner\"><img class=\"swiper-slide-image\" src=\"https:\/\/banionis.lt\/wp-content\/uploads\/2021\/02\/Dibukas_2_lg-1.jpg\" alt=\"Dibukas_2_lg\" \/><\/figure><\/a><\/div><div class=\"swiper-slide\"><a data-elementor-open-lightbox=\"yes\" data-elementor-lightbox-slideshow=\"2381dad\" data-elementor-lightbox-title=\"Dibukas_3_lg\" href=\"https:\/\/banionis.lt\/wp-content\/uploads\/2021\/02\/Dibukas_3_lg-3.jpg\"><figure class=\"swiper-slide-inner\"><img class=\"swiper-slide-image\" src=\"https:\/\/banionis.lt\/wp-content\/uploads\/2021\/02\/Dibukas_3_lg-3.jpg\" alt=\"Dibukas_3_lg\" \/><\/figure><\/a><\/div><div class=\"swiper-slide\"><a data-elementor-open-lightbox=\"yes\" data-elementor-lightbox-slideshow=\"2381dad\" data-elementor-lightbox-title=\"Dibukas_4_lg\" href=\"https:\/\/banionis.lt\/wp-content\/uploads\/2021\/02\/Dibukas_4_lg-4.jpg\"><figure class=\"swiper-slide-inner\"><img class=\"swiper-slide-image\" src=\"https:\/\/banionis.lt\/wp-content\/uploads\/2021\/02\/Dibukas_4_lg-4.jpg\" alt=\"Dibukas_4_lg\" \/><\/figure><\/a><\/div><div class=\"swiper-slide\"><a data-elementor-open-lightbox=\"yes\" data-elementor-lightbox-slideshow=\"2381dad\" data-elementor-lightbox-title=\"Dibukas_5_lg\" href=\"https:\/\/banionis.lt\/wp-content\/uploads\/2021\/02\/Dibukas_5_lg-1.jpg\"><figure class=\"swiper-slide-inner\"><img class=\"swiper-slide-image\" src=\"https:\/\/banionis.lt\/wp-content\/uploads\/2021\/02\/Dibukas_5_lg-1.jpg\" alt=\"Dibukas_5_lg\" \/><\/figure><\/a><\/div><div class=\"swiper-slide\"><a data-elementor-open-lightbox=\"yes\" data-elementor-lightbox-slideshow=\"2381dad\" data-elementor-lightbox-title=\"Dibukas_6_lg\" href=\"https:\/\/banionis.lt\/wp-content\/uploads\/2021\/02\/Dibukas_6_lg-1.jpg\"><figure class=\"swiper-slide-inner\"><img class=\"swiper-slide-image\" src=\"https:\/\/banionis.lt\/wp-content\/uploads\/2021\/02\/Dibukas_6_lg-1.jpg\" alt=\"Dibukas_6_lg\" \/><\/figure><\/a><\/div><div class=\"swiper-slide\"><a data-elementor-open-lightbox=\"yes\" data-elementor-lightbox-slideshow=\"2381dad\" data-elementor-lightbox-title=\"Dibukas_7_lg\" href=\"https:\/\/banionis.lt\/wp-content\/uploads\/2021\/02\/Dibukas_7_lg-3.jpg\"><figure class=\"swiper-slide-inner\"><img class=\"swiper-slide-image\" src=\"https:\/\/banionis.lt\/wp-content\/uploads\/2021\/02\/Dibukas_7_lg-3.jpg\" alt=\"Dibukas_7_lg\" \/><\/figure><\/a><\/div><div class=\"swiper-slide\"><a data-elementor-open-lightbox=\"yes\" data-elementor-lightbox-slideshow=\"2381dad\" data-elementor-lightbox-title=\"Dibukas_8_lg\" href=\"https:\/\/banionis.lt\/wp-content\/uploads\/2021\/02\/Dibukas_8_lg-3.jpg\"><figure class=\"swiper-slide-inner\"><img class=\"swiper-slide-image\" src=\"https:\/\/banionis.lt\/wp-content\/uploads\/2021\/02\/Dibukas_8_lg-3.jpg\" alt=\"Dibukas_8_lg\" \/><\/figure><\/a><\/div><div class=\"swiper-slide\"><a data-elementor-open-lightbox=\"yes\" data-elementor-lightbox-slideshow=\"2381dad\" data-elementor-lightbox-title=\"Dibukas_10_lg\" href=\"https:\/\/banionis.lt\/wp-content\/uploads\/2021\/02\/Dibukas_10_lg-1.jpg\"><figure class=\"swiper-slide-inner\"><img class=\"swiper-slide-image\" src=\"https:\/\/banionis.lt\/wp-content\/uploads\/2021\/02\/Dibukas_10_lg-1.jpg\" alt=\"Dibukas_10_lg\" \/><\/figure><\/a><\/div>\t\t\t<\/div>\n\t\t\t\t\t\t\t\t\t\t\t\t\t\t\t\t<div class=\"elementor-swiper-button elementor-swiper-button-prev\">\n\t\t\t\t\t\t<i class=\"eicon-chevron-left\" aria-hidden=\"true\"><\/i>\n\t\t\t\t\t\t<span class=\"elementor-screen-only\">Previous<\/span>\n\t\t\t\t\t<\/div>\n\t\t\t\t\t<div class=\"elementor-swiper-button elementor-swiper-button-next\">\n\t\t\t\t\t\t<i class=\"eicon-chevron-right\" aria-hidden=\"true\"><\/i>\n\t\t\t\t\t\t<span class=\"elementor-screen-only\">Next<\/span>\n\t\t\t\t\t<\/div>\n\t\t\t\t\t\t\t\t\t<\/div>\n\t\t\t\t<\/div>\n\t\t\t\t<\/div>\n\t\t\t\t\t<\/div>\n\t\t<\/div>\n\t\t\t\t\t\t\t<\/div>\n\t\t<\/section>\n\t\t\t\t<section class=\"elementor-section elementor-top-section elementor-element elementor-element-9b1f600 elementor-section-boxed elementor-section-height-default elementor-section-height-default\" data-id=\"9b1f600\" data-element_type=\"section\">\n\t\t\t\t\t\t<div class=\"elementor-container elementor-column-gap-default\">\n\t\t\t\t\t<div class=\"elementor-column elementor-col-100 elementor-top-column elementor-element elementor-element-fbff411\" data-id=\"fbff411\" data-element_type=\"column\">\n\t\t\t<div class=\"elementor-widget-wrap elementor-element-populated\">\n\t\t\t\t\t\t\t\t<div class=\"elementor-element elementor-element-18d476f elementor-widget elementor-widget-heading\" data-id=\"18d476f\" data-element_type=\"widget\" data-widget_type=\"heading.default\">\n\t\t\t\t<div class=\"elementor-widget-container\">\n\t\t\t<h3 class=\"elementor-heading-title elementor-size-medium\"><u>Starring:<\/u><br>\nAurimas \u017dvinys, Anicetas Gendvilas, Agn\u0117 Ki\u0161kyt\u0117, Inga Jarkova, Sigitas Jakubauskas,\nRolandas Dovydaitis, Vladas Baranauskas, Lina Bocyt\u0117,\nEduardas Saulius Pauliukonis, Juozas Bindokas, Nomeda B\u0117\u010di\u016bt\u0117, Antanas Venckus,\nAurimas Pintulis, Dominyka Stankut\u0117 (teatro bendradarb\u0117)<br>\n<br>\nDirector: Raimundas Banionis<br>\nScenographer: Serg\u0117jus Bocullo<br>\nCostume designer: Daiva Petrulyt\u0117<br>\nChoreographer: Vesta Grab\u0161tait\u0117<br>\nComposer: Faustas Lat\u0117nas<br><\/h3>\t\t<\/div>\n\t\t\t\t<\/div>\n\t\t\t\t\t<\/div>\n\t\t<\/div>\n\t\t\t\t\t\t\t<\/div>\n\t\t<\/section>\n\t\t\t\t<section class=\"elementor-section elementor-top-section elementor-element elementor-element-423d1f3 elementor-section-boxed elementor-section-height-default elementor-section-height-default\" data-id=\"423d1f3\" data-element_type=\"section\">\n\t\t\t\t\t\t<div class=\"elementor-container elementor-column-gap-default\">\n\t\t\t\t\t<div class=\"elementor-column elementor-col-100 elementor-top-column elementor-element elementor-element-c8795f8\" data-id=\"c8795f8\" data-element_type=\"column\">\n\t\t\t<div class=\"elementor-widget-wrap elementor-element-populated\">\n\t\t\t\t\t\t\t\t<div class=\"elementor-element elementor-element-8286801 elementor-widget elementor-widget-heading\" data-id=\"8286801\" data-element_type=\"widget\" data-widget_type=\"heading.default\">\n\t\t\t\t<div class=\"elementor-widget-container\">\n\t\t\t<h3 class=\"elementor-heading-title elementor-size-medium\"><br>Video<\/h3>\t\t<\/div>\n\t\t\t\t<\/div>\n\t\t\t\t<div class=\"elementor-element elementor-element-a53adbd elementor-aspect-ratio-169 elementor-widget elementor-widget-video\" data-id=\"a53adbd\" data-element_type=\"widget\" data-settings=\"{&quot;youtube_url&quot;:&quot;https:\\\/\\\/www.youtube.com\\\/watch?v=agPQZgVhbbk&amp;feature=emb_title&amp;ab_channel=RaimundasBanionis&quot;,&quot;video_type&quot;:&quot;youtube&quot;,&quot;controls&quot;:&quot;yes&quot;,&quot;aspect_ratio&quot;:&quot;169&quot;}\" data-widget_type=\"video.default\">\n\t\t\t\t<div class=\"elementor-widget-container\">\n\t\t\t\t\t<div class=\"elementor-wrapper elementor-fit-aspect-ratio elementor-open-inline\">\n\t\t\t<div class=\"elementor-video\"><\/div>\t\t<\/div>\n\t\t\t\t<\/div>\n\t\t\t\t<\/div>\n\t\t\t\t<div class=\"elementor-element elementor-element-fc8339b elementor-widget elementor-widget-spacer\" data-id=\"fc8339b\" data-element_type=\"widget\" data-widget_type=\"spacer.default\">\n\t\t\t\t<div class=\"elementor-widget-container\">\n\t\t\t\t\t<div class=\"elementor-spacer\">\n\t\t\t<div class=\"elementor-spacer-inner\"><\/div>\n\t\t<\/div>\n\t\t\t\t<\/div>\n\t\t\t\t<\/div>\n\t\t\t\t\t<\/div>\n\t\t<\/div>\n\t\t\t\t\t\t\t<\/div>\n\t\t<\/section>\n\t\t\t\t\t\t<\/div>\n\t\t\t\t\t<\/div>\n\t\t","protected":false},"excerpt":{"rendered":"<p>Dybbuk Previous Next Starring: Aurimas \u017dvinys, Anicetas Gendvilas, Agn\u0117 Ki\u0161kyt\u0117, Inga Jarkova, Sigitas Jakubauskas, Rolandas Dovydaitis, Vladas Baranauskas, Lina Bocyt\u0117, Eduardas Saulius Pauliukonis, Juozas Bindokas, Nomeda B\u0117\u010di\u016bt\u0117, Antanas Venckus, Aurimas Pintulis, Dominyka Stankut\u0117 (teatro bendradarb\u0117) Director: Raimundas Banionis Scenographer: Serg\u0117jus Bocullo Costume designer: Daiva Petrulyt\u0117 Choreographer: Vesta Grab\u0161tait\u0117 Composer: Faustas Lat\u0117nas Video<\/p>\n","protected":false},"author":1,"featured_media":0,"parent":0,"menu_order":0,"comment_status":"closed","ping_status":"closed","template":"elementor_header_footer","meta":[],"yoast_head":"<!-- This site is optimized with the Yoast SEO plugin v15.9 - https:\/\/yoast.com\/wordpress\/plugins\/seo\/ -->\n<title>Dybbuk | Raimundas Banionis<\/title>\n<meta name=\"robots\" content=\"index, follow, max-snippet:-1, max-image-preview:large, max-video-preview:-1\" \/>\n<link rel=\"canonical\" href=\"https:\/\/banionis.lt\/index.php\/language\/en\/dybbuk\/\" \/>\n<meta property=\"og:locale\" content=\"en_US\" \/>\n<meta property=\"og:type\" content=\"article\" \/>\n<meta property=\"og:title\" content=\"Dybbuk | Raimundas Banionis\" \/>\n<meta property=\"og:description\" content=\"Dybbuk Previous Next Starring: Aurimas \u017dvinys, Anicetas Gendvilas, Agn\u0117 Ki\u0161kyt\u0117, Inga Jarkova, Sigitas Jakubauskas, Rolandas Dovydaitis, Vladas Baranauskas, Lina Bocyt\u0117, Eduardas Saulius Pauliukonis, Juozas Bindokas, Nomeda B\u0117\u010di\u016bt\u0117, Antanas Venckus, Aurimas Pintulis, Dominyka Stankut\u0117 (teatro bendradarb\u0117) Director: Raimundas Banionis Scenographer: Serg\u0117jus Bocullo Costume designer: Daiva Petrulyt\u0117 Choreographer: Vesta Grab\u0161tait\u0117 Composer: Faustas Lat\u0117nas Video\" \/>\n<meta property=\"og:url\" content=\"https:\/\/banionis.lt\/index.php\/language\/en\/dybbuk\/\" \/>\n<meta property=\"og:site_name\" content=\"Raimundas Banionis\" \/>\n<meta property=\"article:modified_time\" content=\"2021-02-19T12:35:12+00:00\" \/>\n<meta property=\"og:image\" content=\"http:\/\/banionis.lt\/wp-content\/uploads\/2021\/02\/Dibukas_2_lg-1.jpg\" \/>\n<meta name=\"twitter:card\" content=\"summary_large_image\" \/>\n<script type=\"application\/ld+json\" class=\"yoast-schema-graph\">{\"@context\":\"https:\/\/schema.org\",\"@graph\":[{\"@type\":\"WebSite\",\"@id\":\"https:\/\/banionis.lt\/index.php\/language\/en\/#website\",\"url\":\"https:\/\/banionis.lt\/index.php\/language\/en\/\",\"name\":\"Raimundas Banionis\",\"description\":\"\",\"potentialAction\":[{\"@type\":\"SearchAction\",\"target\":\"https:\/\/banionis.lt\/index.php\/language\/en\/?s={search_term_string}\",\"query-input\":\"required name=search_term_string\"}],\"inLanguage\":\"en-US\"},{\"@type\":\"ImageObject\",\"@id\":\"https:\/\/banionis.lt\/index.php\/language\/en\/dybbuk\/#primaryimage\",\"inLanguage\":\"en-US\",\"url\":\"http:\/\/banionis.lt\/wp-content\/uploads\/2021\/02\/Dibukas_2_lg-1.jpg\"},{\"@type\":\"WebPage\",\"@id\":\"https:\/\/banionis.lt\/index.php\/language\/en\/dybbuk\/#webpage\",\"url\":\"https:\/\/banionis.lt\/index.php\/language\/en\/dybbuk\/\",\"name\":\"Dybbuk | Raimundas Banionis\",\"isPartOf\":{\"@id\":\"https:\/\/banionis.lt\/index.php\/language\/en\/#website\"},\"primaryImageOfPage\":{\"@id\":\"https:\/\/banionis.lt\/index.php\/language\/en\/dybbuk\/#primaryimage\"},\"datePublished\":\"2021-02-18T15:15:17+00:00\",\"dateModified\":\"2021-02-19T12:35:12+00:00\",\"breadcrumb\":{\"@id\":\"https:\/\/banionis.lt\/index.php\/language\/en\/dybbuk\/#breadcrumb\"},\"inLanguage\":\"en-US\",\"potentialAction\":[{\"@type\":\"ReadAction\",\"target\":[\"https:\/\/banionis.lt\/index.php\/language\/en\/dybbuk\/\"]}]},{\"@type\":\"BreadcrumbList\",\"@id\":\"https:\/\/banionis.lt\/index.php\/language\/en\/dybbuk\/#breadcrumb\",\"itemListElement\":[{\"@type\":\"ListItem\",\"position\":1,\"item\":{\"@type\":\"WebPage\",\"@id\":\"https:\/\/banionis.lt\/\",\"url\":\"https:\/\/banionis.lt\/\",\"name\":\"Home\"}},{\"@type\":\"ListItem\",\"position\":2,\"item\":{\"@type\":\"WebPage\",\"@id\":\"https:\/\/banionis.lt\/index.php\/language\/en\/dybbuk\/\",\"url\":\"https:\/\/banionis.lt\/index.php\/language\/en\/dybbuk\/\",\"name\":\"Dybbuk\"}}]}]}<\/script>\n<!-- \/ Yoast SEO plugin. -->","_links":{"self":[{"href":"https:\/\/banionis.lt\/index.php\/wp-json\/wp\/v2\/pages\/1951"}],"collection":[{"href":"https:\/\/banionis.lt\/index.php\/wp-json\/wp\/v2\/pages"}],"about":[{"href":"https:\/\/banionis.lt\/index.php\/wp-json\/wp\/v2\/types\/page"}],"author":[{"embeddable":true,"href":"https:\/\/banionis.lt\/index.php\/wp-json\/wp\/v2\/users\/1"}],"replies":[{"embeddable":true,"href":"https:\/\/banionis.lt\/index.php\/wp-json\/wp\/v2\/comments?post=1951"}],"version-history":[{"count":4,"href":"https:\/\/banionis.lt\/index.php\/wp-json\/wp\/v2\/pages\/1951\/revisions"}],"predecessor-version":[{"id":1955,"href":"https:\/\/banionis.lt\/index.php\/wp-json\/wp\/v2\/pages\/1951\/revisions\/1955"}],"wp:attachment":[{"href":"https:\/\/banionis.lt\/index.php\/wp-json\/wp\/v2\/media?parent=1951"}],"curies":[{"name":"wp","href":"https:\/\/api.w.org\/{rel}","templated":true}]}}