{"id":1932,"date":"2021-02-18T15:04:50","date_gmt":"2021-02-18T15:04:50","guid":{"rendered":"http:\/\/banionis.lt\/?page_id=1932"},"modified":"2021-02-19T12:31:02","modified_gmt":"2021-02-19T12:31:02","slug":"causes-and-consequences","status":"publish","type":"page","link":"https:\/\/banionis.lt\/index.php\/language\/en\/causes-and-consequences\/","title":{"rendered":"Causes and Consequences"},"content":{"rendered":"\t\t<div data-elementor-type=\"wp-page\" data-elementor-id=\"1932\" class=\"elementor elementor-1932\" data-elementor-settings=\"[]\">\n\t\t\t\t\t\t\t<div class=\"elementor-section-wrap\">\n\t\t\t\t\t\t\t<section class=\"elementor-section elementor-top-section elementor-element elementor-element-619f4fe elementor-section-full_width elementor-section-height-default elementor-section-height-default\" data-id=\"619f4fe\" data-element_type=\"section\">\n\t\t\t\t\t\t<div class=\"elementor-container elementor-column-gap-wide\">\n\t\t\t\t\t<div class=\"elementor-column elementor-col-100 elementor-top-column elementor-element elementor-element-b2a2088\" data-id=\"b2a2088\" data-element_type=\"column\">\n\t\t\t<div class=\"elementor-widget-wrap elementor-element-populated\">\n\t\t\t\t\t\t\t\t<div class=\"elementor-element elementor-element-3d1579d elementor-widget elementor-widget-spacer\" data-id=\"3d1579d\" data-element_type=\"widget\" data-widget_type=\"spacer.default\">\n\t\t\t\t<div class=\"elementor-widget-container\">\n\t\t\t\t\t<div class=\"elementor-spacer\">\n\t\t\t<div class=\"elementor-spacer-inner\"><\/div>\n\t\t<\/div>\n\t\t\t\t<\/div>\n\t\t\t\t<\/div>\n\t\t\t\t<div class=\"elementor-element elementor-element-74548df elementor-widget elementor-widget-heading\" data-id=\"74548df\" data-element_type=\"widget\" data-widget_type=\"heading.default\">\n\t\t\t\t<div class=\"elementor-widget-container\">\n\t\t\t<h1 class=\"elementor-heading-title elementor-size-default\"><i>Causes and Consequences<\/i><\/h1>\t\t<\/div>\n\t\t\t\t<\/div>\n\t\t\t\t<div class=\"elementor-element elementor-element-2cba08c elementor-widget elementor-widget-spacer\" data-id=\"2cba08c\" data-element_type=\"widget\" data-widget_type=\"spacer.default\">\n\t\t\t\t<div class=\"elementor-widget-container\">\n\t\t\t\t\t<div class=\"elementor-spacer\">\n\t\t\t<div class=\"elementor-spacer-inner\"><\/div>\n\t\t<\/div>\n\t\t\t\t<\/div>\n\t\t\t\t<\/div>\n\t\t\t\t<div class=\"elementor-element elementor-element-ea3e9b6 elementor-arrows-position-outside elementor-widget elementor-widget-image-carousel\" data-id=\"ea3e9b6\" data-element_type=\"widget\" data-settings=\"{&quot;slides_to_show&quot;:&quot;2&quot;,&quot;slides_to_scroll&quot;:&quot;1&quot;,&quot;navigation&quot;:&quot;arrows&quot;,&quot;autoplay&quot;:&quot;yes&quot;,&quot;pause_on_hover&quot;:&quot;yes&quot;,&quot;pause_on_interaction&quot;:&quot;yes&quot;,&quot;autoplay_speed&quot;:5000,&quot;infinite&quot;:&quot;yes&quot;,&quot;speed&quot;:500}\" data-widget_type=\"image-carousel.default\">\n\t\t\t\t<div class=\"elementor-widget-container\">\n\t\t\t\t\t<div class=\"elementor-image-carousel-wrapper swiper-container\" dir=\"ltr\">\n\t\t\t<div class=\"elementor-image-carousel swiper-wrapper\">\n\t\t\t\t<div class=\"swiper-slide\"><a data-elementor-open-lightbox=\"yes\" data-elementor-lightbox-slideshow=\"ea3e9b6\" data-elementor-lightbox-title=\"Priezastys_1_lg\" href=\"https:\/\/banionis.lt\/wp-content\/uploads\/2021\/02\/Priezastys_1_lg.jpg\"><figure class=\"swiper-slide-inner\"><img class=\"swiper-slide-image\" src=\"https:\/\/banionis.lt\/wp-content\/uploads\/2021\/02\/Priezastys_1_lg.jpg\" alt=\"Priezastys_1_lg\" \/><\/figure><\/a><\/div><div class=\"swiper-slide\"><a data-elementor-open-lightbox=\"yes\" data-elementor-lightbox-slideshow=\"ea3e9b6\" data-elementor-lightbox-title=\"Priezastys_2_lg\" href=\"https:\/\/banionis.lt\/wp-content\/uploads\/2021\/02\/Priezastys_2_lg.jpg\"><figure class=\"swiper-slide-inner\"><img class=\"swiper-slide-image\" src=\"https:\/\/banionis.lt\/wp-content\/uploads\/2021\/02\/Priezastys_2_lg.jpg\" alt=\"Priezastys_2_lg\" \/><\/figure><\/a><\/div><div class=\"swiper-slide\"><a data-elementor-open-lightbox=\"yes\" data-elementor-lightbox-slideshow=\"ea3e9b6\" data-elementor-lightbox-title=\"Priezastys_5_lg\" href=\"https:\/\/banionis.lt\/wp-content\/uploads\/2021\/02\/Priezastys_5_lg-1.jpg\"><figure class=\"swiper-slide-inner\"><img class=\"swiper-slide-image\" src=\"https:\/\/banionis.lt\/wp-content\/uploads\/2021\/02\/Priezastys_5_lg-1.jpg\" alt=\"Priezastys_5_lg\" \/><\/figure><\/a><\/div><div class=\"swiper-slide\"><a data-elementor-open-lightbox=\"yes\" data-elementor-lightbox-slideshow=\"ea3e9b6\" data-elementor-lightbox-title=\"Priezastys_6_lg\" href=\"https:\/\/banionis.lt\/wp-content\/uploads\/2021\/02\/Priezastys_6_lg.jpg\"><figure class=\"swiper-slide-inner\"><img class=\"swiper-slide-image\" src=\"https:\/\/banionis.lt\/wp-content\/uploads\/2021\/02\/Priezastys_6_lg.jpg\" alt=\"Priezastys_6_lg\" \/><\/figure><\/a><\/div><div class=\"swiper-slide\"><a data-elementor-open-lightbox=\"yes\" data-elementor-lightbox-slideshow=\"ea3e9b6\" data-elementor-lightbox-title=\"Priezastys_4_lg\" href=\"https:\/\/banionis.lt\/wp-content\/uploads\/2021\/02\/Priezastys_4_lg-1.jpg\"><figure class=\"swiper-slide-inner\"><img class=\"swiper-slide-image\" src=\"https:\/\/banionis.lt\/wp-content\/uploads\/2021\/02\/Priezastys_4_lg-1.jpg\" alt=\"Priezastys_4_lg\" \/><\/figure><\/a><\/div>\t\t\t<\/div>\n\t\t\t\t\t\t\t\t\t\t\t\t\t\t\t\t<div class=\"elementor-swiper-button elementor-swiper-button-prev\">\n\t\t\t\t\t\t<i class=\"eicon-chevron-left\" aria-hidden=\"true\"><\/i>\n\t\t\t\t\t\t<span class=\"elementor-screen-only\">Previous<\/span>\n\t\t\t\t\t<\/div>\n\t\t\t\t\t<div class=\"elementor-swiper-button elementor-swiper-button-next\">\n\t\t\t\t\t\t<i class=\"eicon-chevron-right\" aria-hidden=\"true\"><\/i>\n\t\t\t\t\t\t<span class=\"elementor-screen-only\">Next<\/span>\n\t\t\t\t\t<\/div>\n\t\t\t\t\t\t\t\t\t<\/div>\n\t\t\t\t<\/div>\n\t\t\t\t<\/div>\n\t\t\t\t\t<\/div>\n\t\t<\/div>\n\t\t\t\t\t\t\t<\/div>\n\t\t<\/section>\n\t\t\t\t<section class=\"elementor-section elementor-top-section elementor-element elementor-element-10c0a8b elementor-section-boxed elementor-section-height-default elementor-section-height-default\" data-id=\"10c0a8b\" data-element_type=\"section\">\n\t\t\t\t\t\t<div class=\"elementor-container elementor-column-gap-default\">\n\t\t\t\t\t<div class=\"elementor-column elementor-col-100 elementor-top-column elementor-element elementor-element-cadb54e\" data-id=\"cadb54e\" data-element_type=\"column\">\n\t\t\t<div class=\"elementor-widget-wrap elementor-element-populated\">\n\t\t\t\t\t\t\t\t<div class=\"elementor-element elementor-element-76253f5 elementor-widget elementor-widget-heading\" data-id=\"76253f5\" data-element_type=\"widget\" data-widget_type=\"heading.default\">\n\t\t\t\t<div class=\"elementor-widget-container\">\n\t\t\t<h3 class=\"elementor-heading-title elementor-size-medium\"><u>Starring:<\/u><br>\nGabriel\u0117 Ani\u010dait\u0117, Aleksandras Kleinas, Inga Mikutavi\u010di\u016bt\u0117, Liucija Ruk\u0161naityt\u0117, Henrikas Savickis, Ar\u016bnas Stanionis, Lili Stepankait\u0117, Daiva Stubrait\u0117, Dainius Svobonas ir Rimantas \u0160taras<br>\n<br>\nDirector: Raimundas Banionis<br>\nScenographer: Serg\u0117jus Bocullo<br>\nCostume designer: Daiva Petrulyt\u0117<br>\nChoreographer: Vesta Grab\u0161tait\u0117<br><\/h3>\t\t<\/div>\n\t\t\t\t<\/div>\n\t\t\t\t<div class=\"elementor-element elementor-element-c41b85f elementor-align-center elementor-widget elementor-widget-button\" data-id=\"c41b85f\" data-element_type=\"widget\" data-widget_type=\"button.default\">\n\t\t\t\t<div class=\"elementor-widget-container\">\n\t\t\t\t\t<div class=\"elementor-button-wrapper\">\n\t\t\t<a href=\"https:\/\/kauno.diena.lt\/naujienos\/kultura\/zaismes-ironijos-ir-emociju-itaiga-429972\" class=\"elementor-button-link elementor-button elementor-size-sm\" role=\"button\">\n\t\t\t\t\t\t<span class=\"elementor-button-content-wrapper\">\n\t\t\t\t\t\t<span class=\"elementor-button-text\">Review<\/span>\n\t\t<\/span>\n\t\t\t\t\t<\/a>\n\t\t<\/div>\n\t\t\t\t<\/div>\n\t\t\t\t<\/div>\n\t\t\t\t\t<\/div>\n\t\t<\/div>\n\t\t\t\t\t\t\t<\/div>\n\t\t<\/section>\n\t\t\t\t<section class=\"elementor-section elementor-top-section elementor-element elementor-element-8824bfe elementor-section-boxed elementor-section-height-default elementor-section-height-default\" data-id=\"8824bfe\" data-element_type=\"section\">\n\t\t\t\t\t\t<div class=\"elementor-container elementor-column-gap-default\">\n\t\t\t\t\t<div class=\"elementor-column elementor-col-100 elementor-top-column elementor-element elementor-element-0db07dc\" data-id=\"0db07dc\" data-element_type=\"column\">\n\t\t\t<div class=\"elementor-widget-wrap elementor-element-populated\">\n\t\t\t\t\t\t\t\t<div class=\"elementor-element elementor-element-d8c734b elementor-widget elementor-widget-heading\" data-id=\"d8c734b\" data-element_type=\"widget\" data-widget_type=\"heading.default\">\n\t\t\t\t<div class=\"elementor-widget-container\">\n\t\t\t<h3 class=\"elementor-heading-title elementor-size-medium\"><br>Video<\/h3>\t\t<\/div>\n\t\t\t\t<\/div>\n\t\t\t\t<div class=\"elementor-element elementor-element-f35a5c4 elementor-aspect-ratio-169 elementor-widget elementor-widget-video\" data-id=\"f35a5c4\" data-element_type=\"widget\" data-settings=\"{&quot;youtube_url&quot;:&quot;https:\\\/\\\/www.youtube.com\\\/watch?v=ABxaOYt5Xho&amp;feature=emb_title&amp;ab_channel=NacionalinisKaunodramosteatras&quot;,&quot;video_type&quot;:&quot;youtube&quot;,&quot;controls&quot;:&quot;yes&quot;,&quot;aspect_ratio&quot;:&quot;169&quot;}\" data-widget_type=\"video.default\">\n\t\t\t\t<div class=\"elementor-widget-container\">\n\t\t\t\t\t<div class=\"elementor-wrapper elementor-fit-aspect-ratio elementor-open-inline\">\n\t\t\t<div class=\"elementor-video\"><\/div>\t\t<\/div>\n\t\t\t\t<\/div>\n\t\t\t\t<\/div>\n\t\t\t\t<div class=\"elementor-element elementor-element-ac72ebb elementor-widget elementor-widget-spacer\" data-id=\"ac72ebb\" data-element_type=\"widget\" data-widget_type=\"spacer.default\">\n\t\t\t\t<div class=\"elementor-widget-container\">\n\t\t\t\t\t<div class=\"elementor-spacer\">\n\t\t\t<div class=\"elementor-spacer-inner\"><\/div>\n\t\t<\/div>\n\t\t\t\t<\/div>\n\t\t\t\t<\/div>\n\t\t\t\t\t<\/div>\n\t\t<\/div>\n\t\t\t\t\t\t\t<\/div>\n\t\t<\/section>\n\t\t\t\t\t\t<\/div>\n\t\t\t\t\t<\/div>\n\t\t","protected":false},"excerpt":{"rendered":"<p>Causes and Consequences Previous Next Starring: Gabriel\u0117 Ani\u010dait\u0117, Aleksandras Kleinas, Inga Mikutavi\u010di\u016bt\u0117, Liucija Ruk\u0161naityt\u0117, Henrikas Savickis, Ar\u016bnas Stanionis, Lili Stepankait\u0117, Daiva Stubrait\u0117, Dainius Svobonas ir Rimantas \u0160taras Director: Raimundas Banionis Scenographer: Serg\u0117jus Bocullo Costume designer: Daiva Petrulyt\u0117 Choreographer: Vesta Grab\u0161tait\u0117 Review Video<\/p>\n","protected":false},"author":1,"featured_media":0,"parent":0,"menu_order":0,"comment_status":"closed","ping_status":"closed","template":"elementor_header_footer","meta":[],"yoast_head":"<!-- This site is optimized with the Yoast SEO plugin v15.9 - https:\/\/yoast.com\/wordpress\/plugins\/seo\/ -->\n<title>Causes and Consequences | Raimundas Banionis<\/title>\n<meta name=\"robots\" content=\"index, follow, max-snippet:-1, max-image-preview:large, max-video-preview:-1\" \/>\n<link rel=\"canonical\" href=\"http:\/\/banionis.lt\/index.php\/language\/en\/causes-and-consequences\/\" \/>\n<meta property=\"og:locale\" content=\"en_US\" \/>\n<meta property=\"og:type\" content=\"article\" \/>\n<meta property=\"og:title\" content=\"Causes and Consequences | Raimundas Banionis\" \/>\n<meta property=\"og:description\" content=\"Causes and Consequences Previous Next Starring: Gabriel\u0117 Ani\u010dait\u0117, Aleksandras Kleinas, Inga Mikutavi\u010di\u016bt\u0117, Liucija Ruk\u0161naityt\u0117, Henrikas Savickis, Ar\u016bnas Stanionis, Lili Stepankait\u0117, Daiva Stubrait\u0117, Dainius Svobonas ir Rimantas \u0160taras Director: Raimundas Banionis Scenographer: Serg\u0117jus Bocullo Costume designer: Daiva Petrulyt\u0117 Choreographer: Vesta Grab\u0161tait\u0117 Review Video\" \/>\n<meta property=\"og:url\" content=\"http:\/\/banionis.lt\/index.php\/language\/en\/causes-and-consequences\/\" \/>\n<meta property=\"og:site_name\" content=\"Raimundas Banionis\" \/>\n<meta property=\"article:modified_time\" content=\"2021-02-19T12:31:02+00:00\" \/>\n<meta property=\"og:image\" content=\"http:\/\/banionis.lt\/wp-content\/uploads\/2021\/02\/Priezastys_1_lg.jpg\" \/>\n<meta name=\"twitter:card\" content=\"summary_large_image\" \/>\n<script type=\"application\/ld+json\" class=\"yoast-schema-graph\">{\"@context\":\"https:\/\/schema.org\",\"@graph\":[{\"@type\":\"WebSite\",\"@id\":\"https:\/\/banionis.lt\/index.php\/language\/en\/#website\",\"url\":\"https:\/\/banionis.lt\/index.php\/language\/en\/\",\"name\":\"Raimundas Banionis\",\"description\":\"\",\"potentialAction\":[{\"@type\":\"SearchAction\",\"target\":\"https:\/\/banionis.lt\/index.php\/language\/en\/?s={search_term_string}\",\"query-input\":\"required name=search_term_string\"}],\"inLanguage\":\"en-US\"},{\"@type\":\"ImageObject\",\"@id\":\"http:\/\/banionis.lt\/index.php\/language\/en\/causes-and-consequences\/#primaryimage\",\"inLanguage\":\"en-US\",\"url\":\"http:\/\/banionis.lt\/wp-content\/uploads\/2021\/02\/Priezastys_1_lg.jpg\"},{\"@type\":\"WebPage\",\"@id\":\"http:\/\/banionis.lt\/index.php\/language\/en\/causes-and-consequences\/#webpage\",\"url\":\"http:\/\/banionis.lt\/index.php\/language\/en\/causes-and-consequences\/\",\"name\":\"Causes and Consequences | Raimundas Banionis\",\"isPartOf\":{\"@id\":\"https:\/\/banionis.lt\/index.php\/language\/en\/#website\"},\"primaryImageOfPage\":{\"@id\":\"http:\/\/banionis.lt\/index.php\/language\/en\/causes-and-consequences\/#primaryimage\"},\"datePublished\":\"2021-02-18T15:04:50+00:00\",\"dateModified\":\"2021-02-19T12:31:02+00:00\",\"breadcrumb\":{\"@id\":\"http:\/\/banionis.lt\/index.php\/language\/en\/causes-and-consequences\/#breadcrumb\"},\"inLanguage\":\"en-US\",\"potentialAction\":[{\"@type\":\"ReadAction\",\"target\":[\"http:\/\/banionis.lt\/index.php\/language\/en\/causes-and-consequences\/\"]}]},{\"@type\":\"BreadcrumbList\",\"@id\":\"http:\/\/banionis.lt\/index.php\/language\/en\/causes-and-consequences\/#breadcrumb\",\"itemListElement\":[{\"@type\":\"ListItem\",\"position\":1,\"item\":{\"@type\":\"WebPage\",\"@id\":\"https:\/\/banionis.lt\/\",\"url\":\"https:\/\/banionis.lt\/\",\"name\":\"Home\"}},{\"@type\":\"ListItem\",\"position\":2,\"item\":{\"@type\":\"WebPage\",\"@id\":\"http:\/\/banionis.lt\/index.php\/language\/en\/causes-and-consequences\/\",\"url\":\"http:\/\/banionis.lt\/index.php\/language\/en\/causes-and-consequences\/\",\"name\":\"Causes and Consequences\"}}]}]}<\/script>\n<!-- \/ Yoast SEO plugin. -->","_links":{"self":[{"href":"https:\/\/banionis.lt\/index.php\/wp-json\/wp\/v2\/pages\/1932"}],"collection":[{"href":"https:\/\/banionis.lt\/index.php\/wp-json\/wp\/v2\/pages"}],"about":[{"href":"https:\/\/banionis.lt\/index.php\/wp-json\/wp\/v2\/types\/page"}],"author":[{"embeddable":true,"href":"https:\/\/banionis.lt\/index.php\/wp-json\/wp\/v2\/users\/1"}],"replies":[{"embeddable":true,"href":"https:\/\/banionis.lt\/index.php\/wp-json\/wp\/v2\/comments?post=1932"}],"version-history":[{"count":4,"href":"https:\/\/banionis.lt\/index.php\/wp-json\/wp\/v2\/pages\/1932\/revisions"}],"predecessor-version":[{"id":1936,"href":"https:\/\/banionis.lt\/index.php\/wp-json\/wp\/v2\/pages\/1932\/revisions\/1936"}],"wp:attachment":[{"href":"https:\/\/banionis.lt\/index.php\/wp-json\/wp\/v2\/media?parent=1932"}],"curies":[{"name":"wp","href":"https:\/\/api.w.org\/{rel}","templated":true}]}}