{"id":1921,"date":"2021-02-18T14:56:57","date_gmt":"2021-02-18T14:56:57","guid":{"rendered":"http:\/\/banionis.lt\/?page_id=1921"},"modified":"2021-02-19T12:29:10","modified_gmt":"2021-02-19T12:29:10","slug":"the-hunchback","status":"publish","type":"page","link":"https:\/\/banionis.lt\/index.php\/language\/en\/the-hunchback\/","title":{"rendered":"The Hunchback"},"content":{"rendered":"\t\t<div data-elementor-type=\"wp-page\" data-elementor-id=\"1921\" class=\"elementor elementor-1921\" data-elementor-settings=\"[]\">\n\t\t\t\t\t\t\t<div class=\"elementor-section-wrap\">\n\t\t\t\t\t\t\t<section class=\"elementor-section elementor-top-section elementor-element elementor-element-0d14d16 elementor-section-full_width elementor-section-height-default elementor-section-height-default\" data-id=\"0d14d16\" data-element_type=\"section\">\n\t\t\t\t\t\t<div class=\"elementor-container elementor-column-gap-wide\">\n\t\t\t\t\t<div class=\"elementor-column elementor-col-100 elementor-top-column elementor-element elementor-element-a25187d\" data-id=\"a25187d\" data-element_type=\"column\">\n\t\t\t<div class=\"elementor-widget-wrap elementor-element-populated\">\n\t\t\t\t\t\t\t\t<div class=\"elementor-element elementor-element-becba22 elementor-widget elementor-widget-spacer\" data-id=\"becba22\" data-element_type=\"widget\" data-widget_type=\"spacer.default\">\n\t\t\t\t<div class=\"elementor-widget-container\">\n\t\t\t\t\t<div class=\"elementor-spacer\">\n\t\t\t<div class=\"elementor-spacer-inner\"><\/div>\n\t\t<\/div>\n\t\t\t\t<\/div>\n\t\t\t\t<\/div>\n\t\t\t\t<div class=\"elementor-element elementor-element-0d02f22 elementor-widget elementor-widget-heading\" data-id=\"0d02f22\" data-element_type=\"widget\" data-widget_type=\"heading.default\">\n\t\t\t\t<div class=\"elementor-widget-container\">\n\t\t\t<h1 class=\"elementor-heading-title elementor-size-default\"><i>The Hunchback<\/i><\/h1>\t\t<\/div>\n\t\t\t\t<\/div>\n\t\t\t\t<div class=\"elementor-element elementor-element-c81454f elementor-widget elementor-widget-spacer\" data-id=\"c81454f\" data-element_type=\"widget\" data-widget_type=\"spacer.default\">\n\t\t\t\t<div class=\"elementor-widget-container\">\n\t\t\t\t\t<div class=\"elementor-spacer\">\n\t\t\t<div class=\"elementor-spacer-inner\"><\/div>\n\t\t<\/div>\n\t\t\t\t<\/div>\n\t\t\t\t<\/div>\n\t\t\t\t<div class=\"elementor-element elementor-element-5670d12 elementor-arrows-position-outside elementor-widget elementor-widget-image-carousel\" data-id=\"5670d12\" data-element_type=\"widget\" data-settings=\"{&quot;slides_to_show&quot;:&quot;2&quot;,&quot;slides_to_scroll&quot;:&quot;1&quot;,&quot;navigation&quot;:&quot;arrows&quot;,&quot;autoplay&quot;:&quot;yes&quot;,&quot;pause_on_hover&quot;:&quot;yes&quot;,&quot;pause_on_interaction&quot;:&quot;yes&quot;,&quot;autoplay_speed&quot;:5000,&quot;infinite&quot;:&quot;yes&quot;,&quot;speed&quot;:500}\" data-widget_type=\"image-carousel.default\">\n\t\t\t\t<div class=\"elementor-widget-container\">\n\t\t\t\t\t<div class=\"elementor-image-carousel-wrapper swiper-container\" dir=\"ltr\">\n\t\t\t<div class=\"elementor-image-carousel swiper-wrapper\">\n\t\t\t\t<div class=\"swiper-slide\"><a data-elementor-open-lightbox=\"yes\" data-elementor-lightbox-slideshow=\"5670d12\" data-elementor-lightbox-title=\"Kuprelis2_lg\" href=\"https:\/\/banionis.lt\/wp-content\/uploads\/2021\/02\/Kuprelis2_lg-1.jpg\"><figure class=\"swiper-slide-inner\"><img class=\"swiper-slide-image\" src=\"https:\/\/banionis.lt\/wp-content\/uploads\/2021\/02\/Kuprelis2_lg-1.jpg\" alt=\"Kuprelis2_lg\" \/><\/figure><\/a><\/div><div class=\"swiper-slide\"><a data-elementor-open-lightbox=\"yes\" data-elementor-lightbox-slideshow=\"5670d12\" data-elementor-lightbox-title=\"Kuprelis1_lg\" href=\"https:\/\/banionis.lt\/wp-content\/uploads\/2021\/02\/Kuprelis1_lg.jpg\"><figure class=\"swiper-slide-inner\"><img class=\"swiper-slide-image\" src=\"https:\/\/banionis.lt\/wp-content\/uploads\/2021\/02\/Kuprelis1_lg.jpg\" alt=\"Kuprelis1_lg\" \/><\/figure><\/a><\/div><div class=\"swiper-slide\"><a data-elementor-open-lightbox=\"yes\" data-elementor-lightbox-slideshow=\"5670d12\" data-elementor-lightbox-title=\"Kuprelis4_lg\" href=\"https:\/\/banionis.lt\/wp-content\/uploads\/2021\/02\/Kuprelis4_lg.jpg\"><figure class=\"swiper-slide-inner\"><img class=\"swiper-slide-image\" src=\"https:\/\/banionis.lt\/wp-content\/uploads\/2021\/02\/Kuprelis4_lg.jpg\" alt=\"Kuprelis4_lg\" \/><\/figure><\/a><\/div><div class=\"swiper-slide\"><a data-elementor-open-lightbox=\"yes\" data-elementor-lightbox-slideshow=\"5670d12\" data-elementor-lightbox-title=\"Kuprelis7_lg\" href=\"https:\/\/banionis.lt\/wp-content\/uploads\/2021\/02\/Kuprelis7_lg.jpg\"><figure class=\"swiper-slide-inner\"><img class=\"swiper-slide-image\" src=\"https:\/\/banionis.lt\/wp-content\/uploads\/2021\/02\/Kuprelis7_lg.jpg\" alt=\"Kuprelis7_lg\" \/><\/figure><\/a><\/div><div class=\"swiper-slide\"><a data-elementor-open-lightbox=\"yes\" data-elementor-lightbox-slideshow=\"5670d12\" data-elementor-lightbox-title=\"Kuprelis8_lg\" href=\"https:\/\/banionis.lt\/wp-content\/uploads\/2021\/02\/Kuprelis8_lg.jpg\"><figure class=\"swiper-slide-inner\"><img class=\"swiper-slide-image\" src=\"https:\/\/banionis.lt\/wp-content\/uploads\/2021\/02\/Kuprelis8_lg.jpg\" alt=\"Kuprelis8_lg\" \/><\/figure><\/a><\/div><div class=\"swiper-slide\"><a data-elementor-open-lightbox=\"yes\" data-elementor-lightbox-slideshow=\"5670d12\" data-elementor-lightbox-title=\"Kuprelis9_lg\" href=\"https:\/\/banionis.lt\/wp-content\/uploads\/2021\/02\/Kuprelis9_lg.jpg\"><figure class=\"swiper-slide-inner\"><img class=\"swiper-slide-image\" src=\"https:\/\/banionis.lt\/wp-content\/uploads\/2021\/02\/Kuprelis9_lg.jpg\" alt=\"Kuprelis9_lg\" \/><\/figure><\/a><\/div>\t\t\t<\/div>\n\t\t\t\t\t\t\t\t\t\t\t\t\t\t\t\t<div class=\"elementor-swiper-button elementor-swiper-button-prev\">\n\t\t\t\t\t\t<i class=\"eicon-chevron-left\" aria-hidden=\"true\"><\/i>\n\t\t\t\t\t\t<span class=\"elementor-screen-only\">Previous<\/span>\n\t\t\t\t\t<\/div>\n\t\t\t\t\t<div class=\"elementor-swiper-button elementor-swiper-button-next\">\n\t\t\t\t\t\t<i class=\"eicon-chevron-right\" aria-hidden=\"true\"><\/i>\n\t\t\t\t\t\t<span class=\"elementor-screen-only\">Next<\/span>\n\t\t\t\t\t<\/div>\n\t\t\t\t\t\t\t\t\t<\/div>\n\t\t\t\t<\/div>\n\t\t\t\t<\/div>\n\t\t\t\t\t<\/div>\n\t\t<\/div>\n\t\t\t\t\t\t\t<\/div>\n\t\t<\/section>\n\t\t\t\t<section class=\"elementor-section elementor-top-section elementor-element elementor-element-0cf56e2 elementor-section-boxed elementor-section-height-default elementor-section-height-default\" data-id=\"0cf56e2\" data-element_type=\"section\">\n\t\t\t\t\t\t<div class=\"elementor-container elementor-column-gap-default\">\n\t\t\t\t\t<div class=\"elementor-column elementor-col-100 elementor-top-column elementor-element elementor-element-30b6bb8\" data-id=\"30b6bb8\" data-element_type=\"column\">\n\t\t\t<div class=\"elementor-widget-wrap elementor-element-populated\">\n\t\t\t\t\t\t\t\t<div class=\"elementor-element elementor-element-f224e99 elementor-widget elementor-widget-heading\" data-id=\"f224e99\" data-element_type=\"widget\" data-widget_type=\"heading.default\">\n\t\t\t\t<div class=\"elementor-widget-container\">\n\t\t\t<h3 class=\"elementor-heading-title elementor-size-medium\">The Hunchback: Vaidas Baumila<br>\nGunde: Ingrida \u017dili\u016bt\u0117<br><br>\n\nDirector: Raimundas Banionis<br>\nScenography: Ar\u016bnas Paslaitis, Sigita \u0160imk\u016bnait\u0117<br>\nConductor: Vytautas Luko\u010dius<br>\nChoreography: Vaida Mielda\u017eien\u0117<br>\nCostume designer: Indr\u0117 Budreckyt\u0117<br>\n<\/h3>\t\t<\/div>\n\t\t\t\t<\/div>\n\t\t\t\t<div class=\"elementor-element elementor-element-98a194b elementor-align-center elementor-widget elementor-widget-button\" data-id=\"98a194b\" data-element_type=\"widget\" data-widget_type=\"button.default\">\n\t\t\t\t<div class=\"elementor-widget-container\">\n\t\t\t\t\t<div class=\"elementor-button-wrapper\">\n\t\t\t<a href=\"https:\/\/www.15min.lt\/naujiena\/kultura\/muzika\/pusantros-savaites-miuziklui-kuprelis-ruosesis-vaidas-baumila-savo-jegomis-neabejoja-284-183866#axzz1iKHX03vx\" class=\"elementor-button-link elementor-button elementor-size-md\" role=\"button\">\n\t\t\t\t\t\t<span class=\"elementor-button-content-wrapper\">\n\t\t\t\t\t\t<span class=\"elementor-button-text\">Read more<\/span>\n\t\t<\/span>\n\t\t\t\t\t<\/a>\n\t\t<\/div>\n\t\t\t\t<\/div>\n\t\t\t\t<\/div>\n\t\t\t\t<div class=\"elementor-element elementor-element-66a62c1 elementor-widget elementor-widget-spacer\" data-id=\"66a62c1\" data-element_type=\"widget\" data-widget_type=\"spacer.default\">\n\t\t\t\t<div class=\"elementor-widget-container\">\n\t\t\t\t\t<div class=\"elementor-spacer\">\n\t\t\t<div class=\"elementor-spacer-inner\"><\/div>\n\t\t<\/div>\n\t\t\t\t<\/div>\n\t\t\t\t<\/div>\n\t\t\t\t\t<\/div>\n\t\t<\/div>\n\t\t\t\t\t\t\t<\/div>\n\t\t<\/section>\n\t\t\t\t\t\t<\/div>\n\t\t\t\t\t<\/div>\n\t\t","protected":false},"excerpt":{"rendered":"<p>The Hunchback Previous Next The Hunchback: Vaidas Baumila Gunde: Ingrida \u017dili\u016bt\u0117 Director: Raimundas Banionis Scenography: Ar\u016bnas Paslaitis, Sigita \u0160imk\u016bnait\u0117 Conductor: Vytautas Luko\u010dius Choreography: Vaida Mielda\u017eien\u0117 Costume designer: Indr\u0117 Budreckyt\u0117 Read more<\/p>\n","protected":false},"author":1,"featured_media":0,"parent":0,"menu_order":0,"comment_status":"closed","ping_status":"closed","template":"elementor_header_footer","meta":[],"yoast_head":"<!-- This site is optimized with the Yoast SEO plugin v15.9 - https:\/\/yoast.com\/wordpress\/plugins\/seo\/ -->\n<title>The Hunchback | Raimundas Banionis<\/title>\n<meta name=\"robots\" content=\"index, follow, max-snippet:-1, max-image-preview:large, max-video-preview:-1\" \/>\n<link rel=\"canonical\" href=\"https:\/\/banionis.lt\/index.php\/language\/en\/the-hunchback\/\" \/>\n<meta property=\"og:locale\" content=\"en_US\" \/>\n<meta property=\"og:type\" content=\"article\" \/>\n<meta property=\"og:title\" content=\"The Hunchback | Raimundas Banionis\" \/>\n<meta property=\"og:description\" content=\"The Hunchback Previous Next The Hunchback: Vaidas Baumila Gunde: Ingrida \u017dili\u016bt\u0117 Director: Raimundas Banionis Scenography: Ar\u016bnas Paslaitis, Sigita \u0160imk\u016bnait\u0117 Conductor: Vytautas Luko\u010dius Choreography: Vaida Mielda\u017eien\u0117 Costume designer: Indr\u0117 Budreckyt\u0117 Read more\" \/>\n<meta property=\"og:url\" content=\"https:\/\/banionis.lt\/index.php\/language\/en\/the-hunchback\/\" \/>\n<meta property=\"og:site_name\" content=\"Raimundas Banionis\" \/>\n<meta property=\"article:modified_time\" content=\"2021-02-19T12:29:10+00:00\" \/>\n<meta property=\"og:image\" content=\"http:\/\/banionis.lt\/wp-content\/uploads\/2021\/02\/Kuprelis2_lg-1.jpg\" \/>\n<meta name=\"twitter:card\" content=\"summary_large_image\" \/>\n<script type=\"application\/ld+json\" class=\"yoast-schema-graph\">{\"@context\":\"https:\/\/schema.org\",\"@graph\":[{\"@type\":\"WebSite\",\"@id\":\"http:\/\/banionis.lt\/index.php\/language\/en\/#website\",\"url\":\"http:\/\/banionis.lt\/index.php\/language\/en\/\",\"name\":\"Raimundas Banionis\",\"description\":\"\",\"potentialAction\":[{\"@type\":\"SearchAction\",\"target\":\"http:\/\/banionis.lt\/index.php\/language\/en\/?s={search_term_string}\",\"query-input\":\"required name=search_term_string\"}],\"inLanguage\":\"en-US\"},{\"@type\":\"ImageObject\",\"@id\":\"https:\/\/banionis.lt\/index.php\/language\/en\/the-hunchback\/#primaryimage\",\"inLanguage\":\"en-US\",\"url\":\"http:\/\/banionis.lt\/wp-content\/uploads\/2021\/02\/Kuprelis2_lg-1.jpg\"},{\"@type\":\"WebPage\",\"@id\":\"https:\/\/banionis.lt\/index.php\/language\/en\/the-hunchback\/#webpage\",\"url\":\"https:\/\/banionis.lt\/index.php\/language\/en\/the-hunchback\/\",\"name\":\"The Hunchback | Raimundas Banionis\",\"isPartOf\":{\"@id\":\"http:\/\/banionis.lt\/index.php\/language\/en\/#website\"},\"primaryImageOfPage\":{\"@id\":\"https:\/\/banionis.lt\/index.php\/language\/en\/the-hunchback\/#primaryimage\"},\"datePublished\":\"2021-02-18T14:56:57+00:00\",\"dateModified\":\"2021-02-19T12:29:10+00:00\",\"breadcrumb\":{\"@id\":\"https:\/\/banionis.lt\/index.php\/language\/en\/the-hunchback\/#breadcrumb\"},\"inLanguage\":\"en-US\",\"potentialAction\":[{\"@type\":\"ReadAction\",\"target\":[\"https:\/\/banionis.lt\/index.php\/language\/en\/the-hunchback\/\"]}]},{\"@type\":\"BreadcrumbList\",\"@id\":\"https:\/\/banionis.lt\/index.php\/language\/en\/the-hunchback\/#breadcrumb\",\"itemListElement\":[{\"@type\":\"ListItem\",\"position\":1,\"item\":{\"@type\":\"WebPage\",\"@id\":\"https:\/\/banionis.lt\/\",\"url\":\"https:\/\/banionis.lt\/\",\"name\":\"Home\"}},{\"@type\":\"ListItem\",\"position\":2,\"item\":{\"@type\":\"WebPage\",\"@id\":\"https:\/\/banionis.lt\/index.php\/language\/en\/the-hunchback\/\",\"url\":\"https:\/\/banionis.lt\/index.php\/language\/en\/the-hunchback\/\",\"name\":\"The Hunchback\"}}]}]}<\/script>\n<!-- \/ Yoast SEO plugin. -->","_links":{"self":[{"href":"https:\/\/banionis.lt\/index.php\/wp-json\/wp\/v2\/pages\/1921"}],"collection":[{"href":"https:\/\/banionis.lt\/index.php\/wp-json\/wp\/v2\/pages"}],"about":[{"href":"https:\/\/banionis.lt\/index.php\/wp-json\/wp\/v2\/types\/page"}],"author":[{"embeddable":true,"href":"https:\/\/banionis.lt\/index.php\/wp-json\/wp\/v2\/users\/1"}],"replies":[{"embeddable":true,"href":"https:\/\/banionis.lt\/index.php\/wp-json\/wp\/v2\/comments?post=1921"}],"version-history":[{"count":7,"href":"https:\/\/banionis.lt\/index.php\/wp-json\/wp\/v2\/pages\/1921\/revisions"}],"predecessor-version":[{"id":1928,"href":"https:\/\/banionis.lt\/index.php\/wp-json\/wp\/v2\/pages\/1921\/revisions\/1928"}],"wp:attachment":[{"href":"https:\/\/banionis.lt\/index.php\/wp-json\/wp\/v2\/media?parent=1921"}],"curies":[{"name":"wp","href":"https:\/\/api.w.org\/{rel}","templated":true}]}}