{"id":1876,"date":"2021-02-18T13:22:43","date_gmt":"2021-02-18T13:22:43","guid":{"rendered":"http:\/\/banionis.lt\/?page_id=1876"},"modified":"2021-02-19T11:59:30","modified_gmt":"2021-02-19T11:59:30","slug":"turandot-2","status":"publish","type":"page","link":"https:\/\/banionis.lt\/index.php\/language\/en\/turandot-2\/","title":{"rendered":"Turandot"},"content":{"rendered":"\t\t<div data-elementor-type=\"wp-page\" data-elementor-id=\"1876\" class=\"elementor elementor-1876\" data-elementor-settings=\"[]\">\n\t\t\t\t\t\t\t<div class=\"elementor-section-wrap\">\n\t\t\t\t\t\t\t<section class=\"elementor-section elementor-top-section elementor-element elementor-element-18ca9d6 elementor-section-full_width elementor-section-height-default elementor-section-height-default\" data-id=\"18ca9d6\" data-element_type=\"section\">\n\t\t\t\t\t\t<div class=\"elementor-container elementor-column-gap-default\">\n\t\t\t\t\t<div class=\"elementor-column elementor-col-100 elementor-top-column elementor-element elementor-element-f9bd277\" data-id=\"f9bd277\" data-element_type=\"column\">\n\t\t\t<div class=\"elementor-widget-wrap elementor-element-populated\">\n\t\t\t\t\t\t\t\t<div class=\"elementor-element elementor-element-6f8acf1 elementor-widget elementor-widget-spacer\" data-id=\"6f8acf1\" data-element_type=\"widget\" data-widget_type=\"spacer.default\">\n\t\t\t\t<div class=\"elementor-widget-container\">\n\t\t\t\t\t<div class=\"elementor-spacer\">\n\t\t\t<div class=\"elementor-spacer-inner\"><\/div>\n\t\t<\/div>\n\t\t\t\t<\/div>\n\t\t\t\t<\/div>\n\t\t\t\t<div class=\"elementor-element elementor-element-08ac353 elementor-widget elementor-widget-heading\" data-id=\"08ac353\" data-element_type=\"widget\" data-widget_type=\"heading.default\">\n\t\t\t\t<div class=\"elementor-widget-container\">\n\t\t\t<h1 class=\"elementor-heading-title elementor-size-default\"><i>Turandot<\/i><\/h1>\t\t<\/div>\n\t\t\t\t<\/div>\n\t\t\t\t<div class=\"elementor-element elementor-element-37d5b0a elementor-widget elementor-widget-spacer\" data-id=\"37d5b0a\" data-element_type=\"widget\" data-widget_type=\"spacer.default\">\n\t\t\t\t<div class=\"elementor-widget-container\">\n\t\t\t\t\t<div class=\"elementor-spacer\">\n\t\t\t<div class=\"elementor-spacer-inner\"><\/div>\n\t\t<\/div>\n\t\t\t\t<\/div>\n\t\t\t\t<\/div>\n\t\t\t\t<div class=\"elementor-element elementor-element-3ccf080 elementor-arrows-position-outside elementor-widget elementor-widget-image-carousel\" data-id=\"3ccf080\" data-element_type=\"widget\" data-settings=\"{&quot;slides_to_show&quot;:&quot;2&quot;,&quot;slides_to_scroll&quot;:&quot;1&quot;,&quot;navigation&quot;:&quot;arrows&quot;,&quot;autoplay&quot;:&quot;yes&quot;,&quot;pause_on_hover&quot;:&quot;yes&quot;,&quot;pause_on_interaction&quot;:&quot;yes&quot;,&quot;autoplay_speed&quot;:5000,&quot;infinite&quot;:&quot;yes&quot;,&quot;speed&quot;:500}\" data-widget_type=\"image-carousel.default\">\n\t\t\t\t<div class=\"elementor-widget-container\">\n\t\t\t\t\t<div class=\"elementor-image-carousel-wrapper swiper-container\" dir=\"ltr\">\n\t\t\t<div class=\"elementor-image-carousel swiper-wrapper\">\n\t\t\t\t<div class=\"swiper-slide\"><a data-elementor-open-lightbox=\"yes\" data-elementor-lightbox-slideshow=\"3ccf080\" data-elementor-lightbox-title=\"Turandot_1_lg\" href=\"https:\/\/banionis.lt\/wp-content\/uploads\/2021\/02\/Turandot_1_lg.jpg\"><figure class=\"swiper-slide-inner\"><img class=\"swiper-slide-image\" src=\"https:\/\/banionis.lt\/wp-content\/uploads\/2021\/02\/Turandot_1_lg.jpg\" alt=\"Turandot_1_lg\" \/><\/figure><\/a><\/div><div class=\"swiper-slide\"><a data-elementor-open-lightbox=\"yes\" data-elementor-lightbox-slideshow=\"3ccf080\" data-elementor-lightbox-title=\"Turandot_2_lg\" href=\"https:\/\/banionis.lt\/wp-content\/uploads\/2021\/02\/Turandot_2_lg.jpg\"><figure class=\"swiper-slide-inner\"><img class=\"swiper-slide-image\" src=\"https:\/\/banionis.lt\/wp-content\/uploads\/2021\/02\/Turandot_2_lg.jpg\" alt=\"Turandot_2_lg\" \/><\/figure><\/a><\/div><div class=\"swiper-slide\"><a data-elementor-open-lightbox=\"yes\" data-elementor-lightbox-slideshow=\"3ccf080\" data-elementor-lightbox-title=\"Turandot_4_lg\" href=\"https:\/\/banionis.lt\/wp-content\/uploads\/2021\/02\/Turandot_4_lg.jpg\"><figure class=\"swiper-slide-inner\"><img class=\"swiper-slide-image\" src=\"https:\/\/banionis.lt\/wp-content\/uploads\/2021\/02\/Turandot_4_lg.jpg\" alt=\"Turandot_4_lg\" \/><\/figure><\/a><\/div><div class=\"swiper-slide\"><a data-elementor-open-lightbox=\"yes\" data-elementor-lightbox-slideshow=\"3ccf080\" data-elementor-lightbox-title=\"Turandot_5_lg\" href=\"https:\/\/banionis.lt\/wp-content\/uploads\/2021\/02\/Turandot_5_lg-1.jpg\"><figure class=\"swiper-slide-inner\"><img class=\"swiper-slide-image\" src=\"https:\/\/banionis.lt\/wp-content\/uploads\/2021\/02\/Turandot_5_lg-1.jpg\" alt=\"Turandot_5_lg\" \/><\/figure><\/a><\/div><div class=\"swiper-slide\"><a data-elementor-open-lightbox=\"yes\" data-elementor-lightbox-slideshow=\"3ccf080\" data-elementor-lightbox-title=\"Turandot_7_lg\" href=\"https:\/\/banionis.lt\/wp-content\/uploads\/2021\/02\/Turandot_7_lg.jpg\"><figure class=\"swiper-slide-inner\"><img class=\"swiper-slide-image\" src=\"https:\/\/banionis.lt\/wp-content\/uploads\/2021\/02\/Turandot_7_lg.jpg\" alt=\"Turandot_7_lg\" \/><\/figure><\/a><\/div><div class=\"swiper-slide\"><a data-elementor-open-lightbox=\"yes\" data-elementor-lightbox-slideshow=\"3ccf080\" data-elementor-lightbox-title=\"Turandot_8_lg\" href=\"https:\/\/banionis.lt\/wp-content\/uploads\/2021\/02\/Turandot_8_lg.jpg\"><figure class=\"swiper-slide-inner\"><img class=\"swiper-slide-image\" src=\"https:\/\/banionis.lt\/wp-content\/uploads\/2021\/02\/Turandot_8_lg.jpg\" alt=\"Turandot_8_lg\" \/><\/figure><\/a><\/div><div class=\"swiper-slide\"><a data-elementor-open-lightbox=\"yes\" data-elementor-lightbox-slideshow=\"3ccf080\" data-elementor-lightbox-title=\"Turandot_9_lg\" href=\"https:\/\/banionis.lt\/wp-content\/uploads\/2021\/02\/Turandot_9_lg.jpg\"><figure class=\"swiper-slide-inner\"><img class=\"swiper-slide-image\" src=\"https:\/\/banionis.lt\/wp-content\/uploads\/2021\/02\/Turandot_9_lg.jpg\" alt=\"Turandot_9_lg\" \/><\/figure><\/a><\/div>\t\t\t<\/div>\n\t\t\t\t\t\t\t\t\t\t\t\t\t\t\t\t<div class=\"elementor-swiper-button elementor-swiper-button-prev\">\n\t\t\t\t\t\t<i class=\"eicon-chevron-left\" aria-hidden=\"true\"><\/i>\n\t\t\t\t\t\t<span class=\"elementor-screen-only\">Previous<\/span>\n\t\t\t\t\t<\/div>\n\t\t\t\t\t<div class=\"elementor-swiper-button elementor-swiper-button-next\">\n\t\t\t\t\t\t<i class=\"eicon-chevron-right\" aria-hidden=\"true\"><\/i>\n\t\t\t\t\t\t<span class=\"elementor-screen-only\">Next<\/span>\n\t\t\t\t\t<\/div>\n\t\t\t\t\t\t\t\t\t<\/div>\n\t\t\t\t<\/div>\n\t\t\t\t<\/div>\n\t\t\t\t\t<\/div>\n\t\t<\/div>\n\t\t\t\t\t\t\t<\/div>\n\t\t<\/section>\n\t\t\t\t<section class=\"elementor-section elementor-top-section elementor-element elementor-element-e6ca4b6 elementor-section-boxed elementor-section-height-default elementor-section-height-default\" data-id=\"e6ca4b6\" data-element_type=\"section\">\n\t\t\t\t\t\t<div class=\"elementor-container elementor-column-gap-default\">\n\t\t\t\t\t<div class=\"elementor-column elementor-col-100 elementor-top-column elementor-element elementor-element-1c7f780\" data-id=\"1c7f780\" data-element_type=\"column\">\n\t\t\t<div class=\"elementor-widget-wrap elementor-element-populated\">\n\t\t\t\t\t\t\t\t<div class=\"elementor-element elementor-element-73fb6f1 elementor-widget elementor-widget-heading\" data-id=\"73fb6f1\" data-element_type=\"widget\" data-widget_type=\"heading.default\">\n\t\t\t\t<div class=\"elementor-widget-container\">\n\t\t\t<h3 class=\"elementor-heading-title elementor-size-medium\">Turandot: Oksana Kramaryeva<br>\nAltoum: Kjetil St\u00f8a<br>\nTimur: Insung Sim<br>\nCalaf: Sergei Poliakov<br>\nLiu: Sabina Cvilak<br>\nPing: Javier Franco<br>\nPang: K\u00e5re Bj\u00f8rk\u00f8y<br>\nPong: Harald Bj\u00f8rk\u00f8y<br>\nMandarin: Knut Stiklestad<br><br>\n\nConductor: Alberto Hold-Garrido<br>\nPianist: Maris Skuja<br>\nScenography: Liina Keevalik<br>\nChoreography: Vesta Grab\u0161taite<br>\nCostumes: Daiva Petrulyt\u0117<br>\nLights: Steinar Lohne,<br>\nProducers: David Zavalkovskii ir Paul Himma<\/h3>\t\t<\/div>\n\t\t\t\t<\/div>\n\t\t\t\t\t<\/div>\n\t\t<\/div>\n\t\t\t\t\t\t\t<\/div>\n\t\t<\/section>\n\t\t\t\t<section class=\"elementor-section elementor-top-section elementor-element elementor-element-6a01e1f elementor-section-boxed elementor-section-height-default elementor-section-height-default\" data-id=\"6a01e1f\" data-element_type=\"section\">\n\t\t\t\t\t\t<div class=\"elementor-container elementor-column-gap-default\">\n\t\t\t\t\t<div class=\"elementor-column elementor-col-100 elementor-top-column elementor-element elementor-element-b5a088d\" data-id=\"b5a088d\" data-element_type=\"column\">\n\t\t\t<div class=\"elementor-widget-wrap elementor-element-populated\">\n\t\t\t\t\t\t\t\t<div class=\"elementor-element elementor-element-bca75cc elementor-widget elementor-widget-heading\" data-id=\"bca75cc\" data-element_type=\"widget\" data-widget_type=\"heading.default\">\n\t\t\t\t<div class=\"elementor-widget-container\">\n\t\t\t<h3 class=\"elementor-heading-title elementor-size-medium\"><br>Video<\/h3>\t\t<\/div>\n\t\t\t\t<\/div>\n\t\t\t\t<div class=\"elementor-element elementor-element-7fc7a2e elementor-aspect-ratio-169 elementor-widget elementor-widget-video\" data-id=\"7fc7a2e\" data-element_type=\"widget\" data-settings=\"{&quot;youtube_url&quot;:&quot;https:\\\/\\\/www.youtube.com\\\/watch?v=eDn2bMGW9Rs&amp;feature=emb_title&amp;ab_channel=RaimundasBanionis&quot;,&quot;video_type&quot;:&quot;youtube&quot;,&quot;controls&quot;:&quot;yes&quot;,&quot;aspect_ratio&quot;:&quot;169&quot;}\" data-widget_type=\"video.default\">\n\t\t\t\t<div class=\"elementor-widget-container\">\n\t\t\t\t\t<div class=\"elementor-wrapper elementor-fit-aspect-ratio elementor-open-inline\">\n\t\t\t<div class=\"elementor-video\"><\/div>\t\t<\/div>\n\t\t\t\t<\/div>\n\t\t\t\t<\/div>\n\t\t\t\t<div class=\"elementor-element elementor-element-8d04629 elementor-widget elementor-widget-spacer\" data-id=\"8d04629\" data-element_type=\"widget\" data-widget_type=\"spacer.default\">\n\t\t\t\t<div class=\"elementor-widget-container\">\n\t\t\t\t\t<div class=\"elementor-spacer\">\n\t\t\t<div class=\"elementor-spacer-inner\"><\/div>\n\t\t<\/div>\n\t\t\t\t<\/div>\n\t\t\t\t<\/div>\n\t\t\t\t\t<\/div>\n\t\t<\/div>\n\t\t\t\t\t\t\t<\/div>\n\t\t<\/section>\n\t\t\t\t\t\t<\/div>\n\t\t\t\t\t<\/div>\n\t\t","protected":false},"excerpt":{"rendered":"<p>Turandot Previous Next Turandot: Oksana Kramaryeva Altoum: Kjetil St\u00f8a Timur: Insung Sim Calaf: Sergei Poliakov Liu: Sabina Cvilak Ping: Javier Franco Pang: K\u00e5re Bj\u00f8rk\u00f8y Pong: Harald Bj\u00f8rk\u00f8y Mandarin: Knut Stiklestad Conductor: Alberto Hold-Garrido Pianist: Maris Skuja Scenography: Liina Keevalik Choreography: Vesta Grab\u0161taite Costumes: Daiva Petrulyt\u0117 Lights: Steinar Lohne, Producers: David Zavalkovskii ir Paul Himma Video<\/p>\n","protected":false},"author":1,"featured_media":0,"parent":0,"menu_order":0,"comment_status":"closed","ping_status":"closed","template":"elementor_header_footer","meta":[],"yoast_head":"<!-- This site is optimized with the Yoast SEO plugin v15.9 - https:\/\/yoast.com\/wordpress\/plugins\/seo\/ -->\n<title>Turandot | Raimundas Banionis<\/title>\n<meta name=\"robots\" content=\"index, follow, max-snippet:-1, max-image-preview:large, max-video-preview:-1\" \/>\n<link rel=\"canonical\" href=\"http:\/\/banionis.lt\/index.php\/language\/en\/turandot-2\/\" \/>\n<meta property=\"og:locale\" content=\"en_US\" \/>\n<meta property=\"og:type\" content=\"article\" \/>\n<meta property=\"og:title\" content=\"Turandot | Raimundas Banionis\" \/>\n<meta property=\"og:description\" content=\"Turandot Previous Next Turandot: Oksana Kramaryeva Altoum: Kjetil St\u00f8a Timur: Insung Sim Calaf: Sergei Poliakov Liu: Sabina Cvilak Ping: Javier Franco Pang: K\u00e5re Bj\u00f8rk\u00f8y Pong: Harald Bj\u00f8rk\u00f8y Mandarin: Knut Stiklestad Conductor: Alberto Hold-Garrido Pianist: Maris Skuja Scenography: Liina Keevalik Choreography: Vesta Grab\u0161taite Costumes: Daiva Petrulyt\u0117 Lights: Steinar Lohne, Producers: David Zavalkovskii ir Paul Himma Video\" \/>\n<meta property=\"og:url\" content=\"http:\/\/banionis.lt\/index.php\/language\/en\/turandot-2\/\" \/>\n<meta property=\"og:site_name\" content=\"Raimundas Banionis\" \/>\n<meta property=\"article:modified_time\" content=\"2021-02-19T11:59:30+00:00\" \/>\n<meta property=\"og:image\" content=\"http:\/\/banionis.lt\/wp-content\/uploads\/2021\/02\/Turandot_1_lg.jpg\" \/>\n<meta name=\"twitter:card\" content=\"summary_large_image\" \/>\n<script type=\"application\/ld+json\" class=\"yoast-schema-graph\">{\"@context\":\"https:\/\/schema.org\",\"@graph\":[{\"@type\":\"WebSite\",\"@id\":\"https:\/\/banionis.lt\/index.php\/language\/en\/#website\",\"url\":\"https:\/\/banionis.lt\/index.php\/language\/en\/\",\"name\":\"Raimundas Banionis\",\"description\":\"\",\"potentialAction\":[{\"@type\":\"SearchAction\",\"target\":\"https:\/\/banionis.lt\/index.php\/language\/en\/?s={search_term_string}\",\"query-input\":\"required name=search_term_string\"}],\"inLanguage\":\"en-US\"},{\"@type\":\"ImageObject\",\"@id\":\"http:\/\/banionis.lt\/index.php\/language\/en\/turandot-2\/#primaryimage\",\"inLanguage\":\"en-US\",\"url\":\"http:\/\/banionis.lt\/wp-content\/uploads\/2021\/02\/Turandot_1_lg.jpg\"},{\"@type\":\"WebPage\",\"@id\":\"http:\/\/banionis.lt\/index.php\/language\/en\/turandot-2\/#webpage\",\"url\":\"http:\/\/banionis.lt\/index.php\/language\/en\/turandot-2\/\",\"name\":\"Turandot | Raimundas Banionis\",\"isPartOf\":{\"@id\":\"https:\/\/banionis.lt\/index.php\/language\/en\/#website\"},\"primaryImageOfPage\":{\"@id\":\"http:\/\/banionis.lt\/index.php\/language\/en\/turandot-2\/#primaryimage\"},\"datePublished\":\"2021-02-18T13:22:43+00:00\",\"dateModified\":\"2021-02-19T11:59:30+00:00\",\"breadcrumb\":{\"@id\":\"http:\/\/banionis.lt\/index.php\/language\/en\/turandot-2\/#breadcrumb\"},\"inLanguage\":\"en-US\",\"potentialAction\":[{\"@type\":\"ReadAction\",\"target\":[\"http:\/\/banionis.lt\/index.php\/language\/en\/turandot-2\/\"]}]},{\"@type\":\"BreadcrumbList\",\"@id\":\"http:\/\/banionis.lt\/index.php\/language\/en\/turandot-2\/#breadcrumb\",\"itemListElement\":[{\"@type\":\"ListItem\",\"position\":1,\"item\":{\"@type\":\"WebPage\",\"@id\":\"https:\/\/banionis.lt\/\",\"url\":\"https:\/\/banionis.lt\/\",\"name\":\"Home\"}},{\"@type\":\"ListItem\",\"position\":2,\"item\":{\"@type\":\"WebPage\",\"@id\":\"http:\/\/banionis.lt\/index.php\/language\/en\/turandot-2\/\",\"url\":\"http:\/\/banionis.lt\/index.php\/language\/en\/turandot-2\/\",\"name\":\"Turandot\"}}]}]}<\/script>\n<!-- \/ Yoast SEO plugin. -->","_links":{"self":[{"href":"https:\/\/banionis.lt\/index.php\/wp-json\/wp\/v2\/pages\/1876"}],"collection":[{"href":"https:\/\/banionis.lt\/index.php\/wp-json\/wp\/v2\/pages"}],"about":[{"href":"https:\/\/banionis.lt\/index.php\/wp-json\/wp\/v2\/types\/page"}],"author":[{"embeddable":true,"href":"https:\/\/banionis.lt\/index.php\/wp-json\/wp\/v2\/users\/1"}],"replies":[{"embeddable":true,"href":"https:\/\/banionis.lt\/index.php\/wp-json\/wp\/v2\/comments?post=1876"}],"version-history":[{"count":4,"href":"https:\/\/banionis.lt\/index.php\/wp-json\/wp\/v2\/pages\/1876\/revisions"}],"predecessor-version":[{"id":1880,"href":"https:\/\/banionis.lt\/index.php\/wp-json\/wp\/v2\/pages\/1876\/revisions\/1880"}],"wp:attachment":[{"href":"https:\/\/banionis.lt\/index.php\/wp-json\/wp\/v2\/media?parent=1876"}],"curies":[{"name":"wp","href":"https:\/\/api.w.org\/{rel}","templated":true}]}}