{"id":1434,"date":"2021-02-18T15:11:14","date_gmt":"2021-02-18T15:11:14","guid":{"rendered":"http:\/\/banionis.lt\/?page_id=1434"},"modified":"2021-02-18T15:14:21","modified_gmt":"2021-02-18T15:14:21","slug":"ledi-makbet-is-mcensko-apskrities","status":"publish","type":"page","link":"https:\/\/banionis.lt\/index.php\/ledi-makbet-is-mcensko-apskrities\/","title":{"rendered":"\u201eLedi Makbet i\u0161 Mcensko apskrities\u201c"},"content":{"rendered":"\t\t<div data-elementor-type=\"wp-page\" data-elementor-id=\"1434\" class=\"elementor elementor-1434\" data-elementor-settings=\"[]\">\n\t\t\t\t\t\t\t<div class=\"elementor-section-wrap\">\n\t\t\t\t\t\t\t<section class=\"elementor-section elementor-top-section elementor-element elementor-element-66e7a61 elementor-section-full_width elementor-section-height-default elementor-section-height-default\" data-id=\"66e7a61\" data-element_type=\"section\">\n\t\t\t\t\t\t<div class=\"elementor-container elementor-column-gap-wide\">\n\t\t\t\t\t<div class=\"elementor-column elementor-col-100 elementor-top-column elementor-element elementor-element-7cb6293\" data-id=\"7cb6293\" data-element_type=\"column\">\n\t\t\t<div class=\"elementor-widget-wrap elementor-element-populated\">\n\t\t\t\t\t\t\t\t<div class=\"elementor-element elementor-element-20c2207 elementor-widget elementor-widget-spacer\" data-id=\"20c2207\" data-element_type=\"widget\" data-widget_type=\"spacer.default\">\n\t\t\t\t<div class=\"elementor-widget-container\">\n\t\t\t\t\t<div class=\"elementor-spacer\">\n\t\t\t<div class=\"elementor-spacer-inner\"><\/div>\n\t\t<\/div>\n\t\t\t\t<\/div>\n\t\t\t\t<\/div>\n\t\t\t\t<div class=\"elementor-element elementor-element-855e03b elementor-widget elementor-widget-heading\" data-id=\"855e03b\" data-element_type=\"widget\" data-widget_type=\"heading.default\">\n\t\t\t\t<div class=\"elementor-widget-container\">\n\t\t\t<h1 class=\"elementor-heading-title elementor-size-default\">\u201eLedi Makbet i\u0161 Mcensko apskrities\u201c<\/h1>\t\t<\/div>\n\t\t\t\t<\/div>\n\t\t\t\t<div class=\"elementor-element elementor-element-581d3df elementor-widget elementor-widget-spacer\" data-id=\"581d3df\" data-element_type=\"widget\" data-widget_type=\"spacer.default\">\n\t\t\t\t<div class=\"elementor-widget-container\">\n\t\t\t\t\t<div class=\"elementor-spacer\">\n\t\t\t<div class=\"elementor-spacer-inner\"><\/div>\n\t\t<\/div>\n\t\t\t\t<\/div>\n\t\t\t\t<\/div>\n\t\t\t\t<div class=\"elementor-element elementor-element-aa49e0e elementor-arrows-position-outside elementor-widget elementor-widget-image-carousel\" data-id=\"aa49e0e\" data-element_type=\"widget\" data-settings=\"{&quot;slides_to_show&quot;:&quot;2&quot;,&quot;slides_to_scroll&quot;:&quot;1&quot;,&quot;navigation&quot;:&quot;arrows&quot;,&quot;autoplay&quot;:&quot;yes&quot;,&quot;pause_on_hover&quot;:&quot;yes&quot;,&quot;pause_on_interaction&quot;:&quot;yes&quot;,&quot;autoplay_speed&quot;:5000,&quot;infinite&quot;:&quot;yes&quot;,&quot;speed&quot;:500}\" data-widget_type=\"image-carousel.default\">\n\t\t\t\t<div class=\"elementor-widget-container\">\n\t\t\t\t\t<div class=\"elementor-image-carousel-wrapper swiper-container\" dir=\"ltr\">\n\t\t\t<div class=\"elementor-image-carousel swiper-wrapper\">\n\t\t\t\t<div class=\"swiper-slide\"><a data-elementor-open-lightbox=\"yes\" data-elementor-lightbox-slideshow=\"aa49e0e\" data-elementor-lightbox-title=\"Ledi_2_lg\" href=\"https:\/\/banionis.lt\/wp-content\/uploads\/2021\/02\/Ledi_2_lg.jpg\"><figure class=\"swiper-slide-inner\"><img class=\"swiper-slide-image\" src=\"https:\/\/banionis.lt\/wp-content\/uploads\/2021\/02\/Ledi_2_lg.jpg\" alt=\"Ledi_2_lg\" \/><\/figure><\/a><\/div><div class=\"swiper-slide\"><a data-elementor-open-lightbox=\"yes\" data-elementor-lightbox-slideshow=\"aa49e0e\" data-elementor-lightbox-title=\"Ledi_22b_lg\" href=\"https:\/\/banionis.lt\/wp-content\/uploads\/2021\/02\/Ledi_22b_lg-1.jpg\"><figure class=\"swiper-slide-inner\"><img class=\"swiper-slide-image\" src=\"https:\/\/banionis.lt\/wp-content\/uploads\/2021\/02\/Ledi_22b_lg-1.jpg\" alt=\"Ledi_22b_lg\" \/><\/figure><\/a><\/div><div class=\"swiper-slide\"><a data-elementor-open-lightbox=\"yes\" data-elementor-lightbox-slideshow=\"aa49e0e\" data-elementor-lightbox-title=\"Ledi_91_lg\" href=\"https:\/\/banionis.lt\/wp-content\/uploads\/2021\/02\/Ledi_91_lg.jpg\"><figure class=\"swiper-slide-inner\"><img class=\"swiper-slide-image\" src=\"https:\/\/banionis.lt\/wp-content\/uploads\/2021\/02\/Ledi_91_lg.jpg\" alt=\"Ledi_91_lg\" \/><\/figure><\/a><\/div><div class=\"swiper-slide\"><a data-elementor-open-lightbox=\"yes\" data-elementor-lightbox-slideshow=\"aa49e0e\" data-elementor-lightbox-title=\"Ledi_127_lg\" href=\"https:\/\/banionis.lt\/wp-content\/uploads\/2021\/02\/Ledi_127_lg.jpg\"><figure class=\"swiper-slide-inner\"><img class=\"swiper-slide-image\" src=\"https:\/\/banionis.lt\/wp-content\/uploads\/2021\/02\/Ledi_127_lg.jpg\" alt=\"Ledi_127_lg\" \/><\/figure><\/a><\/div><div class=\"swiper-slide\"><a data-elementor-open-lightbox=\"yes\" data-elementor-lightbox-slideshow=\"aa49e0e\" data-elementor-lightbox-title=\"Ledi_137_lg\" href=\"https:\/\/banionis.lt\/wp-content\/uploads\/2021\/02\/Ledi_137_lg.jpg\"><figure class=\"swiper-slide-inner\"><img class=\"swiper-slide-image\" src=\"https:\/\/banionis.lt\/wp-content\/uploads\/2021\/02\/Ledi_137_lg.jpg\" alt=\"Ledi_137_lg\" \/><\/figure><\/a><\/div><div class=\"swiper-slide\"><a data-elementor-open-lightbox=\"yes\" data-elementor-lightbox-slideshow=\"aa49e0e\" data-elementor-lightbox-title=\"Ledi_151_lg\" href=\"https:\/\/banionis.lt\/wp-content\/uploads\/2021\/02\/Ledi_151_lg.jpg\"><figure class=\"swiper-slide-inner\"><img class=\"swiper-slide-image\" src=\"https:\/\/banionis.lt\/wp-content\/uploads\/2021\/02\/Ledi_151_lg.jpg\" alt=\"Ledi_151_lg\" \/><\/figure><\/a><\/div><div class=\"swiper-slide\"><a data-elementor-open-lightbox=\"yes\" data-elementor-lightbox-slideshow=\"aa49e0e\" data-elementor-lightbox-title=\"Ledi_165_lg\" href=\"https:\/\/banionis.lt\/wp-content\/uploads\/2021\/02\/Ledi_165_lg.jpg\"><figure class=\"swiper-slide-inner\"><img class=\"swiper-slide-image\" src=\"https:\/\/banionis.lt\/wp-content\/uploads\/2021\/02\/Ledi_165_lg.jpg\" alt=\"Ledi_165_lg\" \/><\/figure><\/a><\/div><div class=\"swiper-slide\"><a data-elementor-open-lightbox=\"yes\" data-elementor-lightbox-slideshow=\"aa49e0e\" data-elementor-lightbox-title=\"Ledi_190a_lg\" href=\"https:\/\/banionis.lt\/wp-content\/uploads\/2021\/02\/Ledi_190a_lg.jpg\"><figure class=\"swiper-slide-inner\"><img class=\"swiper-slide-image\" src=\"https:\/\/banionis.lt\/wp-content\/uploads\/2021\/02\/Ledi_190a_lg.jpg\" alt=\"Ledi_190a_lg\" \/><\/figure><\/a><\/div>\t\t\t<\/div>\n\t\t\t\t\t\t\t\t\t\t\t\t\t\t\t\t<div class=\"elementor-swiper-button elementor-swiper-button-prev\">\n\t\t\t\t\t\t<i class=\"eicon-chevron-left\" aria-hidden=\"true\"><\/i>\n\t\t\t\t\t\t<span class=\"elementor-screen-only\">Previous<\/span>\n\t\t\t\t\t<\/div>\n\t\t\t\t\t<div class=\"elementor-swiper-button elementor-swiper-button-next\">\n\t\t\t\t\t\t<i class=\"eicon-chevron-right\" aria-hidden=\"true\"><\/i>\n\t\t\t\t\t\t<span class=\"elementor-screen-only\">Next<\/span>\n\t\t\t\t\t<\/div>\n\t\t\t\t\t\t\t\t\t<\/div>\n\t\t\t\t<\/div>\n\t\t\t\t<\/div>\n\t\t\t\t\t<\/div>\n\t\t<\/div>\n\t\t\t\t\t\t\t<\/div>\n\t\t<\/section>\n\t\t\t\t<section class=\"elementor-section elementor-top-section elementor-element elementor-element-08a8be9 elementor-section-boxed elementor-section-height-default elementor-section-height-default\" data-id=\"08a8be9\" data-element_type=\"section\">\n\t\t\t\t\t\t<div class=\"elementor-container elementor-column-gap-default\">\n\t\t\t\t\t<div class=\"elementor-column elementor-col-100 elementor-top-column elementor-element elementor-element-f9f207d\" data-id=\"f9f207d\" data-element_type=\"column\">\n\t\t\t<div class=\"elementor-widget-wrap elementor-element-populated\">\n\t\t\t\t\t\t\t\t<div class=\"elementor-element elementor-element-5e48295 elementor-widget elementor-widget-heading\" data-id=\"5e48295\" data-element_type=\"widget\" data-widget_type=\"heading.default\">\n\t\t\t\t<div class=\"elementor-widget-container\">\n\t\t\t<h3 class=\"elementor-heading-title elementor-size-medium\"><u>Vaidina:<\/u><br>\nInga Norkut\u0117, Juozas Bindokas, Sigitas Jakubauskas, Rolandas Dovydaitis,\nNomeda B\u0117\u010di\u016bt\u0117, Nijol\u0117 Miron\u010dikait\u0117, Povilas Mikla\u0161evi\u010dius (teatro bendradarbis),\nAgn\u0117 Ki\u0161kyt\u0117, Monika \u0160altyt\u0117<br>\n<br>\nRe\u017eisierius: Raimundas Banionis<br>\nScenografas: Serg\u0117jus Bocullo<br>\nKostium\u0173 dailinink\u0117: Daiva Petrulyt\u0117<br>\nChoreograf\u0117: Vesta Grab\u0161tait\u0117<br>\nKompozitorius: Faustas Lat\u0117nas<\/h3>\t\t<\/div>\n\t\t\t\t<\/div>\n\t\t\t\t\t<\/div>\n\t\t<\/div>\n\t\t\t\t\t\t\t<\/div>\n\t\t<\/section>\n\t\t\t\t<section class=\"elementor-section elementor-top-section elementor-element elementor-element-2209bf7 elementor-section-boxed elementor-section-height-default elementor-section-height-default\" data-id=\"2209bf7\" data-element_type=\"section\">\n\t\t\t\t\t\t<div class=\"elementor-container elementor-column-gap-default\">\n\t\t\t\t\t<div class=\"elementor-column elementor-col-100 elementor-top-column elementor-element elementor-element-4443b4c\" data-id=\"4443b4c\" data-element_type=\"column\">\n\t\t\t<div class=\"elementor-widget-wrap elementor-element-populated\">\n\t\t\t\t\t\t\t\t<div class=\"elementor-element elementor-element-63656e0 elementor-widget elementor-widget-heading\" data-id=\"63656e0\" data-element_type=\"widget\" data-widget_type=\"heading.default\">\n\t\t\t\t<div class=\"elementor-widget-container\">\n\t\t\t<h3 class=\"elementor-heading-title elementor-size-medium\"><br>Vaizdo med\u017eiaga<\/h3>\t\t<\/div>\n\t\t\t\t<\/div>\n\t\t\t\t<div class=\"elementor-element elementor-element-b9bc173 elementor-aspect-ratio-169 elementor-widget elementor-widget-video\" data-id=\"b9bc173\" data-element_type=\"widget\" data-settings=\"{&quot;youtube_url&quot;:&quot;https:\\\/\\\/www.youtube.com\\\/watch?v=e9jqLB78DVM&amp;feature=emb_title&amp;ab_channel=RaimundasBanionis&quot;,&quot;video_type&quot;:&quot;youtube&quot;,&quot;controls&quot;:&quot;yes&quot;,&quot;aspect_ratio&quot;:&quot;169&quot;}\" data-widget_type=\"video.default\">\n\t\t\t\t<div class=\"elementor-widget-container\">\n\t\t\t\t\t<div class=\"elementor-wrapper elementor-fit-aspect-ratio elementor-open-inline\">\n\t\t\t<div class=\"elementor-video\"><\/div>\t\t<\/div>\n\t\t\t\t<\/div>\n\t\t\t\t<\/div>\n\t\t\t\t<div class=\"elementor-element elementor-element-5877030 elementor-widget elementor-widget-spacer\" data-id=\"5877030\" data-element_type=\"widget\" data-widget_type=\"spacer.default\">\n\t\t\t\t<div class=\"elementor-widget-container\">\n\t\t\t\t\t<div class=\"elementor-spacer\">\n\t\t\t<div class=\"elementor-spacer-inner\"><\/div>\n\t\t<\/div>\n\t\t\t\t<\/div>\n\t\t\t\t<\/div>\n\t\t\t\t\t<\/div>\n\t\t<\/div>\n\t\t\t\t\t\t\t<\/div>\n\t\t<\/section>\n\t\t\t\t\t\t<\/div>\n\t\t\t\t\t<\/div>\n\t\t","protected":false},"excerpt":{"rendered":"<p>\u201eLedi Makbet i\u0161 Mcensko apskrities\u201c Previous Next Vaidina: Inga Norkut\u0117, Juozas Bindokas, Sigitas Jakubauskas, Rolandas Dovydaitis, Nomeda B\u0117\u010di\u016bt\u0117, Nijol\u0117 Miron\u010dikait\u0117, Povilas Mikla\u0161evi\u010dius (teatro bendradarbis), Agn\u0117 Ki\u0161kyt\u0117, Monika \u0160altyt\u0117 Re\u017eisierius: Raimundas Banionis Scenografas: Serg\u0117jus Bocullo Kostium\u0173 dailinink\u0117: Daiva Petrulyt\u0117 Choreograf\u0117: Vesta Grab\u0161tait\u0117 Kompozitorius: Faustas Lat\u0117nas Vaizdo med\u017eiaga<\/p>\n","protected":false},"author":1,"featured_media":0,"parent":0,"menu_order":0,"comment_status":"closed","ping_status":"closed","template":"elementor_header_footer","meta":[],"yoast_head":"<!-- This site is optimized with the Yoast SEO plugin v15.9 - https:\/\/yoast.com\/wordpress\/plugins\/seo\/ -->\n<title>\u201eLedi Makbet i\u0161 Mcensko apskrities\u201c | Raimundas Banionis<\/title>\n<meta name=\"robots\" content=\"index, follow, max-snippet:-1, max-image-preview:large, max-video-preview:-1\" \/>\n<link rel=\"canonical\" href=\"https:\/\/banionis.lt\/index.php\/ledi-makbet-is-mcensko-apskrities\/\" \/>\n<meta property=\"og:locale\" content=\"en_US\" \/>\n<meta property=\"og:type\" content=\"article\" \/>\n<meta property=\"og:title\" content=\"\u201eLedi Makbet i\u0161 Mcensko apskrities\u201c | Raimundas Banionis\" \/>\n<meta property=\"og:description\" content=\"\u201eLedi Makbet i\u0161 Mcensko apskrities\u201c Previous Next Vaidina: Inga Norkut\u0117, Juozas Bindokas, Sigitas Jakubauskas, Rolandas Dovydaitis, Nomeda B\u0117\u010di\u016bt\u0117, Nijol\u0117 Miron\u010dikait\u0117, Povilas Mikla\u0161evi\u010dius (teatro bendradarbis), Agn\u0117 Ki\u0161kyt\u0117, Monika \u0160altyt\u0117 Re\u017eisierius: Raimundas Banionis Scenografas: Serg\u0117jus Bocullo Kostium\u0173 dailinink\u0117: Daiva Petrulyt\u0117 Choreograf\u0117: Vesta Grab\u0161tait\u0117 Kompozitorius: Faustas Lat\u0117nas Vaizdo med\u017eiaga\" \/>\n<meta property=\"og:url\" content=\"https:\/\/banionis.lt\/index.php\/ledi-makbet-is-mcensko-apskrities\/\" \/>\n<meta property=\"og:site_name\" content=\"Raimundas Banionis\" \/>\n<meta property=\"article:modified_time\" content=\"2021-02-18T15:14:21+00:00\" \/>\n<meta property=\"og:image\" content=\"http:\/\/banionis.lt\/wp-content\/uploads\/2021\/02\/Ledi_2_lg.jpg\" \/>\n<meta name=\"twitter:card\" content=\"summary_large_image\" \/>\n<script type=\"application\/ld+json\" class=\"yoast-schema-graph\">{\"@context\":\"https:\/\/schema.org\",\"@graph\":[{\"@type\":\"WebSite\",\"@id\":\"https:\/\/banionis.lt\/index.php\/language\/en\/#website\",\"url\":\"https:\/\/banionis.lt\/index.php\/language\/en\/\",\"name\":\"Raimundas Banionis\",\"description\":\"\",\"potentialAction\":[{\"@type\":\"SearchAction\",\"target\":\"https:\/\/banionis.lt\/index.php\/language\/en\/?s={search_term_string}\",\"query-input\":\"required name=search_term_string\"}],\"inLanguage\":\"en-US\"},{\"@type\":\"ImageObject\",\"@id\":\"https:\/\/banionis.lt\/index.php\/ledi-makbet-is-mcensko-apskrities\/#primaryimage\",\"inLanguage\":\"en-US\",\"url\":\"http:\/\/banionis.lt\/wp-content\/uploads\/2021\/02\/Ledi_2_lg.jpg\"},{\"@type\":\"WebPage\",\"@id\":\"https:\/\/banionis.lt\/index.php\/ledi-makbet-is-mcensko-apskrities\/#webpage\",\"url\":\"https:\/\/banionis.lt\/index.php\/ledi-makbet-is-mcensko-apskrities\/\",\"name\":\"\\u201eLedi Makbet i\\u0161 Mcensko apskrities\\u201c | Raimundas Banionis\",\"isPartOf\":{\"@id\":\"https:\/\/banionis.lt\/index.php\/language\/en\/#website\"},\"primaryImageOfPage\":{\"@id\":\"https:\/\/banionis.lt\/index.php\/ledi-makbet-is-mcensko-apskrities\/#primaryimage\"},\"datePublished\":\"2021-02-18T15:11:14+00:00\",\"dateModified\":\"2021-02-18T15:14:21+00:00\",\"breadcrumb\":{\"@id\":\"https:\/\/banionis.lt\/index.php\/ledi-makbet-is-mcensko-apskrities\/#breadcrumb\"},\"inLanguage\":\"en-US\",\"potentialAction\":[{\"@type\":\"ReadAction\",\"target\":[\"https:\/\/banionis.lt\/index.php\/ledi-makbet-is-mcensko-apskrities\/\"]}]},{\"@type\":\"BreadcrumbList\",\"@id\":\"https:\/\/banionis.lt\/index.php\/ledi-makbet-is-mcensko-apskrities\/#breadcrumb\",\"itemListElement\":[{\"@type\":\"ListItem\",\"position\":1,\"item\":{\"@type\":\"WebPage\",\"@id\":\"https:\/\/banionis.lt\/\",\"url\":\"https:\/\/banionis.lt\/\",\"name\":\"Home\"}},{\"@type\":\"ListItem\",\"position\":2,\"item\":{\"@type\":\"WebPage\",\"@id\":\"https:\/\/banionis.lt\/index.php\/ledi-makbet-is-mcensko-apskrities\/\",\"url\":\"https:\/\/banionis.lt\/index.php\/ledi-makbet-is-mcensko-apskrities\/\",\"name\":\"\\u201eLedi Makbet i\\u0161 Mcensko apskrities\\u201c\"}}]}]}<\/script>\n<!-- \/ Yoast SEO plugin. -->","_links":{"self":[{"href":"https:\/\/banionis.lt\/index.php\/wp-json\/wp\/v2\/pages\/1434"}],"collection":[{"href":"https:\/\/banionis.lt\/index.php\/wp-json\/wp\/v2\/pages"}],"about":[{"href":"https:\/\/banionis.lt\/index.php\/wp-json\/wp\/v2\/types\/page"}],"author":[{"embeddable":true,"href":"https:\/\/banionis.lt\/index.php\/wp-json\/wp\/v2\/users\/1"}],"replies":[{"embeddable":true,"href":"https:\/\/banionis.lt\/index.php\/wp-json\/wp\/v2\/comments?post=1434"}],"version-history":[{"count":7,"href":"https:\/\/banionis.lt\/index.php\/wp-json\/wp\/v2\/pages\/1434\/revisions"}],"predecessor-version":[{"id":1452,"href":"https:\/\/banionis.lt\/index.php\/wp-json\/wp\/v2\/pages\/1434\/revisions\/1452"}],"wp:attachment":[{"href":"https:\/\/banionis.lt\/index.php\/wp-json\/wp\/v2\/media?parent=1434"}],"curies":[{"name":"wp","href":"https:\/\/api.w.org\/{rel}","templated":true}]}}