{"id":1389,"date":"2021-02-18T14:22:31","date_gmt":"2021-02-18T14:22:31","guid":{"rendered":"http:\/\/banionis.lt\/?page_id=1389"},"modified":"2021-02-18T14:24:17","modified_gmt":"2021-02-18T14:24:17","slug":"zmogus-is-la-mancos","status":"publish","type":"page","link":"https:\/\/banionis.lt\/index.php\/zmogus-is-la-mancos\/","title":{"rendered":"\u201e\u017dmogus i\u0161 La Man\u010dos\u201d"},"content":{"rendered":"\t\t<div data-elementor-type=\"wp-page\" data-elementor-id=\"1389\" class=\"elementor elementor-1389\" data-elementor-settings=\"[]\">\n\t\t\t\t\t\t\t<div class=\"elementor-section-wrap\">\n\t\t\t\t\t\t\t<section class=\"elementor-section elementor-top-section elementor-element elementor-element-171281f elementor-section-full_width elementor-section-height-default elementor-section-height-default\" data-id=\"171281f\" data-element_type=\"section\">\n\t\t\t\t\t\t<div class=\"elementor-container elementor-column-gap-wide\">\n\t\t\t\t\t<div class=\"elementor-column elementor-col-100 elementor-top-column elementor-element elementor-element-99f9605\" data-id=\"99f9605\" data-element_type=\"column\">\n\t\t\t<div class=\"elementor-widget-wrap elementor-element-populated\">\n\t\t\t\t\t\t\t\t<div class=\"elementor-element elementor-element-f8911ce elementor-widget elementor-widget-spacer\" data-id=\"f8911ce\" data-element_type=\"widget\" data-widget_type=\"spacer.default\">\n\t\t\t\t<div class=\"elementor-widget-container\">\n\t\t\t\t\t<div class=\"elementor-spacer\">\n\t\t\t<div class=\"elementor-spacer-inner\"><\/div>\n\t\t<\/div>\n\t\t\t\t<\/div>\n\t\t\t\t<\/div>\n\t\t\t\t<div class=\"elementor-element elementor-element-3b3d8cb elementor-widget elementor-widget-heading\" data-id=\"3b3d8cb\" data-element_type=\"widget\" data-widget_type=\"heading.default\">\n\t\t\t\t<div class=\"elementor-widget-container\">\n\t\t\t<h1 class=\"elementor-heading-title elementor-size-default\">\u201e\u017dmogus i\u0161 La Man\u010dos\u201d<\/h1>\t\t<\/div>\n\t\t\t\t<\/div>\n\t\t\t\t<div class=\"elementor-element elementor-element-9a711ab elementor-widget elementor-widget-spacer\" data-id=\"9a711ab\" data-element_type=\"widget\" data-widget_type=\"spacer.default\">\n\t\t\t\t<div class=\"elementor-widget-container\">\n\t\t\t\t\t<div class=\"elementor-spacer\">\n\t\t\t<div class=\"elementor-spacer-inner\"><\/div>\n\t\t<\/div>\n\t\t\t\t<\/div>\n\t\t\t\t<\/div>\n\t\t\t\t<div class=\"elementor-element elementor-element-6f302f9 elementor-arrows-position-outside elementor-widget elementor-widget-image-carousel\" data-id=\"6f302f9\" data-element_type=\"widget\" data-settings=\"{&quot;slides_to_show&quot;:&quot;2&quot;,&quot;slides_to_scroll&quot;:&quot;1&quot;,&quot;navigation&quot;:&quot;arrows&quot;,&quot;autoplay&quot;:&quot;yes&quot;,&quot;pause_on_hover&quot;:&quot;yes&quot;,&quot;pause_on_interaction&quot;:&quot;yes&quot;,&quot;autoplay_speed&quot;:5000,&quot;infinite&quot;:&quot;yes&quot;,&quot;speed&quot;:500}\" data-widget_type=\"image-carousel.default\">\n\t\t\t\t<div class=\"elementor-widget-container\">\n\t\t\t\t\t<div class=\"elementor-image-carousel-wrapper swiper-container\" dir=\"ltr\">\n\t\t\t<div class=\"elementor-image-carousel swiper-wrapper\">\n\t\t\t\t<div class=\"swiper-slide\"><a data-elementor-open-lightbox=\"yes\" data-elementor-lightbox-slideshow=\"6f302f9\" data-elementor-lightbox-title=\"La_Mancha01_lg\" href=\"https:\/\/banionis.lt\/wp-content\/uploads\/2021\/02\/La_Mancha01_lg.jpg\"><figure class=\"swiper-slide-inner\"><img class=\"swiper-slide-image\" src=\"https:\/\/banionis.lt\/wp-content\/uploads\/2021\/02\/La_Mancha01_lg.jpg\" alt=\"La_Mancha01_lg\" \/><\/figure><\/a><\/div><div class=\"swiper-slide\"><a data-elementor-open-lightbox=\"yes\" data-elementor-lightbox-slideshow=\"6f302f9\" data-elementor-lightbox-title=\"La_Mancha02_lg\" href=\"https:\/\/banionis.lt\/wp-content\/uploads\/2021\/02\/La_Mancha02_lg.jpg\"><figure class=\"swiper-slide-inner\"><img class=\"swiper-slide-image\" src=\"https:\/\/banionis.lt\/wp-content\/uploads\/2021\/02\/La_Mancha02_lg-768x512.jpg\" alt=\"La_Mancha02_lg\" \/><\/figure><\/a><\/div><div class=\"swiper-slide\"><a data-elementor-open-lightbox=\"yes\" data-elementor-lightbox-slideshow=\"6f302f9\" data-elementor-lightbox-title=\"La_Mancha03_lg\" href=\"https:\/\/banionis.lt\/wp-content\/uploads\/2021\/02\/La_Mancha03_lg-1.jpg\"><figure class=\"swiper-slide-inner\"><img class=\"swiper-slide-image\" src=\"https:\/\/banionis.lt\/wp-content\/uploads\/2021\/02\/La_Mancha03_lg-1-768x512.jpg\" alt=\"La_Mancha03_lg\" \/><\/figure><\/a><\/div><div class=\"swiper-slide\"><a data-elementor-open-lightbox=\"yes\" data-elementor-lightbox-slideshow=\"6f302f9\" data-elementor-lightbox-title=\"La_Mancha04_lg\" href=\"https:\/\/banionis.lt\/wp-content\/uploads\/2021\/02\/La_Mancha04_lg.jpg\"><figure class=\"swiper-slide-inner\"><img class=\"swiper-slide-image\" src=\"https:\/\/banionis.lt\/wp-content\/uploads\/2021\/02\/La_Mancha04_lg.jpg\" alt=\"La_Mancha04_lg\" \/><\/figure><\/a><\/div><div class=\"swiper-slide\"><a data-elementor-open-lightbox=\"yes\" data-elementor-lightbox-slideshow=\"6f302f9\" data-elementor-lightbox-title=\"La_Mancha05_lg\" href=\"https:\/\/banionis.lt\/wp-content\/uploads\/2021\/02\/La_Mancha05_lg.jpg\"><figure class=\"swiper-slide-inner\"><img class=\"swiper-slide-image\" src=\"https:\/\/banionis.lt\/wp-content\/uploads\/2021\/02\/La_Mancha05_lg.jpg\" alt=\"La_Mancha05_lg\" \/><\/figure><\/a><\/div><div class=\"swiper-slide\"><a data-elementor-open-lightbox=\"yes\" data-elementor-lightbox-slideshow=\"6f302f9\" data-elementor-lightbox-title=\"La_Mancha06_lg\" href=\"https:\/\/banionis.lt\/wp-content\/uploads\/2021\/02\/La_Mancha06_lg.jpg\"><figure class=\"swiper-slide-inner\"><img class=\"swiper-slide-image\" src=\"https:\/\/banionis.lt\/wp-content\/uploads\/2021\/02\/La_Mancha06_lg.jpg\" alt=\"La_Mancha06_lg\" \/><\/figure><\/a><\/div>\t\t\t<\/div>\n\t\t\t\t\t\t\t\t\t\t\t\t\t\t\t\t<div class=\"elementor-swiper-button elementor-swiper-button-prev\">\n\t\t\t\t\t\t<i class=\"eicon-chevron-left\" aria-hidden=\"true\"><\/i>\n\t\t\t\t\t\t<span class=\"elementor-screen-only\">Previous<\/span>\n\t\t\t\t\t<\/div>\n\t\t\t\t\t<div class=\"elementor-swiper-button elementor-swiper-button-next\">\n\t\t\t\t\t\t<i class=\"eicon-chevron-right\" aria-hidden=\"true\"><\/i>\n\t\t\t\t\t\t<span class=\"elementor-screen-only\">Next<\/span>\n\t\t\t\t\t<\/div>\n\t\t\t\t\t\t\t\t\t<\/div>\n\t\t\t\t<\/div>\n\t\t\t\t<\/div>\n\t\t\t\t\t<\/div>\n\t\t<\/div>\n\t\t\t\t\t\t\t<\/div>\n\t\t<\/section>\n\t\t\t\t<section class=\"elementor-section elementor-top-section elementor-element elementor-element-48c4bb6 elementor-section-boxed elementor-section-height-default elementor-section-height-default\" data-id=\"48c4bb6\" data-element_type=\"section\">\n\t\t\t\t\t\t<div class=\"elementor-container elementor-column-gap-default\">\n\t\t\t\t\t<div class=\"elementor-column elementor-col-100 elementor-top-column elementor-element elementor-element-d10eef7\" data-id=\"d10eef7\" data-element_type=\"column\">\n\t\t\t<div class=\"elementor-widget-wrap elementor-element-populated\">\n\t\t\t\t\t\t\t\t<div class=\"elementor-element elementor-element-9b44b00 elementor-widget elementor-widget-heading\" data-id=\"9b44b00\" data-element_type=\"widget\" data-widget_type=\"heading.default\">\n\t\t\t\t<div class=\"elementor-widget-container\">\n\t\t\t<h3 class=\"elementor-heading-title elementor-size-medium\"><br>Vaizdo med\u017eiaga<\/h3>\t\t<\/div>\n\t\t\t\t<\/div>\n\t\t\t\t<div class=\"elementor-element elementor-element-88ca518 elementor-aspect-ratio-169 elementor-widget elementor-widget-video\" data-id=\"88ca518\" data-element_type=\"widget\" data-settings=\"{&quot;youtube_url&quot;:&quot;https:\\\/\\\/www.youtube.com\\\/watch?v=Z2l49MjzDQ8&amp;feature=emb_title&amp;ab_channel=RaimundasBanionis&quot;,&quot;video_type&quot;:&quot;youtube&quot;,&quot;controls&quot;:&quot;yes&quot;,&quot;aspect_ratio&quot;:&quot;169&quot;}\" data-widget_type=\"video.default\">\n\t\t\t\t<div class=\"elementor-widget-container\">\n\t\t\t\t\t<div class=\"elementor-wrapper elementor-fit-aspect-ratio elementor-open-inline\">\n\t\t\t<div class=\"elementor-video\"><\/div>\t\t<\/div>\n\t\t\t\t<\/div>\n\t\t\t\t<\/div>\n\t\t\t\t<div class=\"elementor-element elementor-element-0d31f83 elementor-widget elementor-widget-spacer\" data-id=\"0d31f83\" data-element_type=\"widget\" data-widget_type=\"spacer.default\">\n\t\t\t\t<div class=\"elementor-widget-container\">\n\t\t\t\t\t<div class=\"elementor-spacer\">\n\t\t\t<div class=\"elementor-spacer-inner\"><\/div>\n\t\t<\/div>\n\t\t\t\t<\/div>\n\t\t\t\t<\/div>\n\t\t\t\t\t<\/div>\n\t\t<\/div>\n\t\t\t\t\t\t\t<\/div>\n\t\t<\/section>\n\t\t\t\t\t\t<\/div>\n\t\t\t\t\t<\/div>\n\t\t","protected":false},"excerpt":{"rendered":"<p>\u201e\u017dmogus i\u0161 La Man\u010dos\u201d Previous Next Vaizdo med\u017eiaga<\/p>\n","protected":false},"author":1,"featured_media":0,"parent":0,"menu_order":0,"comment_status":"closed","ping_status":"closed","template":"elementor_header_footer","meta":[],"yoast_head":"<!-- This site is optimized with the Yoast SEO plugin v15.9 - https:\/\/yoast.com\/wordpress\/plugins\/seo\/ -->\n<title>\u201e\u017dmogus i\u0161 La Man\u010dos\u201d | Raimundas Banionis<\/title>\n<meta name=\"robots\" content=\"index, follow, max-snippet:-1, max-image-preview:large, max-video-preview:-1\" \/>\n<link rel=\"canonical\" href=\"https:\/\/banionis.lt\/index.php\/zmogus-is-la-mancos\/\" \/>\n<meta property=\"og:locale\" content=\"en_US\" \/>\n<meta property=\"og:type\" content=\"article\" \/>\n<meta property=\"og:title\" content=\"\u201e\u017dmogus i\u0161 La Man\u010dos\u201d | Raimundas Banionis\" \/>\n<meta property=\"og:description\" content=\"\u201e\u017dmogus i\u0161 La Man\u010dos\u201d Previous Next Vaizdo med\u017eiaga\" \/>\n<meta property=\"og:url\" content=\"https:\/\/banionis.lt\/index.php\/zmogus-is-la-mancos\/\" \/>\n<meta property=\"og:site_name\" content=\"Raimundas Banionis\" \/>\n<meta property=\"article:modified_time\" content=\"2021-02-18T14:24:17+00:00\" \/>\n<meta property=\"og:image\" content=\"http:\/\/banionis.lt\/wp-content\/uploads\/2021\/02\/La_Mancha01_lg.jpg\" \/>\n<meta name=\"twitter:card\" content=\"summary_large_image\" \/>\n<script type=\"application\/ld+json\" class=\"yoast-schema-graph\">{\"@context\":\"https:\/\/schema.org\",\"@graph\":[{\"@type\":\"WebSite\",\"@id\":\"https:\/\/banionis.lt\/#website\",\"url\":\"https:\/\/banionis.lt\/\",\"name\":\"Raimundas Banionis\",\"description\":\"\",\"potentialAction\":[{\"@type\":\"SearchAction\",\"target\":\"https:\/\/banionis.lt\/?s={search_term_string}\",\"query-input\":\"required name=search_term_string\"}],\"inLanguage\":\"en-US\"},{\"@type\":\"ImageObject\",\"@id\":\"https:\/\/banionis.lt\/index.php\/zmogus-is-la-mancos\/#primaryimage\",\"inLanguage\":\"en-US\",\"url\":\"http:\/\/banionis.lt\/wp-content\/uploads\/2021\/02\/La_Mancha01_lg.jpg\"},{\"@type\":\"WebPage\",\"@id\":\"https:\/\/banionis.lt\/index.php\/zmogus-is-la-mancos\/#webpage\",\"url\":\"https:\/\/banionis.lt\/index.php\/zmogus-is-la-mancos\/\",\"name\":\"\\u201e\\u017dmogus i\\u0161 La Man\\u010dos\\u201d | Raimundas Banionis\",\"isPartOf\":{\"@id\":\"https:\/\/banionis.lt\/#website\"},\"primaryImageOfPage\":{\"@id\":\"https:\/\/banionis.lt\/index.php\/zmogus-is-la-mancos\/#primaryimage\"},\"datePublished\":\"2021-02-18T14:22:31+00:00\",\"dateModified\":\"2021-02-18T14:24:17+00:00\",\"breadcrumb\":{\"@id\":\"https:\/\/banionis.lt\/index.php\/zmogus-is-la-mancos\/#breadcrumb\"},\"inLanguage\":\"en-US\",\"potentialAction\":[{\"@type\":\"ReadAction\",\"target\":[\"https:\/\/banionis.lt\/index.php\/zmogus-is-la-mancos\/\"]}]},{\"@type\":\"BreadcrumbList\",\"@id\":\"https:\/\/banionis.lt\/index.php\/zmogus-is-la-mancos\/#breadcrumb\",\"itemListElement\":[{\"@type\":\"ListItem\",\"position\":1,\"item\":{\"@type\":\"WebPage\",\"@id\":\"https:\/\/banionis.lt\/\",\"url\":\"https:\/\/banionis.lt\/\",\"name\":\"Home\"}},{\"@type\":\"ListItem\",\"position\":2,\"item\":{\"@type\":\"WebPage\",\"@id\":\"https:\/\/banionis.lt\/index.php\/zmogus-is-la-mancos\/\",\"url\":\"https:\/\/banionis.lt\/index.php\/zmogus-is-la-mancos\/\",\"name\":\"\\u201e\\u017dmogus i\\u0161 La Man\\u010dos\\u201d\"}}]}]}<\/script>\n<!-- \/ Yoast SEO plugin. -->","_links":{"self":[{"href":"https:\/\/banionis.lt\/index.php\/wp-json\/wp\/v2\/pages\/1389"}],"collection":[{"href":"https:\/\/banionis.lt\/index.php\/wp-json\/wp\/v2\/pages"}],"about":[{"href":"https:\/\/banionis.lt\/index.php\/wp-json\/wp\/v2\/types\/page"}],"author":[{"embeddable":true,"href":"https:\/\/banionis.lt\/index.php\/wp-json\/wp\/v2\/users\/1"}],"replies":[{"embeddable":true,"href":"https:\/\/banionis.lt\/index.php\/wp-json\/wp\/v2\/comments?post=1389"}],"version-history":[{"count":4,"href":"https:\/\/banionis.lt\/index.php\/wp-json\/wp\/v2\/pages\/1389\/revisions"}],"predecessor-version":[{"id":1399,"href":"https:\/\/banionis.lt\/index.php\/wp-json\/wp\/v2\/pages\/1389\/revisions\/1399"}],"wp:attachment":[{"href":"https:\/\/banionis.lt\/index.php\/wp-json\/wp\/v2\/media?parent=1389"}],"curies":[{"name":"wp","href":"https:\/\/api.w.org\/{rel}","templated":true}]}}