{"id":1372,"date":"2021-02-18T14:16:29","date_gmt":"2021-02-18T14:16:29","guid":{"rendered":"http:\/\/banionis.lt\/?page_id=1372"},"modified":"2021-02-18T14:18:44","modified_gmt":"2021-02-18T14:18:44","slug":"raudonosios-bures-2009","status":"publish","type":"page","link":"https:\/\/banionis.lt\/index.php\/raudonosios-bures-2009\/","title":{"rendered":"\u201eRaudonosios bur\u0117s\u201d 2009"},"content":{"rendered":"\t\t<div data-elementor-type=\"wp-page\" data-elementor-id=\"1372\" class=\"elementor elementor-1372\" data-elementor-settings=\"[]\">\n\t\t\t\t\t\t\t<div class=\"elementor-section-wrap\">\n\t\t\t\t\t\t\t<section class=\"elementor-section elementor-top-section elementor-element elementor-element-e8eaf4b elementor-section-full_width elementor-section-height-default elementor-section-height-default\" data-id=\"e8eaf4b\" data-element_type=\"section\">\n\t\t\t\t\t\t<div class=\"elementor-container elementor-column-gap-wide\">\n\t\t\t\t\t<div class=\"elementor-column elementor-col-100 elementor-top-column elementor-element elementor-element-dbb1ad8\" data-id=\"dbb1ad8\" data-element_type=\"column\">\n\t\t\t<div class=\"elementor-widget-wrap elementor-element-populated\">\n\t\t\t\t\t\t\t\t<div class=\"elementor-element elementor-element-7c9af09 elementor-widget elementor-widget-spacer\" data-id=\"7c9af09\" data-element_type=\"widget\" data-widget_type=\"spacer.default\">\n\t\t\t\t<div class=\"elementor-widget-container\">\n\t\t\t\t\t<div class=\"elementor-spacer\">\n\t\t\t<div class=\"elementor-spacer-inner\"><\/div>\n\t\t<\/div>\n\t\t\t\t<\/div>\n\t\t\t\t<\/div>\n\t\t\t\t<div class=\"elementor-element elementor-element-6f99e99 elementor-widget elementor-widget-heading\" data-id=\"6f99e99\" data-element_type=\"widget\" data-widget_type=\"heading.default\">\n\t\t\t\t<div class=\"elementor-widget-container\">\n\t\t\t<h1 class=\"elementor-heading-title elementor-size-default\">\u201eRaudonosios bur\u0117s\u201d<\/h1>\t\t<\/div>\n\t\t\t\t<\/div>\n\t\t\t\t<div class=\"elementor-element elementor-element-ca0fdfb elementor-widget elementor-widget-spacer\" data-id=\"ca0fdfb\" data-element_type=\"widget\" data-widget_type=\"spacer.default\">\n\t\t\t\t<div class=\"elementor-widget-container\">\n\t\t\t\t\t<div class=\"elementor-spacer\">\n\t\t\t<div class=\"elementor-spacer-inner\"><\/div>\n\t\t<\/div>\n\t\t\t\t<\/div>\n\t\t\t\t<\/div>\n\t\t\t\t<div class=\"elementor-element elementor-element-7a1301b elementor-arrows-position-outside elementor-widget elementor-widget-image-carousel\" data-id=\"7a1301b\" data-element_type=\"widget\" data-settings=\"{&quot;slides_to_show&quot;:&quot;2&quot;,&quot;slides_to_scroll&quot;:&quot;1&quot;,&quot;navigation&quot;:&quot;arrows&quot;,&quot;autoplay&quot;:&quot;yes&quot;,&quot;pause_on_hover&quot;:&quot;yes&quot;,&quot;pause_on_interaction&quot;:&quot;yes&quot;,&quot;autoplay_speed&quot;:5000,&quot;infinite&quot;:&quot;yes&quot;,&quot;speed&quot;:500}\" data-widget_type=\"image-carousel.default\">\n\t\t\t\t<div class=\"elementor-widget-container\">\n\t\t\t\t\t<div class=\"elementor-image-carousel-wrapper swiper-container\" dir=\"ltr\">\n\t\t\t<div class=\"elementor-image-carousel swiper-wrapper\">\n\t\t\t\t<div class=\"swiper-slide\"><a data-elementor-open-lightbox=\"yes\" data-elementor-lightbox-slideshow=\"7a1301b\" data-elementor-lightbox-title=\"Samara02_lg\" href=\"https:\/\/banionis.lt\/wp-content\/uploads\/2021\/02\/Samara02_lg.jpg\"><figure class=\"swiper-slide-inner\"><img class=\"swiper-slide-image\" src=\"https:\/\/banionis.lt\/wp-content\/uploads\/2021\/02\/Samara02_lg.jpg\" alt=\"Samara02_lg\" \/><\/figure><\/a><\/div><div class=\"swiper-slide\"><a data-elementor-open-lightbox=\"yes\" data-elementor-lightbox-slideshow=\"7a1301b\" data-elementor-lightbox-title=\"Samara03_lg\" href=\"https:\/\/banionis.lt\/wp-content\/uploads\/2021\/02\/Samara03_lg.jpg\"><figure class=\"swiper-slide-inner\"><img class=\"swiper-slide-image\" src=\"https:\/\/banionis.lt\/wp-content\/uploads\/2021\/02\/Samara03_lg.jpg\" alt=\"Samara03_lg\" \/><\/figure><\/a><\/div><div class=\"swiper-slide\"><a data-elementor-open-lightbox=\"yes\" data-elementor-lightbox-slideshow=\"7a1301b\" data-elementor-lightbox-title=\"Samara04_lg\" href=\"https:\/\/banionis.lt\/wp-content\/uploads\/2021\/02\/Samara04_lg.jpg\"><figure class=\"swiper-slide-inner\"><img class=\"swiper-slide-image\" src=\"https:\/\/banionis.lt\/wp-content\/uploads\/2021\/02\/Samara04_lg.jpg\" alt=\"Samara04_lg\" \/><\/figure><\/a><\/div><div class=\"swiper-slide\"><a data-elementor-open-lightbox=\"yes\" data-elementor-lightbox-slideshow=\"7a1301b\" data-elementor-lightbox-title=\"Samara06_lg\" href=\"https:\/\/banionis.lt\/wp-content\/uploads\/2021\/02\/Samara06_lg.jpg\"><figure class=\"swiper-slide-inner\"><img class=\"swiper-slide-image\" src=\"https:\/\/banionis.lt\/wp-content\/uploads\/2021\/02\/Samara06_lg.jpg\" alt=\"Samara06_lg\" \/><\/figure><\/a><\/div><div class=\"swiper-slide\"><a data-elementor-open-lightbox=\"yes\" data-elementor-lightbox-slideshow=\"7a1301b\" data-elementor-lightbox-title=\"Samara07_lg\" href=\"https:\/\/banionis.lt\/wp-content\/uploads\/2021\/02\/Samara07_lg.jpg\"><figure class=\"swiper-slide-inner\"><img class=\"swiper-slide-image\" src=\"https:\/\/banionis.lt\/wp-content\/uploads\/2021\/02\/Samara07_lg.jpg\" alt=\"Samara07_lg\" \/><\/figure><\/a><\/div><div class=\"swiper-slide\"><a data-elementor-open-lightbox=\"yes\" data-elementor-lightbox-slideshow=\"7a1301b\" data-elementor-lightbox-title=\"Samara08_lg\" href=\"https:\/\/banionis.lt\/wp-content\/uploads\/2021\/02\/Samara08_lg-1.jpg\"><figure class=\"swiper-slide-inner\"><img class=\"swiper-slide-image\" src=\"https:\/\/banionis.lt\/wp-content\/uploads\/2021\/02\/Samara08_lg-1.jpg\" alt=\"Samara08_lg\" \/><\/figure><\/a><\/div><div class=\"swiper-slide\"><a data-elementor-open-lightbox=\"yes\" data-elementor-lightbox-slideshow=\"7a1301b\" data-elementor-lightbox-title=\"Samara09_lg\" href=\"https:\/\/banionis.lt\/wp-content\/uploads\/2021\/02\/Samara09_lg.jpg\"><figure class=\"swiper-slide-inner\"><img class=\"swiper-slide-image\" src=\"https:\/\/banionis.lt\/wp-content\/uploads\/2021\/02\/Samara09_lg.jpg\" alt=\"Samara09_lg\" \/><\/figure><\/a><\/div>\t\t\t<\/div>\n\t\t\t\t\t\t\t\t\t\t\t\t\t\t\t\t<div class=\"elementor-swiper-button elementor-swiper-button-prev\">\n\t\t\t\t\t\t<i class=\"eicon-chevron-left\" aria-hidden=\"true\"><\/i>\n\t\t\t\t\t\t<span class=\"elementor-screen-only\">Previous<\/span>\n\t\t\t\t\t<\/div>\n\t\t\t\t\t<div class=\"elementor-swiper-button elementor-swiper-button-next\">\n\t\t\t\t\t\t<i class=\"eicon-chevron-right\" aria-hidden=\"true\"><\/i>\n\t\t\t\t\t\t<span class=\"elementor-screen-only\">Next<\/span>\n\t\t\t\t\t<\/div>\n\t\t\t\t\t\t\t\t\t<\/div>\n\t\t\t\t<\/div>\n\t\t\t\t<\/div>\n\t\t\t\t\t<\/div>\n\t\t<\/div>\n\t\t\t\t\t\t\t<\/div>\n\t\t<\/section>\n\t\t\t\t<section class=\"elementor-section elementor-top-section elementor-element elementor-element-f2b8618 elementor-section-boxed elementor-section-height-default elementor-section-height-default\" data-id=\"f2b8618\" data-element_type=\"section\">\n\t\t\t\t\t\t<div class=\"elementor-container elementor-column-gap-default\">\n\t\t\t\t\t<div class=\"elementor-column elementor-col-100 elementor-top-column elementor-element elementor-element-628bda9\" data-id=\"628bda9\" data-element_type=\"column\">\n\t\t\t<div class=\"elementor-widget-wrap elementor-element-populated\">\n\t\t\t\t\t\t\t\t<div class=\"elementor-element elementor-element-323bd74 elementor-widget elementor-widget-heading\" data-id=\"323bd74\" data-element_type=\"widget\" data-widget_type=\"heading.default\">\n\t\t\t\t<div class=\"elementor-widget-container\">\n\t\t\t<h3 class=\"elementor-heading-title elementor-size-medium\"><u>Spauda apie spektakl\u012f<\/u><br><br>\n \u201e...Re\u017eisierius labai daug padar\u0117, kad ne\u012fsivelti \u012f vienapus\u012f patos\u0105. Komi\u0161ki kontrastai ir daugiareik\u0161mingumas \u2013 pagrindiniai elementai kurie padaro \u201eRaudonasias bures\u201c labai \u017eaviu spektakliu. Ir, \u017einoma, finale \u017ei\u016brovai atsistoja. \u0160iaip tai, m\u016bs\u0173 publika nem\u0117gsta s\u0117d\u0117ti, jei ka\u017ekas \u0161alia atsistojo. Bet \u010dia atsistoja i\u0161 tikr\u0173j\u0173. O ko daugiau nor\u0117ti?\u201c<br><br>\n\n      Andrej Rymar \u201eVol\u017eskaja komuna\u201c 2009.06.30<\/h3>\t\t<\/div>\n\t\t\t\t<\/div>\n\t\t\t\t\t<\/div>\n\t\t<\/div>\n\t\t\t\t\t\t\t<\/div>\n\t\t<\/section>\n\t\t\t\t<section class=\"elementor-section elementor-top-section elementor-element elementor-element-e76e1e7 elementor-section-boxed elementor-section-height-default elementor-section-height-default\" data-id=\"e76e1e7\" data-element_type=\"section\">\n\t\t\t\t\t\t<div class=\"elementor-container elementor-column-gap-default\">\n\t\t\t\t\t<div class=\"elementor-column elementor-col-100 elementor-top-column elementor-element elementor-element-e95989c\" data-id=\"e95989c\" data-element_type=\"column\">\n\t\t\t<div class=\"elementor-widget-wrap elementor-element-populated\">\n\t\t\t\t\t\t\t\t<div class=\"elementor-element elementor-element-276c305 elementor-widget elementor-widget-heading\" data-id=\"276c305\" data-element_type=\"widget\" data-widget_type=\"heading.default\">\n\t\t\t\t<div class=\"elementor-widget-container\">\n\t\t\t<h3 class=\"elementor-heading-title elementor-size-medium\"><br>Vaizdo med\u017eiaga<\/h3>\t\t<\/div>\n\t\t\t\t<\/div>\n\t\t\t\t<div class=\"elementor-element elementor-element-f622407 elementor-aspect-ratio-169 elementor-widget elementor-widget-video\" data-id=\"f622407\" data-element_type=\"widget\" data-settings=\"{&quot;youtube_url&quot;:&quot;https:\\\/\\\/www.youtube.com\\\/watch?v=jf6FLhNKG7w&amp;feature=emb_title&amp;ab_channel=RaimundasBanionis&quot;,&quot;video_type&quot;:&quot;youtube&quot;,&quot;controls&quot;:&quot;yes&quot;,&quot;aspect_ratio&quot;:&quot;169&quot;}\" data-widget_type=\"video.default\">\n\t\t\t\t<div class=\"elementor-widget-container\">\n\t\t\t\t\t<div class=\"elementor-wrapper elementor-fit-aspect-ratio elementor-open-inline\">\n\t\t\t<div class=\"elementor-video\"><\/div>\t\t<\/div>\n\t\t\t\t<\/div>\n\t\t\t\t<\/div>\n\t\t\t\t<div class=\"elementor-element elementor-element-9001408 elementor-widget elementor-widget-spacer\" data-id=\"9001408\" data-element_type=\"widget\" data-widget_type=\"spacer.default\">\n\t\t\t\t<div class=\"elementor-widget-container\">\n\t\t\t\t\t<div class=\"elementor-spacer\">\n\t\t\t<div class=\"elementor-spacer-inner\"><\/div>\n\t\t<\/div>\n\t\t\t\t<\/div>\n\t\t\t\t<\/div>\n\t\t\t\t\t<\/div>\n\t\t<\/div>\n\t\t\t\t\t\t\t<\/div>\n\t\t<\/section>\n\t\t\t\t\t\t<\/div>\n\t\t\t\t\t<\/div>\n\t\t","protected":false},"excerpt":{"rendered":"<p>\u201eRaudonosios bur\u0117s\u201d Previous Next Spauda apie spektakl\u012f \u201e&#8230;Re\u017eisierius labai daug padar\u0117, kad ne\u012fsivelti \u012f vienapus\u012f patos\u0105. Komi\u0161ki kontrastai ir daugiareik\u0161mingumas \u2013 pagrindiniai elementai kurie padaro \u201eRaudonasias bures\u201c labai \u017eaviu spektakliu. Ir, \u017einoma, finale \u017ei\u016brovai atsistoja. \u0160iaip tai, m\u016bs\u0173 publika nem\u0117gsta s\u0117d\u0117ti, jei ka\u017ekas \u0161alia atsistojo. Bet \u010dia atsistoja i\u0161 tikr\u0173j\u0173. O ko daugiau nor\u0117ti?\u201c Andrej &hellip;<\/p>\n<p class=\"read-more\"> <a class=\"\" href=\"https:\/\/banionis.lt\/index.php\/raudonosios-bures-2009\/\"> <span class=\"screen-reader-text\">\u201eRaudonosios bur\u0117s\u201d 2009<\/span> Read More &raquo;<\/a><\/p>\n","protected":false},"author":1,"featured_media":0,"parent":0,"menu_order":0,"comment_status":"closed","ping_status":"closed","template":"elementor_header_footer","meta":[],"yoast_head":"<!-- This site is optimized with the Yoast SEO plugin v15.9 - https:\/\/yoast.com\/wordpress\/plugins\/seo\/ -->\n<title>\u201eRaudonosios bur\u0117s\u201d 2009 | Raimundas Banionis<\/title>\n<meta name=\"robots\" content=\"index, follow, max-snippet:-1, max-image-preview:large, max-video-preview:-1\" \/>\n<link rel=\"canonical\" href=\"https:\/\/banionis.lt\/index.php\/raudonosios-bures-2009\/\" \/>\n<meta property=\"og:locale\" content=\"en_US\" \/>\n<meta property=\"og:type\" content=\"article\" \/>\n<meta property=\"og:title\" content=\"\u201eRaudonosios bur\u0117s\u201d 2009 | Raimundas Banionis\" \/>\n<meta property=\"og:description\" content=\"\u201eRaudonosios bur\u0117s\u201d Previous Next Spauda apie spektakl\u012f \u201e&#8230;Re\u017eisierius labai daug padar\u0117, kad ne\u012fsivelti \u012f vienapus\u012f patos\u0105. Komi\u0161ki kontrastai ir daugiareik\u0161mingumas \u2013 pagrindiniai elementai kurie padaro \u201eRaudonasias bures\u201c labai \u017eaviu spektakliu. Ir, \u017einoma, finale \u017ei\u016brovai atsistoja. \u0160iaip tai, m\u016bs\u0173 publika nem\u0117gsta s\u0117d\u0117ti, jei ka\u017ekas \u0161alia atsistojo. Bet \u010dia atsistoja i\u0161 tikr\u0173j\u0173. O ko daugiau nor\u0117ti?\u201c Andrej &hellip; \u201eRaudonosios bur\u0117s\u201d 2009 Read More &raquo;\" \/>\n<meta property=\"og:url\" content=\"https:\/\/banionis.lt\/index.php\/raudonosios-bures-2009\/\" \/>\n<meta property=\"og:site_name\" content=\"Raimundas Banionis\" \/>\n<meta property=\"article:modified_time\" content=\"2021-02-18T14:18:44+00:00\" \/>\n<meta property=\"og:image\" content=\"http:\/\/banionis.lt\/wp-content\/uploads\/2021\/02\/Samara02_lg.jpg\" \/>\n<meta name=\"twitter:card\" content=\"summary_large_image\" \/>\n<script type=\"application\/ld+json\" class=\"yoast-schema-graph\">{\"@context\":\"https:\/\/schema.org\",\"@graph\":[{\"@type\":\"WebSite\",\"@id\":\"https:\/\/banionis.lt\/#website\",\"url\":\"https:\/\/banionis.lt\/\",\"name\":\"Raimundas Banionis\",\"description\":\"\",\"potentialAction\":[{\"@type\":\"SearchAction\",\"target\":\"https:\/\/banionis.lt\/?s={search_term_string}\",\"query-input\":\"required name=search_term_string\"}],\"inLanguage\":\"en-US\"},{\"@type\":\"ImageObject\",\"@id\":\"https:\/\/banionis.lt\/index.php\/raudonosios-bures-2009\/#primaryimage\",\"inLanguage\":\"en-US\",\"url\":\"http:\/\/banionis.lt\/wp-content\/uploads\/2021\/02\/Samara02_lg.jpg\"},{\"@type\":\"WebPage\",\"@id\":\"https:\/\/banionis.lt\/index.php\/raudonosios-bures-2009\/#webpage\",\"url\":\"https:\/\/banionis.lt\/index.php\/raudonosios-bures-2009\/\",\"name\":\"\\u201eRaudonosios bur\\u0117s\\u201d 2009 | Raimundas Banionis\",\"isPartOf\":{\"@id\":\"https:\/\/banionis.lt\/#website\"},\"primaryImageOfPage\":{\"@id\":\"https:\/\/banionis.lt\/index.php\/raudonosios-bures-2009\/#primaryimage\"},\"datePublished\":\"2021-02-18T14:16:29+00:00\",\"dateModified\":\"2021-02-18T14:18:44+00:00\",\"breadcrumb\":{\"@id\":\"https:\/\/banionis.lt\/index.php\/raudonosios-bures-2009\/#breadcrumb\"},\"inLanguage\":\"en-US\",\"potentialAction\":[{\"@type\":\"ReadAction\",\"target\":[\"https:\/\/banionis.lt\/index.php\/raudonosios-bures-2009\/\"]}]},{\"@type\":\"BreadcrumbList\",\"@id\":\"https:\/\/banionis.lt\/index.php\/raudonosios-bures-2009\/#breadcrumb\",\"itemListElement\":[{\"@type\":\"ListItem\",\"position\":1,\"item\":{\"@type\":\"WebPage\",\"@id\":\"https:\/\/banionis.lt\/\",\"url\":\"https:\/\/banionis.lt\/\",\"name\":\"Home\"}},{\"@type\":\"ListItem\",\"position\":2,\"item\":{\"@type\":\"WebPage\",\"@id\":\"https:\/\/banionis.lt\/index.php\/raudonosios-bures-2009\/\",\"url\":\"https:\/\/banionis.lt\/index.php\/raudonosios-bures-2009\/\",\"name\":\"\\u201eRaudonosios bur\\u0117s\\u201d 2009\"}}]}]}<\/script>\n<!-- \/ Yoast SEO plugin. -->","_links":{"self":[{"href":"https:\/\/banionis.lt\/index.php\/wp-json\/wp\/v2\/pages\/1372"}],"collection":[{"href":"https:\/\/banionis.lt\/index.php\/wp-json\/wp\/v2\/pages"}],"about":[{"href":"https:\/\/banionis.lt\/index.php\/wp-json\/wp\/v2\/types\/page"}],"author":[{"embeddable":true,"href":"https:\/\/banionis.lt\/index.php\/wp-json\/wp\/v2\/users\/1"}],"replies":[{"embeddable":true,"href":"https:\/\/banionis.lt\/index.php\/wp-json\/wp\/v2\/comments?post=1372"}],"version-history":[{"count":4,"href":"https:\/\/banionis.lt\/index.php\/wp-json\/wp\/v2\/pages\/1372\/revisions"}],"predecessor-version":[{"id":1385,"href":"https:\/\/banionis.lt\/index.php\/wp-json\/wp\/v2\/pages\/1372\/revisions\/1385"}],"wp:attachment":[{"href":"https:\/\/banionis.lt\/index.php\/wp-json\/wp\/v2\/media?parent=1372"}],"curies":[{"name":"wp","href":"https:\/\/api.w.org\/{rel}","templated":true}]}}