{"id":1145,"date":"2021-02-18T12:32:35","date_gmt":"2021-02-18T12:32:35","guid":{"rendered":"http:\/\/banionis.lt\/?page_id=1145"},"modified":"2021-03-02T17:17:38","modified_gmt":"2021-03-02T17:17:38","slug":"neatmenu-tavo-veido","status":"publish","type":"page","link":"https:\/\/banionis.lt\/index.php\/neatmenu-tavo-veido\/","title":{"rendered":"\u201eNeatmenu tavo veido\u201c"},"content":{"rendered":"\t\t<div data-elementor-type=\"wp-page\" data-elementor-id=\"1145\" class=\"elementor elementor-1145\" data-elementor-settings=\"[]\">\n\t\t\t\t\t\t\t<div class=\"elementor-section-wrap\">\n\t\t\t\t\t\t\t<section class=\"elementor-section elementor-top-section elementor-element elementor-element-5bee9c4 elementor-section-full_width elementor-section-height-default elementor-section-height-default\" data-id=\"5bee9c4\" data-element_type=\"section\">\n\t\t\t\t\t\t<div class=\"elementor-container elementor-column-gap-wide\">\n\t\t\t\t\t<div class=\"elementor-column elementor-col-100 elementor-top-column elementor-element elementor-element-2a66941\" data-id=\"2a66941\" data-element_type=\"column\">\n\t\t\t<div class=\"elementor-widget-wrap elementor-element-populated\">\n\t\t\t\t\t\t\t\t<div class=\"elementor-element elementor-element-ee7dbf3 elementor-widget elementor-widget-spacer\" data-id=\"ee7dbf3\" data-element_type=\"widget\" data-widget_type=\"spacer.default\">\n\t\t\t\t<div class=\"elementor-widget-container\">\n\t\t\t\t\t<div class=\"elementor-spacer\">\n\t\t\t<div class=\"elementor-spacer-inner\"><\/div>\n\t\t<\/div>\n\t\t\t\t<\/div>\n\t\t\t\t<\/div>\n\t\t\t\t<div class=\"elementor-element elementor-element-80b9aa8 elementor-widget elementor-widget-heading\" data-id=\"80b9aa8\" data-element_type=\"widget\" data-widget_type=\"heading.default\">\n\t\t\t\t<div class=\"elementor-widget-container\">\n\t\t\t<h1 class=\"elementor-heading-title elementor-size-default\">\u201eNeatmenu tavo veido\u201c<\/h1>\t\t<\/div>\n\t\t\t\t<\/div>\n\t\t\t\t<div class=\"elementor-element elementor-element-368006b elementor-widget elementor-widget-spacer\" data-id=\"368006b\" data-element_type=\"widget\" data-widget_type=\"spacer.default\">\n\t\t\t\t<div class=\"elementor-widget-container\">\n\t\t\t\t\t<div class=\"elementor-spacer\">\n\t\t\t<div class=\"elementor-spacer-inner\"><\/div>\n\t\t<\/div>\n\t\t\t\t<\/div>\n\t\t\t\t<\/div>\n\t\t\t\t<div class=\"elementor-element elementor-element-b4d37a0 elementor-arrows-position-outside elementor-widget elementor-widget-image-carousel\" data-id=\"b4d37a0\" data-element_type=\"widget\" data-settings=\"{&quot;slides_to_show&quot;:&quot;2&quot;,&quot;slides_to_scroll&quot;:&quot;1&quot;,&quot;navigation&quot;:&quot;arrows&quot;,&quot;autoplay&quot;:&quot;yes&quot;,&quot;pause_on_hover&quot;:&quot;yes&quot;,&quot;pause_on_interaction&quot;:&quot;yes&quot;,&quot;autoplay_speed&quot;:5000,&quot;infinite&quot;:&quot;yes&quot;,&quot;speed&quot;:500}\" data-widget_type=\"image-carousel.default\">\n\t\t\t\t<div class=\"elementor-widget-container\">\n\t\t\t\t\t<div class=\"elementor-image-carousel-wrapper swiper-container\" dir=\"ltr\">\n\t\t\t<div class=\"elementor-image-carousel swiper-wrapper\">\n\t\t\t\t<div class=\"swiper-slide\"><a data-elementor-open-lightbox=\"yes\" data-elementor-lightbox-slideshow=\"b4d37a0\" data-elementor-lightbox-title=\"ntv01\" href=\"https:\/\/banionis.lt\/wp-content\/uploads\/2021\/02\/ntv01-1.jpg\"><figure class=\"swiper-slide-inner\"><img class=\"swiper-slide-image\" src=\"https:\/\/banionis.lt\/wp-content\/uploads\/2021\/02\/ntv01-1.jpg\" alt=\"ntv01\" \/><\/figure><\/a><\/div><div class=\"swiper-slide\"><a data-elementor-open-lightbox=\"yes\" data-elementor-lightbox-slideshow=\"b4d37a0\" data-elementor-lightbox-title=\"ntv02\" href=\"https:\/\/banionis.lt\/wp-content\/uploads\/2021\/02\/ntv02.jpg\"><figure class=\"swiper-slide-inner\"><img class=\"swiper-slide-image\" src=\"https:\/\/banionis.lt\/wp-content\/uploads\/2021\/02\/ntv02.jpg\" alt=\"ntv02\" \/><\/figure><\/a><\/div><div class=\"swiper-slide\"><a data-elementor-open-lightbox=\"yes\" data-elementor-lightbox-slideshow=\"b4d37a0\" data-elementor-lightbox-title=\"ntv03\" href=\"https:\/\/banionis.lt\/wp-content\/uploads\/2021\/02\/ntv03.jpg\"><figure class=\"swiper-slide-inner\"><img class=\"swiper-slide-image\" src=\"https:\/\/banionis.lt\/wp-content\/uploads\/2021\/02\/ntv03.jpg\" alt=\"ntv03\" \/><\/figure><\/a><\/div><div class=\"swiper-slide\"><a data-elementor-open-lightbox=\"yes\" data-elementor-lightbox-slideshow=\"b4d37a0\" data-elementor-lightbox-title=\"ntv04\" href=\"https:\/\/banionis.lt\/wp-content\/uploads\/2021\/02\/ntv04.jpg\"><figure class=\"swiper-slide-inner\"><img class=\"swiper-slide-image\" src=\"https:\/\/banionis.lt\/wp-content\/uploads\/2021\/02\/ntv04.jpg\" alt=\"ntv04\" \/><\/figure><\/a><\/div><div class=\"swiper-slide\"><a data-elementor-open-lightbox=\"yes\" data-elementor-lightbox-slideshow=\"b4d37a0\" data-elementor-lightbox-title=\"ntv05\" href=\"https:\/\/banionis.lt\/wp-content\/uploads\/2021\/02\/ntv05.jpg\"><figure class=\"swiper-slide-inner\"><img class=\"swiper-slide-image\" src=\"https:\/\/banionis.lt\/wp-content\/uploads\/2021\/02\/ntv05.jpg\" alt=\"ntv05\" \/><\/figure><\/a><\/div><div class=\"swiper-slide\"><a data-elementor-open-lightbox=\"yes\" data-elementor-lightbox-slideshow=\"b4d37a0\" data-elementor-lightbox-title=\"ntv06\" href=\"https:\/\/banionis.lt\/wp-content\/uploads\/2021\/02\/ntv06.jpg\"><figure class=\"swiper-slide-inner\"><img class=\"swiper-slide-image\" src=\"https:\/\/banionis.lt\/wp-content\/uploads\/2021\/02\/ntv06.jpg\" alt=\"ntv06\" \/><\/figure><\/a><\/div>\t\t\t<\/div>\n\t\t\t\t\t\t\t\t\t\t\t\t\t\t\t\t<div class=\"elementor-swiper-button elementor-swiper-button-prev\">\n\t\t\t\t\t\t<i class=\"eicon-chevron-left\" aria-hidden=\"true\"><\/i>\n\t\t\t\t\t\t<span class=\"elementor-screen-only\">Previous<\/span>\n\t\t\t\t\t<\/div>\n\t\t\t\t\t<div class=\"elementor-swiper-button elementor-swiper-button-next\">\n\t\t\t\t\t\t<i class=\"eicon-chevron-right\" aria-hidden=\"true\"><\/i>\n\t\t\t\t\t\t<span class=\"elementor-screen-only\">Next<\/span>\n\t\t\t\t\t<\/div>\n\t\t\t\t\t\t\t\t\t<\/div>\n\t\t\t\t<\/div>\n\t\t\t\t<\/div>\n\t\t\t\t\t<\/div>\n\t\t<\/div>\n\t\t\t\t\t\t\t<\/div>\n\t\t<\/section>\n\t\t\t\t<section class=\"elementor-section elementor-top-section elementor-element elementor-element-375cfe2 elementor-section-boxed elementor-section-height-default elementor-section-height-default\" data-id=\"375cfe2\" data-element_type=\"section\">\n\t\t\t\t\t\t<div class=\"elementor-container elementor-column-gap-default\">\n\t\t\t\t\t<div class=\"elementor-column elementor-col-100 elementor-top-column elementor-element elementor-element-f22ae12\" data-id=\"f22ae12\" data-element_type=\"column\">\n\t\t\t<div class=\"elementor-widget-wrap elementor-element-populated\">\n\t\t\t\t\t\t\t\t<div class=\"elementor-element elementor-element-17763ba elementor-widget elementor-widget-heading\" data-id=\"17763ba\" data-element_type=\"widget\" data-widget_type=\"heading.default\">\n\t\t\t\t<div class=\"elementor-widget-container\">\n\t\t\t<h3 class=\"elementor-heading-title elementor-size-medium\"><u>Apra\u0161ymas<\/u><br><br>\nLaikas:\n80 min.<br>\nIlgumas:\n2190 m<br>\nProcesas:\n35 mm<br>\nSpalvotas<br>\n<br> \nOriginali kalba:\nlietuvi\u0173<br>\nProdukcija:\nLietuvos kino studija<br>\nFestivaliai:\nCosta de Estoril (Portugalija) Prizas u\u017e re\u017eis\u016br\u0105 1989; Maskvos pirmas tarptautinis festivalis, Gran Prix 1989; Festivalis Wiesbaden, 1988<\/h3>\t\t<\/div>\n\t\t\t\t<\/div>\n\t\t\t\t\t<\/div>\n\t\t<\/div>\n\t\t\t\t\t\t\t<\/div>\n\t\t<\/section>\n\t\t\t\t<section class=\"elementor-section elementor-top-section elementor-element elementor-element-be16759 elementor-section-boxed elementor-section-height-default elementor-section-height-default\" data-id=\"be16759\" data-element_type=\"section\">\n\t\t\t\t\t\t<div class=\"elementor-container elementor-column-gap-default\">\n\t\t\t\t\t<div class=\"elementor-column elementor-col-100 elementor-top-column elementor-element elementor-element-6d2ee16\" data-id=\"6d2ee16\" data-element_type=\"column\">\n\t\t\t<div class=\"elementor-widget-wrap elementor-element-populated\">\n\t\t\t\t\t\t\t\t<div class=\"elementor-element elementor-element-2d55f3f elementor-widget elementor-widget-heading\" data-id=\"2d55f3f\" data-element_type=\"widget\" data-widget_type=\"heading.default\">\n\t\t\t\t<div class=\"elementor-widget-container\">\n\t\t\t<h3 class=\"elementor-heading-title elementor-size-medium\"><br>Vaizdo med\u017eiaga<\/h3>\t\t<\/div>\n\t\t\t\t<\/div>\n\t\t\t\t<div class=\"elementor-element elementor-element-8f92639 elementor-aspect-ratio-169 elementor-widget elementor-widget-video\" data-id=\"8f92639\" data-element_type=\"widget\" data-settings=\"{&quot;youtube_url&quot;:&quot;https:\\\/\\\/www.youtube.com\\\/watch?v=XHKPOxKYJnI&amp;feature=emb_title&amp;ab_channel=RaimundasBanionis&quot;,&quot;video_type&quot;:&quot;youtube&quot;,&quot;controls&quot;:&quot;yes&quot;,&quot;aspect_ratio&quot;:&quot;169&quot;}\" data-widget_type=\"video.default\">\n\t\t\t\t<div class=\"elementor-widget-container\">\n\t\t\t\t\t<div class=\"elementor-wrapper elementor-fit-aspect-ratio elementor-open-inline\">\n\t\t\t<div class=\"elementor-video\"><\/div>\t\t<\/div>\n\t\t\t\t<\/div>\n\t\t\t\t<\/div>\n\t\t\t\t<div class=\"elementor-element elementor-element-b6e89a2 elementor-widget elementor-widget-spacer\" data-id=\"b6e89a2\" data-element_type=\"widget\" data-widget_type=\"spacer.default\">\n\t\t\t\t<div class=\"elementor-widget-container\">\n\t\t\t\t\t<div class=\"elementor-spacer\">\n\t\t\t<div class=\"elementor-spacer-inner\"><\/div>\n\t\t<\/div>\n\t\t\t\t<\/div>\n\t\t\t\t<\/div>\n\t\t\t\t\t<\/div>\n\t\t<\/div>\n\t\t\t\t\t\t\t<\/div>\n\t\t<\/section>\n\t\t\t\t\t\t<\/div>\n\t\t\t\t\t<\/div>\n\t\t","protected":false},"excerpt":{"rendered":"<p>\u201eNeatmenu tavo veido\u201c Previous Next Apra\u0161ymas Laikas: 80 min. Ilgumas: 2190 m Procesas: 35 mm Spalvotas Originali kalba: lietuvi\u0173 Produkcija: Lietuvos kino studija Festivaliai: Costa de Estoril (Portugalija) Prizas u\u017e re\u017eis\u016br\u0105 1989; Maskvos pirmas tarptautinis festivalis, Gran Prix 1989; Festivalis Wiesbaden, 1988 Vaizdo med\u017eiaga<\/p>\n","protected":false},"author":1,"featured_media":0,"parent":0,"menu_order":0,"comment_status":"closed","ping_status":"closed","template":"elementor_header_footer","meta":[],"yoast_head":"<!-- This site is optimized with the Yoast SEO plugin v15.9 - https:\/\/yoast.com\/wordpress\/plugins\/seo\/ -->\n<title>\u201eNeatmenu tavo veido\u201c | Raimundas Banionis<\/title>\n<meta name=\"robots\" content=\"index, follow, max-snippet:-1, max-image-preview:large, max-video-preview:-1\" \/>\n<link rel=\"canonical\" href=\"https:\/\/banionis.lt\/index.php\/neatmenu-tavo-veido\/\" \/>\n<meta property=\"og:locale\" content=\"en_US\" \/>\n<meta property=\"og:type\" content=\"article\" \/>\n<meta property=\"og:title\" content=\"\u201eNeatmenu tavo veido\u201c | Raimundas Banionis\" \/>\n<meta property=\"og:description\" content=\"\u201eNeatmenu tavo veido\u201c Previous Next Apra\u0161ymas Laikas: 80 min. Ilgumas: 2190 m Procesas: 35 mm Spalvotas Originali kalba: lietuvi\u0173 Produkcija: Lietuvos kino studija Festivaliai: Costa de Estoril (Portugalija) Prizas u\u017e re\u017eis\u016br\u0105 1989; Maskvos pirmas tarptautinis festivalis, Gran Prix 1989; Festivalis Wiesbaden, 1988 Vaizdo med\u017eiaga\" \/>\n<meta property=\"og:url\" content=\"https:\/\/banionis.lt\/index.php\/neatmenu-tavo-veido\/\" \/>\n<meta property=\"og:site_name\" content=\"Raimundas Banionis\" \/>\n<meta property=\"article:modified_time\" content=\"2021-03-02T17:17:38+00:00\" \/>\n<meta property=\"og:image\" content=\"http:\/\/banionis.lt\/wp-content\/uploads\/2021\/02\/ntv01-1.jpg\" \/>\n<meta name=\"twitter:card\" content=\"summary_large_image\" \/>\n<script type=\"application\/ld+json\" class=\"yoast-schema-graph\">{\"@context\":\"https:\/\/schema.org\",\"@graph\":[{\"@type\":\"WebSite\",\"@id\":\"https:\/\/banionis.lt\/index.php\/language\/ru\/#website\",\"url\":\"https:\/\/banionis.lt\/index.php\/language\/ru\/\",\"name\":\"Raimundas Banionis\",\"description\":\"\",\"potentialAction\":[{\"@type\":\"SearchAction\",\"target\":\"https:\/\/banionis.lt\/index.php\/language\/ru\/?s={search_term_string}\",\"query-input\":\"required name=search_term_string\"}],\"inLanguage\":\"en-US\"},{\"@type\":\"ImageObject\",\"@id\":\"https:\/\/banionis.lt\/index.php\/neatmenu-tavo-veido\/#primaryimage\",\"inLanguage\":\"en-US\",\"url\":\"http:\/\/banionis.lt\/wp-content\/uploads\/2021\/02\/ntv01-1.jpg\"},{\"@type\":\"WebPage\",\"@id\":\"https:\/\/banionis.lt\/index.php\/neatmenu-tavo-veido\/#webpage\",\"url\":\"https:\/\/banionis.lt\/index.php\/neatmenu-tavo-veido\/\",\"name\":\"\\u201eNeatmenu tavo veido\\u201c | Raimundas Banionis\",\"isPartOf\":{\"@id\":\"https:\/\/banionis.lt\/index.php\/language\/ru\/#website\"},\"primaryImageOfPage\":{\"@id\":\"https:\/\/banionis.lt\/index.php\/neatmenu-tavo-veido\/#primaryimage\"},\"datePublished\":\"2021-02-18T12:32:35+00:00\",\"dateModified\":\"2021-03-02T17:17:38+00:00\",\"breadcrumb\":{\"@id\":\"https:\/\/banionis.lt\/index.php\/neatmenu-tavo-veido\/#breadcrumb\"},\"inLanguage\":\"en-US\",\"potentialAction\":[{\"@type\":\"ReadAction\",\"target\":[\"https:\/\/banionis.lt\/index.php\/neatmenu-tavo-veido\/\"]}]},{\"@type\":\"BreadcrumbList\",\"@id\":\"https:\/\/banionis.lt\/index.php\/neatmenu-tavo-veido\/#breadcrumb\",\"itemListElement\":[{\"@type\":\"ListItem\",\"position\":1,\"item\":{\"@type\":\"WebPage\",\"@id\":\"http:\/\/banionis.lt\/\",\"url\":\"http:\/\/banionis.lt\/\",\"name\":\"Home\"}},{\"@type\":\"ListItem\",\"position\":2,\"item\":{\"@type\":\"WebPage\",\"@id\":\"https:\/\/banionis.lt\/index.php\/neatmenu-tavo-veido\/\",\"url\":\"https:\/\/banionis.lt\/index.php\/neatmenu-tavo-veido\/\",\"name\":\"\\u201eNeatmenu tavo veido\\u201c\"}}]}]}<\/script>\n<!-- \/ Yoast SEO plugin. -->","_links":{"self":[{"href":"https:\/\/banionis.lt\/index.php\/wp-json\/wp\/v2\/pages\/1145"}],"collection":[{"href":"https:\/\/banionis.lt\/index.php\/wp-json\/wp\/v2\/pages"}],"about":[{"href":"https:\/\/banionis.lt\/index.php\/wp-json\/wp\/v2\/types\/page"}],"author":[{"embeddable":true,"href":"https:\/\/banionis.lt\/index.php\/wp-json\/wp\/v2\/users\/1"}],"replies":[{"embeddable":true,"href":"https:\/\/banionis.lt\/index.php\/wp-json\/wp\/v2\/comments?post=1145"}],"version-history":[{"count":13,"href":"https:\/\/banionis.lt\/index.php\/wp-json\/wp\/v2\/pages\/1145\/revisions"}],"predecessor-version":[{"id":2272,"href":"https:\/\/banionis.lt\/index.php\/wp-json\/wp\/v2\/pages\/1145\/revisions\/2272"}],"wp:attachment":[{"href":"https:\/\/banionis.lt\/index.php\/wp-json\/wp\/v2\/media?parent=1145"}],"curies":[{"name":"wp","href":"https:\/\/api.w.org\/{rel}","templated":true}]}}