{"id":210,"date":"2021-02-14T16:17:08","date_gmt":"2021-02-14T16:17:08","guid":{"rendered":"http:\/\/banionis.lt\/?page_id=210"},"modified":"2021-03-03T16:16:00","modified_gmt":"2021-03-03T16:16:00","slug":"biography","status":"publish","type":"page","link":"http:\/\/banionis.lt\/index.php\/language\/en\/biography\/","title":{"rendered":"Biography"},"content":{"rendered":"\t\t<div data-elementor-type=\"wp-page\" data-elementor-id=\"210\" class=\"elementor elementor-210\" data-elementor-settings=\"[]\">\n\t\t\t\t\t\t\t<div class=\"elementor-section-wrap\">\n\t\t\t\t\t\t\t<section class=\"elementor-section elementor-top-section elementor-element elementor-element-17137ee elementor-section-boxed elementor-section-height-default elementor-section-height-default\" data-id=\"17137ee\" data-element_type=\"section\">\n\t\t\t\t\t\t<div class=\"elementor-container elementor-column-gap-default\">\n\t\t\t\t\t<div class=\"elementor-column elementor-col-100 elementor-top-column elementor-element elementor-element-2d54315\" data-id=\"2d54315\" data-element_type=\"column\">\n\t\t\t<div class=\"elementor-widget-wrap elementor-element-populated\">\n\t\t\t\t\t\t\t\t<div class=\"elementor-element elementor-element-4f08c0e elementor-widget elementor-widget-spacer\" data-id=\"4f08c0e\" data-element_type=\"widget\" data-widget_type=\"spacer.default\">\n\t\t\t\t<div class=\"elementor-widget-container\">\n\t\t\t\t\t<div class=\"elementor-spacer\">\n\t\t\t<div class=\"elementor-spacer-inner\"><\/div>\n\t\t<\/div>\n\t\t\t\t<\/div>\n\t\t\t\t<\/div>\n\t\t\t\t\t<\/div>\n\t\t<\/div>\n\t\t\t\t\t\t\t<\/div>\n\t\t<\/section>\n\t\t\t\t<section class=\"elementor-section elementor-top-section elementor-element elementor-element-e9cc3bb elementor-section-boxed elementor-section-height-default elementor-section-height-default elementor-invisible\" data-id=\"e9cc3bb\" data-element_type=\"section\" data-settings=\"{&quot;animation&quot;:&quot;slideInDown&quot;}\">\n\t\t\t\t\t\t<div class=\"elementor-container elementor-column-gap-default\">\n\t\t\t\t\t<div class=\"elementor-column elementor-col-100 elementor-top-column elementor-element elementor-element-52c128c\" data-id=\"52c128c\" data-element_type=\"column\">\n\t\t\t<div class=\"elementor-widget-wrap elementor-element-populated\">\n\t\t\t\t\t\t\t\t<div class=\"elementor-element elementor-element-2a89832 elementor-invisible elementor-widget elementor-widget-heading\" data-id=\"2a89832\" data-element_type=\"widget\" data-settings=\"{&quot;_animation&quot;:&quot;slideInDown&quot;}\" data-widget_type=\"heading.default\">\n\t\t\t\t<div class=\"elementor-widget-container\">\n\t\t\t<h1 class=\"elementor-heading-title elementor-size-default\">Biography<\/h1>\t\t<\/div>\n\t\t\t\t<\/div>\n\t\t\t\t<div class=\"elementor-element elementor-element-982157c elementor-widget elementor-widget-spacer\" data-id=\"982157c\" data-element_type=\"widget\" data-widget_type=\"spacer.default\">\n\t\t\t\t<div class=\"elementor-widget-container\">\n\t\t\t\t\t<div class=\"elementor-spacer\">\n\t\t\t<div class=\"elementor-spacer-inner\"><\/div>\n\t\t<\/div>\n\t\t\t\t<\/div>\n\t\t\t\t<\/div>\n\t\t\t\t\t<\/div>\n\t\t<\/div>\n\t\t\t\t\t\t\t<\/div>\n\t\t<\/section>\n\t\t\t\t<section class=\"elementor-section elementor-top-section elementor-element elementor-element-8a6c258 elementor-section-boxed elementor-section-height-default elementor-section-height-default elementor-invisible\" data-id=\"8a6c258\" data-element_type=\"section\" data-settings=\"{&quot;animation&quot;:&quot;fadeIn&quot;}\">\n\t\t\t\t\t\t<div class=\"elementor-container elementor-column-gap-default\">\n\t\t\t\t\t<div class=\"elementor-column elementor-col-100 elementor-top-column elementor-element elementor-element-5a5b9e0\" data-id=\"5a5b9e0\" data-element_type=\"column\">\n\t\t\t<div class=\"elementor-widget-wrap elementor-element-populated\">\n\t\t\t\t\t\t\t\t<div class=\"elementor-element elementor-element-bf7f02d elementor-widget elementor-widget-text-editor\" data-id=\"bf7f02d\" data-element_type=\"widget\" data-widget_type=\"text-editor.default\">\n\t\t\t\t<div class=\"elementor-widget-container\">\n\t\t\t\t\t\t\t\t<p>Raimundas Banionis was born in 1957 in Panev\u0117\u017eys, in the family of the legendary drama theater director Juozas Miltinis, actors Donatas Banionis and Ona Banionien\u0117. He first appeared on the scene at the age of three &#8211; playing an episodic role in W. Shakespeare&#8217;s Macbeth (dir. J. Miltinis). He has repeatedly performed in various children&#8217;s performances and participated in mass stages. The biggest role in the theater was Uncle Madansalis in J. Anouilh&#8217;s play The Passenger Without Luggage (dir. J. Miltinis, 1968). While in high school, he played key roles in the films The Fifth Brave (Belarusfilm, dir. G. Martyniuk, 1970), The Fifteenth Spring, Gorky, (directed by I. Tumanjan, 1972), and episodic roles in the films Rudabelka Republic (Belarusfilm, 1971), Soliaris (Mosfilm, dir. A. Tarkovsky, 1972).<\/p>\t\t\t\t\t\t<\/div>\n\t\t\t\t<\/div>\n\t\t\t\t<section class=\"elementor-section elementor-inner-section elementor-element elementor-element-fc6a995 elementor-section-boxed elementor-section-height-default elementor-section-height-default\" data-id=\"fc6a995\" data-element_type=\"section\">\n\t\t\t\t\t\t<div class=\"elementor-container elementor-column-gap-default\">\n\t\t\t\t\t<div class=\"elementor-column elementor-col-50 elementor-inner-column elementor-element elementor-element-1356860\" data-id=\"1356860\" data-element_type=\"column\">\n\t\t\t<div class=\"elementor-widget-wrap elementor-element-populated\">\n\t\t\t\t\t\t\t\t<div class=\"elementor-element elementor-element-1707e01 elementor-position-top elementor-vertical-align-top elementor-widget elementor-widget-image-box\" data-id=\"1707e01\" data-element_type=\"widget\" data-widget_type=\"image-box.default\">\n\t\t\t\t<div class=\"elementor-widget-container\">\n\t\t\t<div class=\"elementor-image-box-wrapper\"><figure class=\"elementor-image-box-img\"><img width=\"422\" height=\"640\" src=\"http:\/\/banionis.lt\/wp-content\/uploads\/2021\/03\/Makbetas-1960-rotated.jpeg\" class=\"attachment-medium_large size-medium_large\" alt=\"Makbetas 1960\" loading=\"lazy\" srcset=\"http:\/\/banionis.lt\/wp-content\/uploads\/2021\/03\/Makbetas-1960-rotated.jpeg 422w, http:\/\/banionis.lt\/wp-content\/uploads\/2021\/03\/Makbetas-1960-198x300.jpeg 198w\" sizes=\"(max-width: 422px) 100vw, 422px\" \/><\/figure><div class=\"elementor-image-box-content\"><p class=\"elementor-image-box-description\">Macbeth  1960<\/p><\/div><\/div>\t\t<\/div>\n\t\t\t\t<\/div>\n\t\t\t\t\t<\/div>\n\t\t<\/div>\n\t\t\t\t<div class=\"elementor-column elementor-col-50 elementor-inner-column elementor-element elementor-element-34efd1b\" data-id=\"34efd1b\" data-element_type=\"column\">\n\t\t\t<div class=\"elementor-widget-wrap elementor-element-populated\">\n\t\t\t\t\t\t\t\t<div class=\"elementor-element elementor-element-d02fe7f elementor-position-top elementor-vertical-align-top elementor-widget elementor-widget-image-box\" data-id=\"d02fe7f\" data-element_type=\"widget\" data-widget_type=\"image-box.default\">\n\t\t\t\t<div class=\"elementor-widget-container\">\n\t\t\t<div class=\"elementor-image-box-wrapper\"><figure class=\"elementor-image-box-img\"><img width=\"640\" height=\"410\" src=\"http:\/\/banionis.lt\/wp-content\/uploads\/2021\/03\/Penkioliktas-pavasaris.jpeg\" class=\"attachment-large size-large\" alt=\"Penkioliktas pavasaris 1972\" loading=\"lazy\" srcset=\"http:\/\/banionis.lt\/wp-content\/uploads\/2021\/03\/Penkioliktas-pavasaris.jpeg 640w, http:\/\/banionis.lt\/wp-content\/uploads\/2021\/03\/Penkioliktas-pavasaris-300x192.jpeg 300w\" sizes=\"(max-width: 640px) 100vw, 640px\" \/><\/figure><div class=\"elementor-image-box-content\"><p class=\"elementor-image-box-description\">The Fifteenth Spring 1972<\/p><\/div><\/div>\t\t<\/div>\n\t\t\t\t<\/div>\n\t\t\t\t\t<\/div>\n\t\t<\/div>\n\t\t\t\t\t\t\t<\/div>\n\t\t<\/section>\n\t\t\t\t\t<\/div>\n\t\t<\/div>\n\t\t\t\t\t\t\t<\/div>\n\t\t<\/section>\n\t\t\t\t<section class=\"elementor-section elementor-top-section elementor-element elementor-element-231a4e4 elementor-section-boxed elementor-section-height-default elementor-section-height-default elementor-invisible\" data-id=\"231a4e4\" data-element_type=\"section\" data-settings=\"{&quot;animation&quot;:&quot;fadeIn&quot;}\">\n\t\t\t\t\t\t<div class=\"elementor-container elementor-column-gap-default\">\n\t\t\t\t\t<div class=\"elementor-column elementor-col-100 elementor-top-column elementor-element elementor-element-a3f2f12\" data-id=\"a3f2f12\" data-element_type=\"column\">\n\t\t\t<div class=\"elementor-widget-wrap elementor-element-populated\">\n\t\t\t\t\t\t\t\t<div class=\"elementor-element elementor-element-c593d88 elementor-widget elementor-widget-text-editor\" data-id=\"c593d88\" data-element_type=\"widget\" data-widget_type=\"text-editor.default\">\n\t\t\t\t<div class=\"elementor-widget-container\">\n\t\t\t\t\t\t\t\t<p>In 1980, he graduated from the Union State Institute of Cinematography in Moscow (VGIK). The course leaders are Lev Kulidjanov and Tatiana Lioznova. For his 30 minute long diploma feature film &#8220;Speed &#8211; My God&#8221;, he won the main prize at the HICP festival.<\/p><p>Since 1980 he has worked as a director-stage builder at the Lithuanian Film Studio. Since 1991 he has been working as a director at UAB LITNEK, as well as working in theater, TV and elsewhere under contracts.<\/p>\t\t\t\t\t\t<\/div>\n\t\t\t\t<\/div>\n\t\t\t\t\t<\/div>\n\t\t<\/div>\n\t\t\t\t\t\t\t<\/div>\n\t\t<\/section>\n\t\t\t\t<section class=\"elementor-section elementor-top-section elementor-element elementor-element-77e5989 elementor-section-boxed elementor-section-height-default elementor-section-height-default\" data-id=\"77e5989\" data-element_type=\"section\">\n\t\t\t\t\t\t<div class=\"elementor-container elementor-column-gap-default\">\n\t\t\t\t\t<div class=\"elementor-column elementor-col-33 elementor-top-column elementor-element elementor-element-6490886\" data-id=\"6490886\" data-element_type=\"column\">\n\t\t\t<div class=\"elementor-widget-wrap elementor-element-populated\">\n\t\t\t\t\t\t\t\t<div class=\"elementor-element elementor-element-0f56f68 elementor-position-top elementor-vertical-align-top elementor-widget elementor-widget-image-box\" data-id=\"0f56f68\" data-element_type=\"widget\" data-widget_type=\"image-box.default\">\n\t\t\t\t<div class=\"elementor-widget-container\">\n\t\t\t<div class=\"elementor-image-box-wrapper\"><figure class=\"elementor-image-box-img\"><img width=\"600\" height=\"425\" src=\"http:\/\/banionis.lt\/wp-content\/uploads\/2021\/03\/Penketas-narsuoliu.jpg\" class=\"attachment-medium_large size-medium_large\" alt=\"\" loading=\"lazy\" srcset=\"http:\/\/banionis.lt\/wp-content\/uploads\/2021\/03\/Penketas-narsuoliu.jpg 600w, http:\/\/banionis.lt\/wp-content\/uploads\/2021\/03\/Penketas-narsuoliu-300x213.jpg 300w\" sizes=\"(max-width: 600px) 100vw, 600px\" \/><\/figure><div class=\"elementor-image-box-content\"><p class=\"elementor-image-box-description\">The Fifth Brave   1970<\/p><\/div><\/div>\t\t<\/div>\n\t\t\t\t<\/div>\n\t\t\t\t\t<\/div>\n\t\t<\/div>\n\t\t\t\t<div class=\"elementor-column elementor-col-33 elementor-top-column elementor-element elementor-element-73c2b0c\" data-id=\"73c2b0c\" data-element_type=\"column\">\n\t\t\t<div class=\"elementor-widget-wrap elementor-element-populated\">\n\t\t\t\t\t\t\t\t<div class=\"elementor-element elementor-element-7393de8 elementor-position-top elementor-vertical-align-top elementor-widget elementor-widget-image-box\" data-id=\"7393de8\" data-element_type=\"widget\" data-widget_type=\"image-box.default\">\n\t\t\t\t<div class=\"elementor-widget-container\">\n\t\t\t<div class=\"elementor-image-box-wrapper\"><figure class=\"elementor-image-box-img\"><img width=\"150\" height=\"210\" src=\"http:\/\/banionis.lt\/wp-content\/uploads\/2021\/03\/soliaris-1972.jpg\" class=\"attachment-medium_large size-medium_large\" alt=\"Soliaris 1972\" loading=\"lazy\" \/><\/figure><div class=\"elementor-image-box-content\"><p class=\"elementor-image-box-description\">Soliaris 1972<\/p><\/div><\/div>\t\t<\/div>\n\t\t\t\t<\/div>\n\t\t\t\t\t<\/div>\n\t\t<\/div>\n\t\t\t\t<div class=\"elementor-column elementor-col-33 elementor-top-column elementor-element elementor-element-b071cb4\" data-id=\"b071cb4\" data-element_type=\"column\">\n\t\t\t<div class=\"elementor-widget-wrap elementor-element-populated\">\n\t\t\t\t\t\t\t\t<div class=\"elementor-element elementor-element-0515d10 elementor-position-top elementor-vertical-align-top elementor-widget elementor-widget-image-box\" data-id=\"0515d10\" data-element_type=\"widget\" data-widget_type=\"image-box.default\">\n\t\t\t\t<div class=\"elementor-widget-container\">\n\t\t\t<div class=\"elementor-image-box-wrapper\"><figure class=\"elementor-image-box-img\"><img width=\"407\" height=\"640\" src=\"http:\/\/banionis.lt\/wp-content\/uploads\/2021\/03\/Keleivis-be-bagaz\u030co.jpeg\" class=\"attachment-medium_large size-medium_large\" alt=\"\" loading=\"lazy\" srcset=\"http:\/\/banionis.lt\/wp-content\/uploads\/2021\/03\/Keleivis-be-bagaz\u030co.jpeg 407w, http:\/\/banionis.lt\/wp-content\/uploads\/2021\/03\/Keleivis-be-bagaz\u030co-191x300.jpeg 191w\" sizes=\"(max-width: 407px) 100vw, 407px\" \/><\/figure><div class=\"elementor-image-box-content\"><p class=\"elementor-image-box-description\">The Passenger Without Luggage  1968<\/p><\/div><\/div>\t\t<\/div>\n\t\t\t\t<\/div>\n\t\t\t\t\t<\/div>\n\t\t<\/div>\n\t\t\t\t\t\t\t<\/div>\n\t\t<\/section>\n\t\t\t\t<section class=\"elementor-section elementor-top-section elementor-element elementor-element-6bb168f elementor-section-boxed elementor-section-height-default elementor-section-height-default\" data-id=\"6bb168f\" data-element_type=\"section\">\n\t\t\t\t\t\t<div class=\"elementor-container elementor-column-gap-default\">\n\t\t\t\t\t<div class=\"elementor-column elementor-col-100 elementor-top-column elementor-element elementor-element-637a176\" data-id=\"637a176\" data-element_type=\"column\">\n\t\t\t<div class=\"elementor-widget-wrap elementor-element-populated\">\n\t\t\t\t\t\t\t\t<div class=\"elementor-element elementor-element-3760e87 elementor-widget elementor-widget-spacer\" data-id=\"3760e87\" data-element_type=\"widget\" data-widget_type=\"spacer.default\">\n\t\t\t\t<div class=\"elementor-widget-container\">\n\t\t\t\t\t<div class=\"elementor-spacer\">\n\t\t\t<div class=\"elementor-spacer-inner\"><\/div>\n\t\t<\/div>\n\t\t\t\t<\/div>\n\t\t\t\t<\/div>\n\t\t\t\t\t<\/div>\n\t\t<\/div>\n\t\t\t\t\t\t\t<\/div>\n\t\t<\/section>\n\t\t\t\t\t\t<\/div>\n\t\t\t\t\t<\/div>\n\t\t","protected":false},"excerpt":{"rendered":"<p>Biography Raimundas Banionis was born in 1957 in Panev\u0117\u017eys, in the family of the legendary drama theater director Juozas Miltinis, actors Donatas Banionis and Ona Banionien\u0117. He first appeared on the scene at the age of three &#8211; playing an episodic role in W. Shakespeare&#8217;s Macbeth (dir. J. Miltinis). He has repeatedly performed in various &hellip;<\/p>\n<p class=\"read-more\"> <a class=\"\" href=\"http:\/\/banionis.lt\/index.php\/language\/en\/biography\/\"> <span class=\"screen-reader-text\">Biography<\/span> Read More &raquo;<\/a><\/p>\n","protected":false},"author":1,"featured_media":0,"parent":0,"menu_order":0,"comment_status":"closed","ping_status":"closed","template":"elementor_header_footer","meta":[],"yoast_head":"<!-- This site is optimized with the Yoast SEO plugin v15.9 - https:\/\/yoast.com\/wordpress\/plugins\/seo\/ -->\n<title>Biography | Raimundas Banionis<\/title>\n<meta name=\"robots\" content=\"index, follow, max-snippet:-1, max-image-preview:large, max-video-preview:-1\" \/>\n<link rel=\"canonical\" href=\"https:\/\/banionis.lt\/index.php\/language\/en\/biography\/\" \/>\n<meta property=\"og:locale\" content=\"en_US\" \/>\n<meta property=\"og:type\" content=\"article\" \/>\n<meta property=\"og:title\" content=\"Biography | Raimundas Banionis\" \/>\n<meta property=\"og:description\" content=\"Biography Raimundas Banionis was born in 1957 in Panev\u0117\u017eys, in the family of the legendary drama theater director Juozas Miltinis, actors Donatas Banionis and Ona Banionien\u0117. He first appeared on the scene at the age of three &#8211; playing an episodic role in W. Shakespeare&#8217;s Macbeth (dir. J. Miltinis). He has repeatedly performed in various &hellip; Biography Read More &raquo;\" \/>\n<meta property=\"og:url\" content=\"https:\/\/banionis.lt\/index.php\/language\/en\/biography\/\" \/>\n<meta property=\"og:site_name\" content=\"Raimundas Banionis\" \/>\n<meta property=\"article:modified_time\" content=\"2021-03-03T16:16:00+00:00\" \/>\n<meta property=\"og:image\" content=\"http:\/\/banionis.lt\/wp-content\/uploads\/2021\/03\/Makbetas-1960-rotated.jpeg\" \/>\n<meta name=\"twitter:card\" content=\"summary_large_image\" \/>\n<script type=\"application\/ld+json\" class=\"yoast-schema-graph\">{\"@context\":\"https:\/\/schema.org\",\"@graph\":[{\"@type\":\"WebSite\",\"@id\":\"https:\/\/banionis.lt\/index.php\/language\/en\/#website\",\"url\":\"https:\/\/banionis.lt\/index.php\/language\/en\/\",\"name\":\"Raimundas Banionis\",\"description\":\"\",\"potentialAction\":[{\"@type\":\"SearchAction\",\"target\":\"https:\/\/banionis.lt\/index.php\/language\/en\/?s={search_term_string}\",\"query-input\":\"required name=search_term_string\"}],\"inLanguage\":\"en-US\"},{\"@type\":\"ImageObject\",\"@id\":\"https:\/\/banionis.lt\/index.php\/language\/en\/biography\/#primaryimage\",\"inLanguage\":\"en-US\",\"url\":\"http:\/\/banionis.lt\/wp-content\/uploads\/2021\/03\/Makbetas-1960-rotated.jpeg\",\"width\":422,\"height\":640,\"caption\":\"Makbetas 1960\"},{\"@type\":\"WebPage\",\"@id\":\"https:\/\/banionis.lt\/index.php\/language\/en\/biography\/#webpage\",\"url\":\"https:\/\/banionis.lt\/index.php\/language\/en\/biography\/\",\"name\":\"Biography | Raimundas Banionis\",\"isPartOf\":{\"@id\":\"https:\/\/banionis.lt\/index.php\/language\/en\/#website\"},\"primaryImageOfPage\":{\"@id\":\"https:\/\/banionis.lt\/index.php\/language\/en\/biography\/#primaryimage\"},\"datePublished\":\"2021-02-14T16:17:08+00:00\",\"dateModified\":\"2021-03-03T16:16:00+00:00\",\"breadcrumb\":{\"@id\":\"https:\/\/banionis.lt\/index.php\/language\/en\/biography\/#breadcrumb\"},\"inLanguage\":\"en-US\",\"potentialAction\":[{\"@type\":\"ReadAction\",\"target\":[\"https:\/\/banionis.lt\/index.php\/language\/en\/biography\/\"]}]},{\"@type\":\"BreadcrumbList\",\"@id\":\"https:\/\/banionis.lt\/index.php\/language\/en\/biography\/#breadcrumb\",\"itemListElement\":[{\"@type\":\"ListItem\",\"position\":1,\"item\":{\"@type\":\"WebPage\",\"@id\":\"https:\/\/banionis.lt\/\",\"url\":\"https:\/\/banionis.lt\/\",\"name\":\"Home\"}},{\"@type\":\"ListItem\",\"position\":2,\"item\":{\"@type\":\"WebPage\",\"@id\":\"https:\/\/banionis.lt\/index.php\/language\/en\/biography\/\",\"url\":\"https:\/\/banionis.lt\/index.php\/language\/en\/biography\/\",\"name\":\"Biography\"}}]}]}<\/script>\n<!-- \/ Yoast SEO plugin. -->","_links":{"self":[{"href":"http:\/\/banionis.lt\/index.php\/wp-json\/wp\/v2\/pages\/210"}],"collection":[{"href":"http:\/\/banionis.lt\/index.php\/wp-json\/wp\/v2\/pages"}],"about":[{"href":"http:\/\/banionis.lt\/index.php\/wp-json\/wp\/v2\/types\/page"}],"author":[{"embeddable":true,"href":"http:\/\/banionis.lt\/index.php\/wp-json\/wp\/v2\/users\/1"}],"replies":[{"embeddable":true,"href":"http:\/\/banionis.lt\/index.php\/wp-json\/wp\/v2\/comments?post=210"}],"version-history":[{"count":34,"href":"http:\/\/banionis.lt\/index.php\/wp-json\/wp\/v2\/pages\/210\/revisions"}],"predecessor-version":[{"id":2731,"href":"http:\/\/banionis.lt\/index.php\/wp-json\/wp\/v2\/pages\/210\/revisions\/2731"}],"wp:attachment":[{"href":"http:\/\/banionis.lt\/index.php\/wp-json\/wp\/v2\/media?parent=210"}],"curies":[{"name":"wp","href":"https:\/\/api.w.org\/{rel}","templated":true}]}}